{"id":104,"date":"2023-03-17T11:09:16","date_gmt":"2023-03-17T11:09:16","guid":{"rendered":"https:\/\/datico.com\/?page_id=104"},"modified":"2026-04-06T05:40:45","modified_gmt":"2026-04-06T05:40:45","slug":"live-control","status":"publish","type":"page","link":"https:\/\/datico.com\/de\/plattform\/live-control\/","title":{"rendered":"LIVE CONTROL"},"content":{"rendered":"\t\t<div data-elementor-type=\"wp-page\" data-elementor-id=\"104\" class=\"elementor elementor-104\" data-elementor-post-type=\"page\">\n\t\t\t\t<div class=\"elementor-element elementor-element-67be379 e-flex e-con-boxed e-con e-parent\" data-id=\"67be379\" data-element_type=\"container\" data-e-type=\"container\" data-settings=\"{&quot;background_background&quot;:&quot;classic&quot;}\">\n\t\t\t\t\t<div class=\"e-con-inner\">\n\t\t<div class=\"elementor-element elementor-element-306bf35 e-flex e-con-boxed e-con e-child\" data-id=\"306bf35\" data-element_type=\"container\" data-e-type=\"container\">\n\t\t\t\t\t<div class=\"e-con-inner\">\n\t\t\t\t<div class=\"elementor-element elementor-element-9f2de39 elementor-widget__width-initial elementor-widget elementor-widget-heading\" data-id=\"9f2de39\" data-element_type=\"widget\" data-e-type=\"widget\" data-widget_type=\"heading.default\">\n\t\t\t\t<div class=\"elementor-widget-container\">\n\t\t\t\t\t<h2 class=\"elementor-heading-title elementor-size-default\">Live Control<\/h2>\t\t\t\t<\/div>\n\t\t\t\t<\/div>\n\t\t\t\t<div class=\"elementor-element elementor-element-347b853 elementor-widget__width-initial elementor-widget-laptop__width-initial elementor-widget-tablet_extra__width-initial elementor-widget-tablet__width-initial elementor-widget-mobile_extra__width-initial elementor-widget elementor-widget-text-editor\" data-id=\"347b853\" data-element_type=\"widget\" data-e-type=\"widget\" data-widget_type=\"text-editor.default\">\n\t\t\t\t<div class=\"elementor-widget-container\">\n\t\t\t\t\t\t\t\t\t<p><strong>Multisysteme live steuern und synchronisiert erfassen.<br \/><\/strong>Datico<sup>\u00ae<\/sup> Live Control erm\u00f6glicht die zeitlich synchrone Steuerung und Datenerfassung mehrerer Systeme \u2013 etwa in H\u00f6hen-, Druck- oder Klimakammern \u2013 und sorgt f\u00fcr individuell zuordenbare, hochpr\u00e4zise Datenstreams f\u00fcr jede teilnehmende Person.<\/p>\t\t\t\t\t\t\t\t<\/div>\n\t\t\t\t<\/div>\n\t\t\t\t\t<\/div>\n\t\t\t\t<\/div>\n\t\t\t\t\t<\/div>\n\t\t\t\t<\/div>\n\t\t<div class=\"elementor-element elementor-element-cc7ee2d e-flex e-con-boxed e-con e-parent\" data-id=\"cc7ee2d\" data-element_type=\"container\" data-e-type=\"container\">\n\t\t\t\t\t<div class=\"e-con-inner\">\n\t\t<div class=\"elementor-element elementor-element-b132348 e-flex e-con-boxed e-con e-child\" data-id=\"b132348\" data-element_type=\"container\" data-e-type=\"container\">\n\t\t\t\t\t<div class=\"e-con-inner\">\n\t\t\t\t<div class=\"elementor-element elementor-element-5277165 elementor-widget elementor-widget-text-editor\" data-id=\"5277165\" data-element_type=\"widget\" data-e-type=\"widget\" data-widget_type=\"text-editor.default\">\n\t\t\t\t<div class=\"elementor-widget-container\">\n\t\t\t\t\t\t\t\t\t<p><a href=\"\/\">Home<\/a> | <a href=\"https:\/\/datico.com\/de\/plattform\/\">Plattform<\/a> | <a href=\"https:\/\/datico.com\/de\/plattform\/technologie\/\">Technologie <\/a>| Live Control<\/p>\t\t\t\t\t\t\t\t<\/div>\n\t\t\t\t<\/div>\n\t\t\t\t\t<\/div>\n\t\t\t\t<\/div>\n\t\t\t\t\t<\/div>\n\t\t\t\t<\/div>\n\t\t<div class=\"elementor-element elementor-element-6c5d2db e-flex e-con-boxed e-con e-parent\" data-id=\"6c5d2db\" data-element_type=\"container\" data-e-type=\"container\" data-settings=\"{&quot;background_background&quot;:&quot;classic&quot;}\">\n\t\t\t\t\t<div class=\"e-con-inner\">\n\t\t<div class=\"elementor-element elementor-element-209271a e-con-full e-flex e-con e-child\" data-id=\"209271a\" data-element_type=\"container\" data-e-type=\"container\">\n\t\t\t\t<div class=\"elementor-element elementor-element-377980f elementor-widget elementor-widget-heading\" data-id=\"377980f\" data-element_type=\"widget\" data-e-type=\"widget\" data-widget_type=\"heading.default\">\n\t\t\t\t<div class=\"elementor-widget-container\">\n\t\t\t\t\t<h2 class=\"elementor-heading-title elementor-size-default\">Systeme steuern. Daten synchronisieren. Komplexit\u00e4t beherrschen.<\/h2>\t\t\t\t<\/div>\n\t\t\t\t<\/div>\n\t\t\t\t<div class=\"elementor-element elementor-element-b000234 elementor-widget elementor-widget-heading\" data-id=\"b000234\" data-element_type=\"widget\" data-e-type=\"widget\" data-widget_type=\"heading.default\">\n\t\t\t\t<div class=\"elementor-widget-container\">\n\t\t\t\t\t<h2 class=\"elementor-heading-title elementor-size-default\">Datico<sup>\u00ae<\/sup>Live Control<\/h2>\t\t\t\t<\/div>\n\t\t\t\t<\/div>\n\t\t<div class=\"elementor-element elementor-element-1ee34d3 e-grid e-con-full e-con e-child\" data-id=\"1ee34d3\" data-element_type=\"container\" data-e-type=\"container\">\n\t\t<div class=\"elementor-element elementor-element-d88866e e-con-full e-flex e-con e-child\" data-id=\"d88866e\" data-element_type=\"container\" data-e-type=\"container\">\n\t\t\t\t<div class=\"elementor-element elementor-element-349101e elementor-widget__width-initial elementor-widget elementor-widget-text-editor\" data-id=\"349101e\" data-element_type=\"widget\" data-e-type=\"widget\" data-widget_type=\"text-editor.default\">\n\t\t\t\t<div class=\"elementor-widget-container\">\n\t\t\t\t\t\t\t\t\t<p>Mit Datico<sup>\u00ae<\/sup> Live Control \u00a0vernetzen Sie mehrere Ger\u00e4te in Echtzeit, steuern komplexe Umgebungen und erfassen alle Daten zeitlich synchronisiert im Datico<sup>\u00ae<\/sup> LIFE HUB.<\/p><p data-start=\"1122\" data-end=\"1337\"><strong data-start=\"1122\" data-end=\"1171\">Echtzeitkontrolle in komplexen Umgebungen.<\/strong><br data-start=\"1171\" data-end=\"1174\" \/>Ob H\u00f6hentraining, Simulationseinsatz oder Diagnostik-Szenarien: Mit Live Control lassen sich mehrere Ger\u00e4te gleichzeitig steuern \u2013 zentral, synchron und effizient.<\/p><p data-start=\"1122\" data-end=\"1337\"><strong data-start=\"1339\" data-end=\"1383\">Synchronisierung auf h\u00f6chstem Niveau.<\/strong><br data-start=\"1383\" data-end=\"1386\" \/>Alle Datenpunkte \u2013 von Sensoren, Ger\u00e4ten oder Steuerungseinheiten \u2013 werden exakt zeitgleich erfasst und korrekt zugeordnet.<\/p><p data-start=\"1511\" data-end=\"1730\"><strong data-start=\"1511\" data-end=\"1561\">Gruppenbetrieb mit individueller Pr\u00e4zision.<\/strong><br data-start=\"1561\" data-end=\"1564\" \/>Auch bei paralleler Nutzung durch mehrere Personen bleibt die Datenerfassung personalisiert \u2013 jeder tr\u00e4gt seine individuellen Sensoren, jeder Datensatz ist eindeutig.<\/p><p data-start=\"1732\" data-end=\"1911\"><strong data-start=\"1732\" data-end=\"1778\">Offene Architektur f\u00fcr flexible Setups.<\/strong><br data-start=\"1778\" data-end=\"1781\" \/>Live Control l\u00e4sst sich modular in bestehende Infrastrukturen integrieren \u2013 \u00fcber Standardschnittstellen und steuerbare Protokolle.<\/p>\t\t\t\t\t\t\t\t<\/div>\n\t\t\t\t<\/div>\n\t\t\t\t<\/div>\n\t\t<div class=\"elementor-element elementor-element-081ca5c e-con-full e-flex e-con e-child\" data-id=\"081ca5c\" data-element_type=\"container\" data-e-type=\"container\">\n\t\t\t\t<div class=\"elementor-element elementor-element-8ca9496 elementor-widget__width-initial elementor-widget elementor-widget-text-editor\" data-id=\"8ca9496\" data-element_type=\"widget\" data-e-type=\"widget\" data-widget_type=\"text-editor.default\">\n\t\t\t\t<div class=\"elementor-widget-container\">\n\t\t\t\t\t\t\t\t\t<p data-start=\"426\" data-end=\"556\"><strong data-start=\"426\" data-end=\"465\">\ud83d\udd79\ufe0f Live-Steuerung mehrerer Systeme<\/strong><br data-start=\"465\" data-end=\"468\" \/>Trainings-, Umwelt- oder Diagnostiksysteme zentral steuern \u2013 synchron und automatisiert.<\/p><p data-start=\"558\" data-end=\"677\"><strong data-start=\"558\" data-end=\"604\">\u23f1\ufe0f Zeitlich synchronisierte Datenerfassung<\/strong><br data-start=\"604\" data-end=\"607\" \/>Alle Messdaten werden exakt zeitgleich erfasst und pr\u00e4zise zugeordnet.<\/p><p data-start=\"679\" data-end=\"797\"><strong data-start=\"679\" data-end=\"717\">\ud83c\udfd7\ufe0f Unterst\u00fctzung komplexer Setups<\/strong><br data-start=\"717\" data-end=\"720\" \/>Ideal f\u00fcr H\u00f6hen-, Druck- oder Klimakammern mit mehreren Ger\u00e4ten und Personen.<\/p><p data-start=\"799\" data-end=\"925\"><strong data-start=\"799\" data-end=\"846\">\ud83d\udc65 Individuelle Datenspeicherung pro Person<\/strong><br data-start=\"846\" data-end=\"849\" \/>Trotz Gruppenszenarien erh\u00e4lt jede Person eine eigene, exakte Datenhistorie.<\/p><p data-start=\"927\" data-end=\"1059\"><strong data-start=\"927\" data-end=\"975\">\ud83d\udd04 Integration in bestehende Infrastrukturen<\/strong><br data-start=\"975\" data-end=\"978\" \/>Flexibel einsetzbar und an bestehende Systeme anbindbar \u2013 via Standardprotokolle.<\/p>\t\t\t\t\t\t\t\t<\/div>\n\t\t\t\t<\/div>\n\t\t\t\t<\/div>\n\t\t\t\t<\/div>\n\t\t\t\t<\/div>\n\t\t\t\t\t<\/div>\n\t\t\t\t<\/div>\n\t\t\t\t<section class=\"elementor-section elementor-top-section elementor-element elementor-element-5a66854 elementor-section-boxed elementor-section-height-default elementor-section-height-default\" data-id=\"5a66854\" data-element_type=\"section\" data-e-type=\"section\">\n\t\t\t\t\t\t<div class=\"elementor-container elementor-column-gap-default\">\n\t\t\t\t\t<div class=\"elementor-column elementor-col-100 elementor-top-column elementor-element elementor-element-8b4e98a\" data-id=\"8b4e98a\" data-element_type=\"column\" data-e-type=\"column\">\n\t\t\t<div class=\"elementor-widget-wrap elementor-element-populated\">\n\t\t\t\t\t\t<div class=\"elementor-element elementor-element-d5c3b68 elementor-widget elementor-widget-heading\" data-id=\"d5c3b68\" data-element_type=\"widget\" data-e-type=\"widget\" data-widget_type=\"heading.default\">\n\t\t\t\t<div class=\"elementor-widget-container\">\n\t\t\t\t\t<h2 class=\"elementor-heading-title elementor-size-default\">LIVE CONTROL<\/h2>\t\t\t\t<\/div>\n\t\t\t\t<\/div>\n\t\t\t\t<div class=\"elementor-element elementor-element-3e831ea elementor-widget elementor-widget-text-editor\" data-id=\"3e831ea\" data-element_type=\"widget\" data-e-type=\"widget\" data-widget_type=\"text-editor.default\">\n\t\t\t\t<div class=\"elementor-widget-container\">\n\t\t\t\t\t\t\t\t\t<p class=\"elementor-heading-title elementor-size-default\">Zeitsynchrone Darstellung, Aufzeichnung und Steuerung der Systeme unterschiedlicher Hersteller.<\/p>\t\t\t\t\t\t\t\t<\/div>\n\t\t\t\t<\/div>\n\t\t\t\t<div class=\"elementor-element elementor-element-597038f elementor-widget elementor-widget-text-editor\" data-id=\"597038f\" data-element_type=\"widget\" data-e-type=\"widget\" data-widget_type=\"text-editor.default\">\n\t\t\t\t<div class=\"elementor-widget-container\">\n\t\t\t\t\t\t\t\t\t<p>LIVE CONTROL erm\u00f6glicht Ihnen<\/p><ul><li>die\u00a0<b>VERNETZUNG<\/b>\u00a0unterschiedlichster Ger\u00e4te, Systeme und Sensoren\u00a0<\/li><li>die zeitsynchrone\u00a0<strong>LIVE-DARSTELLUNG<\/strong>\u00a0aller gemessenen Parameter auf einer Oberfl\u00e4che<\/li><li>die zeitsynchrone\u00a0<b>SPEICHERUNG<\/b>\u00a0aller gemessenen Parameter und Ergebnisse<\/li><li>die zus\u00e4tzliche\u00a0<b>MANUELLE ERFASSUNG<\/b>\u00a0von Parametern (z.B. subjektives Belastungsempfinden)<\/li><li>die\u00a0<b>LIVE-STEUERUNG\u00a0<\/b>verschiedener Systeme (z.B. Trainingsger\u00e4te, H\u00f6henraum, etc.)<\/li><\/ul><p><br \/>In der t\u00e4glichen Praxis gibt es zahlreiche F\u00e4lle, in denen verschiedene Systeme, Trainingsger\u00e4te und Sensoren gemeinsam eingesetzt werden \u2013 in der Praxis, im Labor oder beim Training. Dabei gibt es oft die Notwendigkeit, die Werte der verschiedenen Systeme zusammen auf einem Bildschirm zu sehen \u2013 zeitsynchronisiert. Und nat\u00fcrlich m\u00f6chte man diese Werte auch dokumentieren, sprich: zeitsynchronisiert aufzeichnen, speichern und auswerten \u2013 ohne zeitaufw\u00e4ndige Arbeitsroutinen.<\/p><p>Und in einigen Anwendungsf\u00e4llen ist es sinnvoll, verschiedene Ger\u00e4te aus LIVE CONTROL heraus zu steuern \u2013 weil diese Steuerung der Belastung erst mit der in LIVE CONTROL entstehenden Gesamtsicht m\u00f6glich wird.\u00a0\u00a0<\/p>\t\t\t\t\t\t\t\t<\/div>\n\t\t\t\t<\/div>\n\t\t\t\t\t<\/div>\n\t\t<\/div>\n\t\t\t\t\t<\/div>\n\t\t<\/section>\n\t\t\t\t<section class=\"elementor-section elementor-top-section elementor-element elementor-element-9b1fb89 elementor-section-boxed elementor-section-height-default elementor-section-height-default\" data-id=\"9b1fb89\" data-element_type=\"section\" data-e-type=\"section\">\n\t\t\t\t\t\t<div class=\"elementor-container elementor-column-gap-default\">\n\t\t\t\t\t<div class=\"elementor-column elementor-col-100 elementor-top-column elementor-element elementor-element-df3baa2\" data-id=\"df3baa2\" data-element_type=\"column\" data-e-type=\"column\">\n\t\t\t<div class=\"elementor-widget-wrap elementor-element-populated\">\n\t\t\t\t\t\t<div class=\"elementor-element elementor-element-7720f00 elementor-widget elementor-widget-heading\" data-id=\"7720f00\" data-element_type=\"widget\" data-e-type=\"widget\" data-widget_type=\"heading.default\">\n\t\t\t\t<div class=\"elementor-widget-container\">\n\t\t\t\t\t<h2 class=\"elementor-heading-title elementor-size-default\">Praxisbeispiel H\u00f6hentraining:<\/h2>\t\t\t\t<\/div>\n\t\t\t\t<\/div>\n\t\t\t\t\t<\/div>\n\t\t<\/div>\n\t\t\t\t\t<\/div>\n\t\t<\/section>\n\t\t\t\t<section class=\"elementor-section elementor-top-section elementor-element elementor-element-b8e866a elementor-section-boxed elementor-section-height-default elementor-section-height-default\" data-id=\"b8e866a\" data-element_type=\"section\" data-e-type=\"section\">\n\t\t\t\t\t\t<div class=\"elementor-container elementor-column-gap-default\">\n\t\t\t\t\t<div class=\"elementor-column elementor-col-100 elementor-top-column elementor-element elementor-element-0242419\" data-id=\"0242419\" data-element_type=\"column\" data-e-type=\"column\">\n\t\t\t<div class=\"elementor-widget-wrap elementor-element-populated\">\n\t\t\t\t\t\t<div class=\"elementor-element elementor-element-16682e6 elementor-widget elementor-widget-image\" data-id=\"16682e6\" data-element_type=\"widget\" data-e-type=\"widget\" data-widget_type=\"image.default\">\n\t\t\t\t<div class=\"elementor-widget-container\">\n\t\t\t\t\t\t\t\t\t\t\t\t\t\t\t<img fetchpriority=\"high\" decoding=\"async\" width=\"1024\" height=\"495\" src=\"https:\/\/datico.com\/wp-content\/uploads\/2023\/03\/screenshot-live-control-1200x580-1-1024x495.png\" class=\"attachment-large size-large wp-image-106\" alt=\"\" srcset=\"https:\/\/datico.com\/wp-content\/uploads\/2023\/03\/screenshot-live-control-1200x580-1-1024x495.png 1024w, https:\/\/datico.com\/wp-content\/uploads\/2023\/03\/screenshot-live-control-1200x580-1-300x145.png 300w, https:\/\/datico.com\/wp-content\/uploads\/2023\/03\/screenshot-live-control-1200x580-1-768x371.png 768w, https:\/\/datico.com\/wp-content\/uploads\/2023\/03\/screenshot-live-control-1200x580-1.png 1200w\" sizes=\"(max-width: 1024px) 100vw, 1024px\" \/>\t\t\t\t\t\t\t\t\t\t\t\t\t\t\t<\/div>\n\t\t\t\t<\/div>\n\t\t\t\t\t<\/div>\n\t\t<\/div>\n\t\t\t\t\t<\/div>\n\t\t<\/section>\n\t\t\t\t<section class=\"elementor-section elementor-top-section elementor-element elementor-element-f07138a elementor-section-boxed elementor-section-height-default elementor-section-height-default\" data-id=\"f07138a\" data-element_type=\"section\" data-e-type=\"section\">\n\t\t\t\t\t\t<div class=\"elementor-container elementor-column-gap-default\">\n\t\t\t\t\t<div class=\"elementor-column elementor-col-100 elementor-top-column elementor-element elementor-element-5cb25e0\" data-id=\"5cb25e0\" data-element_type=\"column\" data-e-type=\"column\">\n\t\t\t<div class=\"elementor-widget-wrap elementor-element-populated\">\n\t\t\t\t\t\t<div class=\"elementor-element elementor-element-23425bb elementor-widget elementor-widget-text-editor\" data-id=\"23425bb\" data-element_type=\"widget\" data-e-type=\"widget\" data-widget_type=\"text-editor.default\">\n\t\t\t\t<div class=\"elementor-widget-container\">\n\t\t\t\t\t\t\t\t\t<p><strong>Anwendungsbeispiel LIVE CONTROL<\/strong><br \/>8 Athleten trainieren auf unterschiedlichen Trainingsger\u00e4ten in 2 verschiedenen H\u00f6henkammern. LIVE CONTROL zeichnet die Daten der H\u00f6henkammern, der Laufb\u00e4nder und Ergometer, der Herzfrequenz- &amp; SpO2-Sensoren auf leitet daraus bei Bedarf weitere Parameter ab (in diesem Beispiel die \u201ckalkulierte H\u00f6he\u201d im Raum). Dar\u00fcber hinaus wird das subjektive Belastungsempfinden der Athleten (BORG-Skala) regelm\u00e4\u00dfig abgefragt und zum Abfragezeitpunkt mit erfasst. Alle Parameter werden live angezeigt und zeitsynchronisiert aufgezeichnet. Dar\u00fcber hinaus erm\u00f6glicht LIVE CONTROL die direkte Ansteuerung der H\u00f6henkammer, der Laufb\u00e4nder und der Ergometer vom zentralen Arbeitsplatz.<\/p>\t\t\t\t\t\t\t\t<\/div>\n\t\t\t\t<\/div>\n\t\t\t\t\t<\/div>\n\t\t<\/div>\n\t\t\t\t\t<\/div>\n\t\t<\/section>\n\t\t\t\t<\/div>\n\t\t","protected":false},"excerpt":{"rendered":"<p>Live Control Multisysteme live steuern und synchronisiert erfassen.Datico\u00ae Live Control erm\u00f6glicht die zeitlich synchrone Steuerung und Datenerfassung mehrerer Systeme \u2013 etwa in H\u00f6hen-, Druck- oder Klimakammern \u2013 und sorgt f\u00fcr individuell zuordenbare, hochpr\u00e4zise Datenstreams f\u00fcr jede teilnehmende Person. Home | Plattform | Technologie | Live Control Systeme steuern. Daten synchronisieren. Komplexit\u00e4t beherrschen. Datico\u00aeLive Control Mit&hellip;&nbsp;<a href=\"https:\/\/datico.com\/de\/plattform\/live-control\/\" rel=\"bookmark\">Weiterlesen &raquo;<span class=\"screen-reader-text\">LIVE CONTROL<\/span><\/a><\/p>\n","protected":false},"author":1,"featured_media":0,"parent":3299,"menu_order":5,"comment_status":"closed","ping_status":"closed","template":"page-templates\/template-pagebuilder-full-width.php","meta":{"neve_meta_sidebar":"","neve_meta_container":"","neve_meta_enable_content_width":"","neve_meta_content_width":0,"neve_meta_title_alignment":"","neve_meta_author_avatar":"","neve_post_elements_order":"","neve_meta_disable_header":"","neve_meta_disable_footer":"","neve_meta_disable_title":"","footnotes":""},"wf_page_folders":[77],"class_list":["post-104","page","type-page","status-publish","hentry"],"_links":{"self":[{"href":"https:\/\/datico.com\/de\/wp-json\/wp\/v2\/pages\/104","targetHints":{"allow":["GET"]}}],"collection":[{"href":"https:\/\/datico.com\/de\/wp-json\/wp\/v2\/pages"}],"about":[{"href":"https:\/\/datico.com\/de\/wp-json\/wp\/v2\/types\/page"}],"author":[{"embeddable":true,"href":"https:\/\/datico.com\/de\/wp-json\/wp\/v2\/users\/1"}],"replies":[{"embeddable":true,"href":"https:\/\/datico.com\/de\/wp-json\/wp\/v2\/comments?post=104"}],"version-history":[{"count":10,"href":"https:\/\/datico.com\/de\/wp-json\/wp\/v2\/pages\/104\/revisions"}],"predecessor-version":[{"id":5788,"href":"https:\/\/datico.com\/de\/wp-json\/wp\/v2\/pages\/104\/revisions\/5788"}],"up":[{"embeddable":true,"href":"https:\/\/datico.com\/de\/wp-json\/wp\/v2\/pages\/3299"}],"wp:attachment":[{"href":"https:\/\/datico.com\/de\/wp-json\/wp\/v2\/media?parent=104"}],"wp:term":[{"taxonomy":"wf_page_folders","embeddable":true,"href":"https:\/\/datico.com\/de\/wp-json\/wp\/v2\/wf_page_folders?post=104"}],"curies":[{"name":"wp","href":"https:\/\/api.w.org\/{rel}","templated":true}]}}