{"id":2722,"date":"2024-05-21T11:07:19","date_gmt":"2024-05-21T11:07:19","guid":{"rendered":"https:\/\/datico.com\/?page_id=2722"},"modified":"2024-05-21T11:21:47","modified_gmt":"2024-05-21T11:21:47","slug":"wartung","status":"publish","type":"page","link":"https:\/\/datico.com\/de\/wartung\/","title":{"rendered":"Wartungsarbeiten"},"content":{"rendered":"\t\t<div data-elementor-type=\"wp-page\" data-elementor-id=\"2722\" class=\"elementor elementor-2722\" data-elementor-post-type=\"page\">\n\t\t\t\t<div class=\"elementor-element elementor-element-13df71c e-flex e-con-boxed e-con e-parent\" data-id=\"13df71c\" data-element_type=\"container\" data-e-type=\"container\">\n\t\t\t\t\t<div class=\"e-con-inner\">\n\t\t\t\t<div class=\"elementor-element elementor-element-445cdc0 elementor-widget elementor-widget-spacer\" data-id=\"445cdc0\" data-element_type=\"widget\" data-e-type=\"widget\" data-widget_type=\"spacer.default\">\n\t\t\t\t<div class=\"elementor-widget-container\">\n\t\t\t\t\t\t\t<div class=\"elementor-spacer\">\n\t\t\t<div class=\"elementor-spacer-inner\"><\/div>\n\t\t<\/div>\n\t\t\t\t\t\t<\/div>\n\t\t\t\t<\/div>\n\t\t\t\t<div class=\"elementor-element elementor-element-e630aff elementor-widget elementor-widget-image\" data-id=\"e630aff\" data-element_type=\"widget\" data-e-type=\"widget\" data-widget_type=\"image.default\">\n\t\t\t\t<div class=\"elementor-widget-container\">\n\t\t\t\t\t\t\t\t\t\t\t\t\t\t\t<img fetchpriority=\"high\" decoding=\"async\" width=\"300\" height=\"300\" src=\"https:\/\/datico.com\/wp-content\/uploads\/2024\/05\/datico-500x500-1-300x300.png\" class=\"attachment-medium size-medium wp-image-2727\" alt=\"\" srcset=\"https:\/\/datico.com\/wp-content\/uploads\/2024\/05\/datico-500x500-1-300x300.png 300w, https:\/\/datico.com\/wp-content\/uploads\/2024\/05\/datico-500x500-1-150x150.png 150w, https:\/\/datico.com\/wp-content\/uploads\/2024\/05\/datico-500x500-1.png 500w\" sizes=\"(max-width: 300px) 100vw, 300px\" \/>\t\t\t\t\t\t\t\t\t\t\t\t\t\t\t<\/div>\n\t\t\t\t<\/div>\n\t\t\t\t<div class=\"elementor-element elementor-element-79014a0 elementor-widget elementor-widget-heading\" data-id=\"79014a0\" data-element_type=\"widget\" data-e-type=\"widget\" data-widget_type=\"heading.default\">\n\t\t\t\t<div class=\"elementor-widget-container\">\n\t\t\t\t\t<h2 class=\"elementor-heading-title elementor-size-default\">Wir arbeiten derzeit an der Verbesserung des Datico LIFE HUB. <\/h2>\t\t\t\t<\/div>\n\t\t\t\t<\/div>\n\t\t\t\t<div class=\"elementor-element elementor-element-654f54a elementor-widget elementor-widget-text-editor\" data-id=\"654f54a\" data-element_type=\"widget\" data-e-type=\"widget\" data-widget_type=\"text-editor.default\">\n\t\t\t\t<div class=\"elementor-widget-container\">\n\t\t\t\t\t\t\t\t\t<p>Dadurch sind vor\u00fcbergehend einige Funktionen nicht verf\u00fcgbar.<\/p><p>Unser Team arbeitet mit Hochdruck daran, die Wartungsarbeiten so schnell wie m\u00f6glich abzuschlie\u00dfen.<\/p><p>Wir bitten um Ihr Verst\u00e4ndnis und bedanken uns f\u00fcr Ihre Geduld.<\/p><p>Datico Sport &amp; Health GmbH<br \/>Marktler Stra\u00dfe 61<br \/>84489 Burghausen<\/p><p>Telefon: +49 8677 76794-0<br \/>Telefax: +49 8677 76794-90<br \/>E-Mail: info@datico.com<\/p>\t\t\t\t\t\t\t\t<\/div>\n\t\t\t\t<\/div>\n\t\t\t\t\t<\/div>\n\t\t\t\t<\/div>\n\t\t\t\t<\/div>\n\t\t","protected":false},"excerpt":{"rendered":"<p>Wir arbeiten derzeit an der Verbesserung des Datico LIFE HUB. Dadurch sind vor\u00fcbergehend einige Funktionen nicht verf\u00fcgbar. Unser Team arbeitet mit Hochdruck daran, die Wartungsarbeiten so schnell wie m\u00f6glich abzuschlie\u00dfen. Wir bitten um Ihr Verst\u00e4ndnis und bedanken uns f\u00fcr Ihre Geduld. Datico Sport &amp; Health GmbHMarktler Stra\u00dfe 6184489 Burghausen Telefon: +49 8677 76794-0Telefax: +49 8677&hellip;&nbsp;<a href=\"https:\/\/datico.com\/de\/wartung\/\" rel=\"bookmark\">Weiterlesen &raquo;<span class=\"screen-reader-text\">Wartungsarbeiten<\/span><\/a><\/p>\n","protected":false},"author":1,"featured_media":0,"parent":0,"menu_order":0,"comment_status":"closed","ping_status":"closed","template":"elementor_canvas","meta":{"neve_meta_sidebar":"","neve_meta_container":"","neve_meta_enable_content_width":"","neve_meta_content_width":0,"neve_meta_title_alignment":"","neve_meta_author_avatar":"","neve_post_elements_order":"","neve_meta_disable_header":"","neve_meta_disable_footer":"","neve_meta_disable_title":"","footnotes":""},"wf_page_folders":[],"class_list":["post-2722","page","type-page","status-publish","hentry"],"_links":{"self":[{"href":"https:\/\/datico.com\/de\/wp-json\/wp\/v2\/pages\/2722","targetHints":{"allow":["GET"]}}],"collection":[{"href":"https:\/\/datico.com\/de\/wp-json\/wp\/v2\/pages"}],"about":[{"href":"https:\/\/datico.com\/de\/wp-json\/wp\/v2\/types\/page"}],"author":[{"embeddable":true,"href":"https:\/\/datico.com\/de\/wp-json\/wp\/v2\/users\/1"}],"replies":[{"embeddable":true,"href":"https:\/\/datico.com\/de\/wp-json\/wp\/v2\/comments?post=2722"}],"version-history":[{"count":7,"href":"https:\/\/datico.com\/de\/wp-json\/wp\/v2\/pages\/2722\/revisions"}],"predecessor-version":[{"id":2735,"href":"https:\/\/datico.com\/de\/wp-json\/wp\/v2\/pages\/2722\/revisions\/2735"}],"wp:attachment":[{"href":"https:\/\/datico.com\/de\/wp-json\/wp\/v2\/media?parent=2722"}],"wp:term":[{"taxonomy":"wf_page_folders","embeddable":true,"href":"https:\/\/datico.com\/de\/wp-json\/wp\/v2\/wf_page_folders?post=2722"}],"curies":[{"name":"wp","href":"https:\/\/api.w.org\/{rel}","templated":true}]}}