{"id":3117,"date":"2024-09-24T08:34:16","date_gmt":"2024-09-24T08:34:16","guid":{"rendered":"https:\/\/datico.com\/?page_id=3117"},"modified":"2024-09-24T08:36:25","modified_gmt":"2024-09-24T08:36:25","slug":"datenschutz-linkedin","status":"publish","type":"page","link":"https:\/\/datico.com\/de\/datenschutz-linkedin\/","title":{"rendered":"Datenschutzerkl\u00e4rung LinkedIn"},"content":{"rendered":"\t\t<div data-elementor-type=\"wp-page\" data-elementor-id=\"3117\" class=\"elementor elementor-3117\" data-elementor-post-type=\"page\">\n\t\t\t\t\t\t<section class=\"elementor-section elementor-top-section elementor-element elementor-element-a66aa5d elementor-section-boxed elementor-section-height-default elementor-section-height-default\" data-id=\"a66aa5d\" data-element_type=\"section\" data-e-type=\"section\">\n\t\t\t\t\t\t<div class=\"elementor-container elementor-column-gap-default\">\n\t\t\t\t\t<div class=\"elementor-column elementor-col-100 elementor-top-column elementor-element elementor-element-768bb47\" data-id=\"768bb47\" data-element_type=\"column\" data-e-type=\"column\">\n\t\t\t<div class=\"elementor-widget-wrap elementor-element-populated\">\n\t\t\t\t\t\t<div class=\"elementor-element elementor-element-505da92 elementor-widget elementor-widget-spacer\" data-id=\"505da92\" data-element_type=\"widget\" data-e-type=\"widget\" data-widget_type=\"spacer.default\">\n\t\t\t\t<div class=\"elementor-widget-container\">\n\t\t\t\t\t\t\t<div class=\"elementor-spacer\">\n\t\t\t<div class=\"elementor-spacer-inner\"><\/div>\n\t\t<\/div>\n\t\t\t\t\t\t<\/div>\n\t\t\t\t<\/div>\n\t\t\t\t\t<\/div>\n\t\t<\/div>\n\t\t\t\t\t<\/div>\n\t\t<\/section>\n\t\t\t\t<section class=\"elementor-section elementor-top-section elementor-element elementor-element-3d9c066 elementor-section-boxed elementor-section-height-default elementor-section-height-default\" data-id=\"3d9c066\" data-element_type=\"section\" data-e-type=\"section\">\n\t\t\t\t\t\t<div class=\"elementor-container elementor-column-gap-default\">\n\t\t\t\t\t<div class=\"elementor-column elementor-col-100 elementor-top-column elementor-element elementor-element-154d4d4\" data-id=\"154d4d4\" data-element_type=\"column\" data-e-type=\"column\">\n\t\t\t<div class=\"elementor-widget-wrap elementor-element-populated\">\n\t\t\t\t\t\t<div class=\"elementor-element elementor-element-ae3ea09 elementor-widget elementor-widget-heading\" data-id=\"ae3ea09\" data-element_type=\"widget\" data-e-type=\"widget\" data-widget_type=\"heading.default\">\n\t\t\t\t<div class=\"elementor-widget-container\">\n\t\t\t\t\t<h2 class=\"elementor-heading-title elementor-size-default\">Datenschutzerkl\u00e4rung LinkedIn<\/h2>\t\t\t\t<\/div>\n\t\t\t\t<\/div>\n\t\t\t\t\t<\/div>\n\t\t<\/div>\n\t\t\t\t\t<\/div>\n\t\t<\/section>\n\t\t\t\t<section class=\"elementor-section elementor-top-section elementor-element elementor-element-2b2810e elementor-section-boxed elementor-section-height-default elementor-section-height-default\" data-id=\"2b2810e\" data-element_type=\"section\" data-e-type=\"section\">\n\t\t\t\t\t\t<div class=\"elementor-container elementor-column-gap-default\">\n\t\t\t\t\t<div class=\"elementor-column elementor-col-100 elementor-top-column elementor-element elementor-element-5c033ec\" data-id=\"5c033ec\" data-element_type=\"column\" data-e-type=\"column\">\n\t\t\t<div class=\"elementor-widget-wrap elementor-element-populated\">\n\t\t\t\t\t\t<div class=\"elementor-element elementor-element-49cebc5 elementor-widget elementor-widget-text-editor\" data-id=\"49cebc5\" data-element_type=\"widget\" data-e-type=\"widget\" data-widget_type=\"text-editor.default\">\n\t\t\t\t<div class=\"elementor-widget-container\">\n\t\t\t\t\t\t\t\t\t<p>Dieser LinkedIn Auftritt wird inhaltlich verantwortet von der Datico Sport &amp; Health GmbH, Marktler Str. 61, 84489 Burghausen (nachfolgend \u201eDatico\u201c).\u00a0<\/p><p>Bem Besuch dieser Seite wird von LinkedIn (Verantwortlicher der Datenerhebung auf der Seite selbst) \u00fcber das Setzen von Cookies personenbezogene Nutzerdaten erhoben. Eine solche Datenerhebung durch LinkedIn kann auch bei Besuchern dieser Fanseite erfolgen, die nicht bei LinkedIn eingeloggt oder registriert sind. Informationen \u00fcber die Datenerhebung und weitere Verarbeitungen durch LinkedIn finden Sie in den Datenschutzhinweisen von LinkedIn (<a href=\"https:\/\/de.linkedin.com\/legal\/privacy-policy\" target=\"_blank\" rel=\"noopener\">LinkedIn Datenschutzrichtlinie<\/a>). Dienstanbieter ist LinkedIn Irland Unlimited Company, Wilton Plaza Wilton Place, Dublin 2, Irland.<\/p><p>Welche Nutzerdaten LinkedIn erfasst, kann die Datico nicht abschlie\u00dfend nachvollziehen. Auch hat Datico keinen vollumf\u00e4nglichen Zugriff auf die erfassten Daten oder Ihre Profildaten. Datico kann nur die \u00f6ffentlichen Informationen Ihres Profils sehen. Welche dies konkret sind, entscheiden Sie in Ihren LinkedIn Einstellungen. Dar\u00fcber hinaus haben Sie in Ihren Einstellungen die M\u00f6glichkeit der Seite nicht mehr zu folgen. Dann erscheint Ihr Profil nicht mehr in der Liste der Fans dieser Fanseite.<\/p><p>Datico erh\u00e4lt von LinkedIn anonyme Statistiken zur Verwendung und Nutzung der Fanseite. Hierbei werden folgende Informationen beispielsweise bereitgestellt:<\/p><ul><li>Follower: Anzahl an Personen, die der Datico folgen (inklusive Zuw\u00e4chse und Entwicklung \u00fcber einen definierten Zeitrahmen).<\/li><li>Reichweite: Anzahl an Personen, die einen spezifischen Beitrag sehen. Anzahl der Interaktionen auf einen Beitrag.<\/li><li>Anzeigenperformance: Wie viele Personen haben eine Anzeige gesehen?\u00a0<\/li><li>Demographie: Durchschnittliches Alter der Besucher, Geschlecht, Wohnort, Sprache.<br \/><br \/><\/li><\/ul><p>Diese Statistiken, aus denen wir keinen R\u00fcckschluss auf individuelle Nutzer ziehen k\u00f6nnen, nutzen wir dazu, um unser Online-Angebot auf LinkedIn zu verbessern und auf die Interessen unsere Nutzer besser einzugehen. Wir k\u00f6nnen die statistischen Daten nicht mit den Profildaten unserer Follower verkn\u00fcpfen.<\/p><p>Datico erh\u00e4lt \u00fcber LinkedIn \u00a0personenbezogene Daten, wenn Sie uns diese aktiv \u00fcber eine pers\u00f6nliche Nachricht auf LinkedIn mitteilen. Wir nutzen Ihre Daten (z.B. Vorname, Name) zur Beantwortung Ihres Anliegens und um Ihnen die gew\u00fcnschten Informationen und\/oder Angebote zu unterbreiten.<\/p><p>Rechtsgrundlage der Datenverarbeitung sind die berechtigten Interessen der Firma Datico im Rahmen von Marketingzwecken nach Art. 6 Abs. 1 lit. f DSGVO. Sollten Daten in die USA als Drittstaat \u00fcbermittelt werden, so sind die Standardvertragsklauseln Grundlage hierf\u00fcr (<a href=\"https:\/\/legal.linkedin.com\/dpa\" target=\"_blank\" rel=\"noopener\">https:\/\/legal.linkedin.com\/dpa<\/a>), zum liegt aktuell ein Angemessenheitsbeschluss zwischen der EU und den USA (EU-U.S. Data Privacy Framework) vor. Einen dementsprechenden Auftragsverarbeitungsvertrag k\u00f6nnen Sie ebenso unter <a href=\"https:\/\/legal.linkedin.com\/dpa\" target=\"_blank\" rel=\"noopener\">https:\/\/legal.linkedin.com\/dpa<\/a> einsehen.<\/p><p>Weitere Informationen \u00fcber die Datenverarbeitung personenbezogener Daten durch die Datico sowie zu Ihren Rechten finden Sie in unserer Datenschutzerkl\u00e4rung unter\u00a0<a href=\"https:\/\/datico.com\/de\/datenschutz\/\">Datenschutzerkl\u00e4rung Datico Sport &amp; Health GmbH<\/a>.<\/p>\t\t\t\t\t\t\t\t<\/div>\n\t\t\t\t<\/div>\n\t\t\t\t\t<\/div>\n\t\t<\/div>\n\t\t\t\t\t<\/div>\n\t\t<\/section>\n\t\t\t\t<\/div>\n\t\t","protected":false},"excerpt":{"rendered":"<p>Datenschutzerkl\u00e4rung LinkedIn Dieser LinkedIn Auftritt wird inhaltlich verantwortet von der Datico Sport &amp; Health GmbH, Marktler Str. 61, 84489 Burghausen (nachfolgend \u201eDatico\u201c).\u00a0 Bem Besuch dieser Seite wird von LinkedIn (Verantwortlicher der Datenerhebung auf der Seite selbst) \u00fcber das Setzen von Cookies personenbezogene Nutzerdaten erhoben. Eine solche Datenerhebung durch LinkedIn kann auch bei Besuchern dieser Fanseite&hellip;&nbsp;<a href=\"https:\/\/datico.com\/de\/datenschutz-linkedin\/\" rel=\"bookmark\">Weiterlesen &raquo;<span class=\"screen-reader-text\">Datenschutzerkl\u00e4rung LinkedIn<\/span><\/a><\/p>\n","protected":false},"author":1,"featured_media":0,"parent":0,"menu_order":0,"comment_status":"closed","ping_status":"closed","template":"page-templates\/template-pagebuilder-full-width.php","meta":{"neve_meta_sidebar":"","neve_meta_container":"","neve_meta_enable_content_width":"","neve_meta_content_width":0,"neve_meta_title_alignment":"","neve_meta_author_avatar":"","neve_post_elements_order":"","neve_meta_disable_header":"","neve_meta_disable_footer":"","neve_meta_disable_title":"","footnotes":""},"wf_page_folders":[8],"class_list":["post-3117","page","type-page","status-publish","hentry"],"_links":{"self":[{"href":"https:\/\/datico.com\/de\/wp-json\/wp\/v2\/pages\/3117","targetHints":{"allow":["GET"]}}],"collection":[{"href":"https:\/\/datico.com\/de\/wp-json\/wp\/v2\/pages"}],"about":[{"href":"https:\/\/datico.com\/de\/wp-json\/wp\/v2\/types\/page"}],"author":[{"embeddable":true,"href":"https:\/\/datico.com\/de\/wp-json\/wp\/v2\/users\/1"}],"replies":[{"embeddable":true,"href":"https:\/\/datico.com\/de\/wp-json\/wp\/v2\/comments?post=3117"}],"version-history":[{"count":4,"href":"https:\/\/datico.com\/de\/wp-json\/wp\/v2\/pages\/3117\/revisions"}],"predecessor-version":[{"id":3123,"href":"https:\/\/datico.com\/de\/wp-json\/wp\/v2\/pages\/3117\/revisions\/3123"}],"wp:attachment":[{"href":"https:\/\/datico.com\/de\/wp-json\/wp\/v2\/media?parent=3117"}],"wp:term":[{"taxonomy":"wf_page_folders","embeddable":true,"href":"https:\/\/datico.com\/de\/wp-json\/wp\/v2\/wf_page_folders?post=3117"}],"curies":[{"name":"wp","href":"https:\/\/api.w.org\/{rel}","templated":true}]}}