{"id":3191,"date":"2025-04-22T09:51:14","date_gmt":"2025-04-22T09:51:14","guid":{"rendered":"https:\/\/datico.com\/?page_id=3191"},"modified":"2026-04-07T15:04:34","modified_gmt":"2026-04-07T15:04:34","slug":"life-app","status":"publish","type":"page","link":"https:\/\/datico.com\/de\/plattform\/module\/life-app\/","title":{"rendered":"Datico LIFE APP"},"content":{"rendered":"\t\t<div data-elementor-type=\"wp-page\" data-elementor-id=\"3191\" class=\"elementor elementor-3191\" data-elementor-post-type=\"page\">\n\t\t\t\t<div class=\"elementor-element elementor-element-7cd6c2d e-flex e-con-boxed e-con e-parent\" data-id=\"7cd6c2d\" data-element_type=\"container\" data-e-type=\"container\" data-settings=\"{&quot;background_background&quot;:&quot;classic&quot;}\">\n\t\t\t\t\t<div class=\"e-con-inner\">\n\t\t<div class=\"elementor-element elementor-element-97f8e1c e-flex e-con-boxed e-con e-child\" data-id=\"97f8e1c\" data-element_type=\"container\" data-e-type=\"container\">\n\t\t\t\t\t<div class=\"e-con-inner\">\n\t\t\t\t<div class=\"elementor-element elementor-element-70e2a13 elementor-widget__width-initial elementor-widget elementor-widget-heading\" data-id=\"70e2a13\" data-element_type=\"widget\" data-e-type=\"widget\" data-widget_type=\"heading.default\">\n\t\t\t\t<div class=\"elementor-widget-container\">\n\t\t\t\t\t<h2 class=\"elementor-heading-title elementor-size-default\">Datico<sup>\u00ae<\/sup> LIFE APP<\/h2>\t\t\t\t<\/div>\n\t\t\t\t<\/div>\n\t\t\t\t<div class=\"elementor-element elementor-element-804420c elementor-widget__width-initial elementor-widget-laptop__width-initial elementor-widget-tablet_extra__width-initial elementor-widget-tablet__width-initial elementor-widget-mobile_extra__width-initial elementor-widget elementor-widget-text-editor\" data-id=\"804420c\" data-element_type=\"widget\" data-e-type=\"widget\" data-widget_type=\"text-editor.default\">\n\t\t\t\t<div class=\"elementor-widget-container\">\n\t\t\t\t\t\t\t\t\t<p><strong>Die Schnittstelle zwischen Mensch und Datenplattform.<\/strong><\/p><p>Die Datico<sup>\u00ae<\/sup> LIFE APP ist der direkte Zugang f\u00fcr Patienten, Athleten und Probanden zur strukturierten Datenerfassung, Interaktion und Analyse \u2013 vollst\u00e4ndig integriert in den Datico<sup>\u00ae<\/sup> LIFE HUB.<\/p>\t\t\t\t\t\t\t\t<\/div>\n\t\t\t\t<\/div>\n\t\t\t\t\t<\/div>\n\t\t\t\t<\/div>\n\t\t\t\t\t<\/div>\n\t\t\t\t<\/div>\n\t\t<div class=\"elementor-element elementor-element-01cef8c e-flex e-con-boxed e-con e-parent\" data-id=\"01cef8c\" data-element_type=\"container\" data-e-type=\"container\">\n\t\t\t\t\t<div class=\"e-con-inner\">\n\t\t<div class=\"elementor-element elementor-element-4c177a4 e-flex e-con-boxed e-con e-child\" data-id=\"4c177a4\" data-element_type=\"container\" data-e-type=\"container\">\n\t\t\t\t\t<div class=\"e-con-inner\">\n\t\t\t\t<div class=\"elementor-element elementor-element-1471bab elementor-widget elementor-widget-text-editor\" data-id=\"1471bab\" data-element_type=\"widget\" data-e-type=\"widget\" data-widget_type=\"text-editor.default\">\n\t\t\t\t<div class=\"elementor-widget-container\">\n\t\t\t\t\t\t\t\t\t<p><a href=\"\/\">Home<\/a> | <a href=\"https:\/\/datico.com\/de\/plattform\/\">Plattform<\/a> | <a href=\"https:\/\/datico.com\/de\/plattform\/module\/\">Module<\/a> | Datico<sup>\u00ae <\/sup>LIFE APP<\/p>\t\t\t\t\t\t\t\t<\/div>\n\t\t\t\t<\/div>\n\t\t\t\t\t<\/div>\n\t\t\t\t<\/div>\n\t\t\t\t\t<\/div>\n\t\t\t\t<\/div>\n\t\t<div class=\"elementor-element elementor-element-40417d9 e-grid e-con-boxed e-con e-parent\" data-id=\"40417d9\" data-element_type=\"container\" data-e-type=\"container\" data-settings=\"{&quot;background_background&quot;:&quot;classic&quot;}\">\n\t\t\t\t\t<div class=\"e-con-inner\">\n\t\t\t\t<div class=\"elementor-element elementor-element-077d986 elementor-widget elementor-widget-text-editor\" data-id=\"077d986\" data-element_type=\"widget\" data-e-type=\"widget\" data-widget_type=\"text-editor.default\">\n\t\t\t\t<div class=\"elementor-widget-container\">\n\t\t\t\t\t\t\t\t\t<p>Bringen Sie Ihre Daten direkt zum Nutzer \u2013 und zur\u00fcck in Ihr System<\/p>\t\t\t\t\t\t\t\t<\/div>\n\t\t\t\t<\/div>\n\t\t\t\t<div class=\"elementor-element elementor-element-467c9ec elementor-widget elementor-widget-heading\" data-id=\"467c9ec\" data-element_type=\"widget\" data-e-type=\"widget\" data-widget_type=\"heading.default\">\n\t\t\t\t<div class=\"elementor-widget-container\">\n\t\t\t\t\t<h2 class=\"elementor-heading-title elementor-size-default\">Datico<sup>\u00ae<\/sup> LIFE APP<\/h2>\t\t\t\t<\/div>\n\t\t\t\t<\/div>\n\t\t\t\t\t<\/div>\n\t\t\t\t<\/div>\n\t\t<div class=\"elementor-element elementor-element-5ab0020 e-grid e-con-boxed e-con e-parent\" data-id=\"5ab0020\" data-element_type=\"container\" data-e-type=\"container\" data-settings=\"{&quot;background_background&quot;:&quot;classic&quot;}\">\n\t\t\t\t\t<div class=\"e-con-inner\">\n\t\t<div class=\"elementor-element elementor-element-a2bc34d e-con-full e-flex e-con e-child\" data-id=\"a2bc34d\" data-element_type=\"container\" data-e-type=\"container\">\n\t\t\t\t<div class=\"elementor-element elementor-element-7c26074 elementor-widget__width-initial elementor-widget elementor-widget-text-editor\" data-id=\"7c26074\" data-element_type=\"widget\" data-e-type=\"widget\" data-widget_type=\"text-editor.default\">\n\t\t\t\t<div class=\"elementor-widget-container\">\n\t\t\t\t\t\t\t\t\t<h4 data-section-id=\"ycyc6n\" data-start=\"1799\" data-end=\"1843\"><span role=\"text\"><strong data-start=\"1805\" data-end=\"1843\">Wearable- und Sensorintegration<\/strong><\/span><\/h4><p data-start=\"1845\" data-end=\"1908\"><strong data-start=\"1861\" data-end=\"1908\">Alle Wearable- und Sensordaten in einer App<\/strong><\/p><p data-start=\"1910\" data-end=\"2012\">Die Datico<sup>\u00ae<\/sup> LIFE APP erm\u00f6glicht die flexible Integration von Wearable-Daten:<\/p><ul data-start=\"2014\" data-end=\"2217\"><li data-section-id=\"boqxmh\" data-start=\"2014\" data-end=\"2064\">API-basierte Anbindung an verschiedene Wearable-Plattformen wir POLAR, GARMIN etc.<\/li><li data-section-id=\"qrmwmn\" data-start=\"2065\" data-end=\"2120\">Direkte Sensordatenerfassung via Bluetooth und ANT+ in der Datico\u00a0LIFE APP\u00a0<\/li><li data-section-id=\"1tjpdoh\" data-start=\"2121\" data-end=\"2170\">Datenschutzkonforme und herstellerunabh\u00e4ngige Integrationsarchitektur<\/li><li data-section-id=\"1tjpdoh\" data-start=\"2121\" data-end=\"2170\">Synchronisation in Echtzeit oder asynchron<\/li><\/ul><p>Ergebnis:<br \/><strong data-start=\"2234\" data-end=\"2292\">Zentrale, standardisierte Datenbasis ohne Medienbr\u00fcche<\/strong><\/p>\t\t\t\t\t\t\t\t<\/div>\n\t\t\t\t<\/div>\n\t\t\t\t<\/div>\n\t\t<div class=\"elementor-element elementor-element-15aa313 e-con-full e-flex e-con e-child\" data-id=\"15aa313\" data-element_type=\"container\" data-e-type=\"container\">\n\t\t\t\t<div class=\"elementor-element elementor-element-bd25519 elementor-widget__width-initial elementor-widget elementor-widget-text-editor\" data-id=\"bd25519\" data-element_type=\"widget\" data-e-type=\"widget\" data-widget_type=\"text-editor.default\">\n\t\t\t\t<div class=\"elementor-widget-container\">\n\t\t\t\t\t\t\t\t\t<h4 data-section-id=\"1kl5xi5\" data-start=\"2299\" data-end=\"2361\"><span role=\"text\"><strong data-start=\"2305\" data-end=\"2361\">Digitale Frageb\u00f6gen und Interaktion\u00a0<\/strong><\/span><\/h4><p data-start=\"2363\" data-end=\"2429\"><strong data-start=\"2379\" data-end=\"2429\">Strukturierte Datenerhebung direkt am Nutzer<\/strong><\/p><p data-start=\"2431\" data-end=\"2552\">Mit Datico<sup>\u00ae<\/sup> SMART FORMS werden individuelle Frageb\u00f6gen, Assessments und Studienprozesse direkt in der App abgebildet:<\/p><ul data-start=\"2554\" data-end=\"2729\"><li data-section-id=\"1mr8f8n\" data-start=\"2554\" data-end=\"2610\">Individuelle Formulare (ePRO, Anamnese, Assessments)<\/li><li data-section-id=\"1691x7a\" data-start=\"2611\" data-end=\"2640\">Push-basierte Interaktion<\/li><li data-section-id=\"ldwvij\" data-start=\"2641\" data-end=\"2689\">Zeitgesteuerte und ereignisbasierte Abfragen<\/li><li data-section-id=\"1mxl8sm\" data-start=\"2690\" data-end=\"2729\">Direkte Verkn\u00fcpfung mit Sensordaten<\/li><\/ul><p data-start=\"2731\" data-end=\"2814\"><br \/>Ergebnis:<br data-start=\"2743\" data-end=\"2746\" \/><strong data-start=\"2746\" data-end=\"2814\">Kombination aus subjektiven und objektiven Daten in einem System<\/strong><\/p>\t\t\t\t\t\t\t\t<\/div>\n\t\t\t\t<\/div>\n\t\t\t\t<\/div>\n\t\t<div class=\"elementor-element elementor-element-58427a4 e-con-full e-flex e-con e-child\" data-id=\"58427a4\" data-element_type=\"container\" data-e-type=\"container\">\n\t\t\t\t<div class=\"elementor-element elementor-element-9fe4e15 elementor-widget__width-initial elementor-widget elementor-widget-text-editor\" data-id=\"9fe4e15\" data-element_type=\"widget\" data-e-type=\"widget\" data-widget_type=\"text-editor.default\">\n\t\t\t\t<div class=\"elementor-widget-container\">\n\t\t\t\t\t\t\t\t\t<h4 data-section-id=\"1jv7ppu\" data-start=\"2821\" data-end=\"2864\"><span role=\"text\"><strong data-start=\"2827\" data-end=\"2864\">Nutzer-Dashboards und Feedback<\/strong><\/span><\/h4><p data-start=\"2866\" data-end=\"2929\"><strong data-start=\"2882\" data-end=\"2929\">Daten verstehen \u2013 direkt in der Anwendung<\/strong><\/p><p data-start=\"2931\" data-end=\"3034\">Die Datico<sup>\u00ae <\/sup>LIFE APP stellt Nutzern ihre Daten strukturiert und verst\u00e4ndlich zur Verf\u00fcgung:<\/p><ul data-start=\"3036\" data-end=\"3209\"><li data-section-id=\"m0gi1n\" data-start=\"3036\" data-end=\"3063\">Individuelle Dashboards<\/li><li data-section-id=\"5k7z3f\" data-start=\"3064\" data-end=\"3101\">Verlaufskurven und Statusanzeigen<\/li><li data-section-id=\"x5g1lt\" data-start=\"3102\" data-end=\"3149\">Organisation-spezifische Auswertungslogiken<\/li><li data-section-id=\"1g1jekh\" data-start=\"3150\" data-end=\"3209\">Transparenz \u00fcber eigene Gesundheits- und Leistungsdaten<br \/><br \/><\/li><\/ul><p data-start=\"3211\" data-end=\"3281\">Ergebnis:<br data-start=\"3223\" data-end=\"3226\" \/><strong data-start=\"3226\" data-end=\"3281\">Erh\u00f6hte Compliance und aktive Einbindung der Nutzer<\/strong><\/p>\t\t\t\t\t\t\t\t<\/div>\n\t\t\t\t<\/div>\n\t\t\t\t<\/div>\n\t\t\t\t\t<\/div>\n\t\t\t\t<\/div>\n\t\t<div class=\"elementor-element elementor-element-7ebbed8 e-flex e-con-boxed e-con e-parent\" data-id=\"7ebbed8\" data-element_type=\"container\" data-e-type=\"container\" data-settings=\"{&quot;background_background&quot;:&quot;classic&quot;}\">\n\t\t\t\t\t<div class=\"e-con-inner\">\n\t\t<div class=\"elementor-element elementor-element-93975d1 e-con-full e-flex e-con e-child\" data-id=\"93975d1\" data-element_type=\"container\" data-e-type=\"container\">\n\t\t\t\t<div class=\"elementor-element elementor-element-e5ad041 elementor-widget elementor-widget-heading\" data-id=\"e5ad041\" data-element_type=\"widget\" data-e-type=\"widget\" data-widget_type=\"heading.default\">\n\t\t\t\t<div class=\"elementor-widget-container\">\n\t\t\t\t\t<h2 class=\"elementor-heading-title elementor-size-default\">Daten erfassen, wo sie entstehen \u2013 mobil, sicher und in Echtzeit.<\/h2>\t\t\t\t<\/div>\n\t\t\t\t<\/div>\n\t\t\t\t<div class=\"elementor-element elementor-element-ef63f73 elementor-widget elementor-widget-heading\" data-id=\"ef63f73\" data-element_type=\"widget\" data-e-type=\"widget\" data-widget_type=\"heading.default\">\n\t\t\t\t<div class=\"elementor-widget-container\">\n\t\t\t\t\t<h2 class=\"elementor-heading-title elementor-size-default\">Datico<sup>\u00ae<\/sup> LIFE APP<\/h2>\t\t\t\t<\/div>\n\t\t\t\t<\/div>\n\t\t<div class=\"elementor-element elementor-element-315c807 e-grid e-con-full e-con e-child\" data-id=\"315c807\" data-element_type=\"container\" data-e-type=\"container\">\n\t\t<div class=\"elementor-element elementor-element-b3067ed e-con-full e-flex e-con e-child\" data-id=\"b3067ed\" data-element_type=\"container\" data-e-type=\"container\">\n\t\t\t\t<div class=\"elementor-element elementor-element-62904bc elementor-widget__width-initial elementor-widget elementor-widget-text-editor\" data-id=\"62904bc\" data-element_type=\"widget\" data-e-type=\"widget\" data-widget_type=\"text-editor.default\">\n\t\t\t\t<div class=\"elementor-widget-container\">\n\t\t\t\t\t\t\t\t\t<p>Die Datico<sup>\u00ae<\/sup> LIFE APP erweitert den Datico<sup>\u00ae<\/sup> LIFE HUB um eine zentrale Interaktions- und Erfassungsebene.<\/p><p>Sie verbindet Endnutzer direkt mit der Plattform und erm\u00f6glicht eine durchg\u00e4ngige Datenerfassung \u2013 unabh\u00e4ngig davon, ob Daten aus Wearables, Sensoren oder strukturierten Eingaben stammen.<\/p><p><strong>Daten dort erfassen, wo sie entstehen.<\/strong><br \/>Die Datico<sup>\u00ae<\/sup> LIFE APP erm\u00f6glicht die direkte Verbindung mit Sensoren und Messger\u00e4ten \u2013 egal ob im Labor, auf dem Spielfeld oder im Einsatztraining.<\/p><p><strong>Stabil auch ohne Internet.<\/strong><br \/>Daten werden lokal gespeichert und bei Verbindung sicher in den Datico<sup>\u00ae<\/sup> LIFE HUB \u00fcbertragen \u2013 ideal f\u00fcr abgelegene Orte oder instabile Netzwerke.<\/p><p><strong>Datenschutz mit System.<\/strong><br \/>Die App erf\u00fcllt alle Anforderungen an sichere Datenerfassung und -\u00fcbertragung \u2013 DSGVO-konform und individuell konfigurierbar.<\/p><p><strong>Einfache Bedienung, starke Performance.<\/strong><br \/>Optimiert f\u00fcr mobile Ger\u00e4te, bietet die App eine intuitive Nutzerf\u00fchrung \u2013 f\u00fcr schnelle Einsatzbereitschaft ohne Schulungsaufwand.<\/p>\t\t\t\t\t\t\t\t<\/div>\n\t\t\t\t<\/div>\n\t\t\t\t<\/div>\n\t\t<div class=\"elementor-element elementor-element-f4b2744 e-con-full e-flex e-con e-child\" data-id=\"f4b2744\" data-element_type=\"container\" data-e-type=\"container\">\n\t\t\t\t<div class=\"elementor-element elementor-element-8fb1ce3 elementor-widget__width-initial elementor-widget elementor-widget-text-editor\" data-id=\"8fb1ce3\" data-element_type=\"widget\" data-e-type=\"widget\" data-widget_type=\"text-editor.default\">\n\t\t\t\t<div class=\"elementor-widget-container\">\n\t\t\t\t\t\t\t\t\t<p data-start=\"471\" data-end=\"617\"><strong data-start=\"471\" data-end=\"523\">\ud83d\udce1 Direkte Ger\u00e4teverbindung via Bluetooth &amp; ANT+<\/strong><br data-start=\"523\" data-end=\"526\" \/>Schnelle und zuverl\u00e4ssige Verbindung zu Sensoren und Wearables \u2013 ohne zus\u00e4tzliche Hardware.<\/p><p data-start=\"619\" data-end=\"756\"><strong data-start=\"619\" data-end=\"649\">\ud83d\udce6 Lokale Datenspeicherung<\/strong><br data-start=\"649\" data-end=\"652\" \/>Alle Daten werden auf dem Endger\u00e4t gespeichert \u2013 f\u00fcr maximale Sicherheit bei Verbindungsunterbrechungen.<\/p><p data-start=\"758\" data-end=\"889\"><strong data-start=\"758\" data-end=\"791\">\ud83d\udd10 DSGVO-konformer Datenfluss<\/strong><br data-start=\"791\" data-end=\"794\" \/>Die \u00dcbertragung in den Datico<sup>\u00ae<\/sup> LIFE HUB erfolgt verschl\u00fcsselt, kontrolliert und personenbezogen.<\/p><p data-start=\"891\" data-end=\"1029\"><strong data-start=\"891\" data-end=\"933\">\ud83e\udded Einsatzbereit \u00fcberall und jederzeit<\/strong><br data-start=\"933\" data-end=\"936\" \/>Ideal f\u00fcr mobile Tests, Feldstudien, Trainings oder Remote-Monitoring \u2013 auch offline nutzbar.<\/p><p data-start=\"1031\" data-end=\"1161\"><strong data-start=\"1031\" data-end=\"1066\">\ud83d\udcf2 Native App f\u00fcr iOS &amp; Android<\/strong><br data-start=\"1066\" data-end=\"1069\" \/>Einheitliches Nutzererlebnis auf allen Ger\u00e4ten, optimiert f\u00fcr Touch und Echtzeitinteraktion.<\/p>\t\t\t\t\t\t\t\t<\/div>\n\t\t\t\t<\/div>\n\t\t\t\t<\/div>\n\t\t\t\t<\/div>\n\t\t\t\t<\/div>\n\t\t\t\t\t<\/div>\n\t\t\t\t<\/div>\n\t\t\t\t<\/div>\n\t\t","protected":false},"excerpt":{"rendered":"<p>Datico\u00ae LIFE APP Die Schnittstelle zwischen Mensch und Datenplattform. Die Datico\u00ae LIFE APP ist der direkte Zugang f\u00fcr Patienten, Athleten und Probanden zur strukturierten Datenerfassung, Interaktion und Analyse \u2013 vollst\u00e4ndig integriert in den Datico\u00ae LIFE HUB. Home | Plattform | Module | Datico\u00ae LIFE APP Bringen Sie Ihre Daten direkt zum Nutzer \u2013 und zur\u00fcck&hellip;&nbsp;<a href=\"https:\/\/datico.com\/de\/plattform\/module\/life-app\/\" rel=\"bookmark\">Weiterlesen &raquo;<span class=\"screen-reader-text\">Datico LIFE APP<\/span><\/a><\/p>\n","protected":false},"author":1,"featured_media":0,"parent":3876,"menu_order":2,"comment_status":"closed","ping_status":"closed","template":"page-templates\/template-pagebuilder-full-width.php","meta":{"neve_meta_sidebar":"","neve_meta_container":"","neve_meta_enable_content_width":"","neve_meta_content_width":0,"neve_meta_title_alignment":"","neve_meta_author_avatar":"","neve_post_elements_order":"","neve_meta_disable_header":"","neve_meta_disable_footer":"","neve_meta_disable_title":"","footnotes":""},"wf_page_folders":[76],"class_list":["post-3191","page","type-page","status-publish","hentry"],"_links":{"self":[{"href":"https:\/\/datico.com\/de\/wp-json\/wp\/v2\/pages\/3191","targetHints":{"allow":["GET"]}}],"collection":[{"href":"https:\/\/datico.com\/de\/wp-json\/wp\/v2\/pages"}],"about":[{"href":"https:\/\/datico.com\/de\/wp-json\/wp\/v2\/types\/page"}],"author":[{"embeddable":true,"href":"https:\/\/datico.com\/de\/wp-json\/wp\/v2\/users\/1"}],"replies":[{"embeddable":true,"href":"https:\/\/datico.com\/de\/wp-json\/wp\/v2\/comments?post=3191"}],"version-history":[{"count":10,"href":"https:\/\/datico.com\/de\/wp-json\/wp\/v2\/pages\/3191\/revisions"}],"predecessor-version":[{"id":6022,"href":"https:\/\/datico.com\/de\/wp-json\/wp\/v2\/pages\/3191\/revisions\/6022"}],"up":[{"embeddable":true,"href":"https:\/\/datico.com\/de\/wp-json\/wp\/v2\/pages\/3876"}],"wp:attachment":[{"href":"https:\/\/datico.com\/de\/wp-json\/wp\/v2\/media?parent=3191"}],"wp:term":[{"taxonomy":"wf_page_folders","embeddable":true,"href":"https:\/\/datico.com\/de\/wp-json\/wp\/v2\/wf_page_folders?post=3191"}],"curies":[{"name":"wp","href":"https:\/\/api.w.org\/{rel}","templated":true}]}}