{"id":3256,"date":"2025-04-22T10:18:50","date_gmt":"2025-04-22T10:18:50","guid":{"rendered":"https:\/\/datico.com\/?page_id=3256"},"modified":"2026-03-23T15:23:32","modified_gmt":"2026-03-23T15:23:32","slug":"polizei","status":"publish","type":"page","link":"https:\/\/datico.com\/de\/loesungen\/loesungen-einsatzkraefte\/polizei\/","title":{"rendered":"Polizei"},"content":{"rendered":"\t\t<div data-elementor-type=\"wp-page\" data-elementor-id=\"3256\" class=\"elementor elementor-3256\" data-elementor-post-type=\"page\">\n\t\t\t\t<div class=\"elementor-element elementor-element-be6907f e-flex e-con-boxed e-con e-parent\" data-id=\"be6907f\" data-element_type=\"container\" data-e-type=\"container\" data-settings=\"{&quot;background_background&quot;:&quot;classic&quot;}\">\n\t\t\t\t\t<div class=\"e-con-inner\">\n\t\t<div class=\"elementor-element elementor-element-13f405a e-flex e-con-boxed e-con e-child\" data-id=\"13f405a\" data-element_type=\"container\" data-e-type=\"container\">\n\t\t\t\t\t<div class=\"e-con-inner\">\n\t\t\t\t<div class=\"elementor-element elementor-element-54543ff elementor-widget__width-initial elementor-widget elementor-widget-heading\" data-id=\"54543ff\" data-element_type=\"widget\" data-e-type=\"widget\" data-widget_type=\"heading.default\">\n\t\t\t\t<div class=\"elementor-widget-container\">\n\t\t\t\t\t<h2 class=\"elementor-heading-title elementor-size-default\">Polizei<\/h2>\t\t\t\t<\/div>\n\t\t\t\t<\/div>\n\t\t\t\t<div class=\"elementor-element elementor-element-2e8e64d elementor-widget__width-initial elementor-widget-laptop__width-initial elementor-widget-tablet_extra__width-initial elementor-widget-tablet__width-initial elementor-widget-mobile_extra__width-initial elementor-widget elementor-widget-text-editor\" data-id=\"2e8e64d\" data-element_type=\"widget\" data-e-type=\"widget\" data-widget_type=\"text-editor.default\">\n\t\t\t\t<div class=\"elementor-widget-container\">\n\t\t\t\t\t\t\t\t\t<p><strong>Einsatzbereit, wenn es darauf ankommt \u2013 mit System.<br \/><\/strong>Der Datico<sup>\u00ae<\/sup> LIFE HUB unterst\u00fctzt Polizeispezialkr\u00e4fte dabei, geeignete Einsatzkr\u00e4fte f\u00fcr konkrete Lagen datenbasiert zu identifizieren \u2013 durch Profilanalysen, vollst\u00e4ndige Datenkontrolle und integrierte Profilvergleiche.<\/p>\t\t\t\t\t\t\t\t<\/div>\n\t\t\t\t<\/div>\n\t\t\t\t\t<\/div>\n\t\t\t\t<\/div>\n\t\t\t\t\t<\/div>\n\t\t\t\t<\/div>\n\t\t<div class=\"elementor-element elementor-element-422af04 e-flex e-con-boxed e-con e-parent\" data-id=\"422af04\" data-element_type=\"container\" data-e-type=\"container\">\n\t\t\t\t\t<div class=\"e-con-inner\">\n\t\t<div class=\"elementor-element elementor-element-7b39fba e-flex e-con-boxed e-con e-child\" data-id=\"7b39fba\" data-element_type=\"container\" data-e-type=\"container\">\n\t\t\t\t\t<div class=\"e-con-inner\">\n\t\t\t\t<div class=\"elementor-element elementor-element-fbe3678 elementor-widget elementor-widget-text-editor\" data-id=\"fbe3678\" data-element_type=\"widget\" data-e-type=\"widget\" data-widget_type=\"text-editor.default\">\n\t\t\t\t<div class=\"elementor-widget-container\">\n\t\t\t\t\t\t\t\t\t<p><a href=\"\/\">Home<\/a> | <a href=\"https:\/\/datico.com\/de\/loesungen\/\">L\u00f6sungen<\/a> | <a href=\"https:\/\/datico.com\/de\/loesungen\/loesungen-einsatzkraefte\/\">Einsatzkr\u00e4fte<\/a> | Polizei<\/p>\t\t\t\t\t\t\t\t<\/div>\n\t\t\t\t<\/div>\n\t\t\t\t\t<\/div>\n\t\t\t\t<\/div>\n\t\t\t\t\t<\/div>\n\t\t\t\t<\/div>\n\t\t<div class=\"elementor-element elementor-element-0f30c78 e-flex e-con-boxed e-con e-parent\" data-id=\"0f30c78\" data-element_type=\"container\" data-e-type=\"container\">\n\t\t\t\t\t<div class=\"e-con-inner\">\n\t\t<div class=\"elementor-element elementor-element-bd90690 e-con-full e-flex e-con e-child\" data-id=\"bd90690\" data-element_type=\"container\" data-e-type=\"container\">\n\t\t\t\t<div class=\"elementor-element elementor-element-d73672c elementor-widget elementor-widget-heading\" data-id=\"d73672c\" data-element_type=\"widget\" data-e-type=\"widget\" data-widget_type=\"heading.default\">\n\t\t\t\t<div class=\"elementor-widget-container\">\n\t\t\t\t\t<h2 class=\"elementor-heading-title elementor-size-default\">Keine objektive \u00dcbersicht \u00fcber Eignung und Einsatzf\u00e4higkeit.<\/h2>\t\t\t\t<\/div>\n\t\t\t\t<\/div>\n\t\t\t\t<div class=\"elementor-element elementor-element-a388199 elementor-widget elementor-widget-heading\" data-id=\"a388199\" data-element_type=\"widget\" data-e-type=\"widget\" data-widget_type=\"heading.default\">\n\t\t\t\t<div class=\"elementor-widget-container\">\n\t\t\t\t\t<h2 class=\"elementor-heading-title elementor-size-default\">Die Probleme bei Einsatzkr\u00e4ften der Polizei<\/h2>\t\t\t\t<\/div>\n\t\t\t\t<\/div>\n\t\t<div class=\"elementor-element elementor-element-acf8abb e-grid e-con-full e-con e-child\" data-id=\"acf8abb\" data-element_type=\"container\" data-e-type=\"container\">\n\t\t<div class=\"elementor-element elementor-element-883e810 e-con-full e-flex e-con e-child\" data-id=\"883e810\" data-element_type=\"container\" data-e-type=\"container\">\n\t\t\t\t<div class=\"elementor-element elementor-element-bb69193 elementor-widget elementor-widget-text-editor\" data-id=\"bb69193\" data-element_type=\"widget\" data-e-type=\"widget\" data-widget_type=\"text-editor.default\">\n\t\t\t\t<div class=\"elementor-widget-container\">\n\t\t\t\t\t\t\t\t\t<p>Die Auswahl einsatzf\u00e4higer Beamt:innen erfolgt h\u00e4ufig auf Erfahrungswerten, nicht auf objektiv bewertbaren Profilen.<\/p><p>Leistungs-, Gesundheits- und Belastungsdaten werden meist dezentral erfasst \u2013 eine einheitliche Sicht auf die Einsatzf\u00e4higkeit fehlt.<\/p><p>Unterschiedliche Systeme in Training, Taktik und Medizin erschweren den abteilungs\u00fcbergreifenden Informationsaustausch.<\/p><p>Datenschutzvorgaben und Zugriffskontrollen machen herk\u00f6mmliche Cloud-L\u00f6sungen oft unbrauchbar f\u00fcr den polizeilichen Einsatzkontext.<\/p>\t\t\t\t\t\t\t\t<\/div>\n\t\t\t\t<\/div>\n\t\t\t\t<\/div>\n\t\t<div class=\"elementor-element elementor-element-5e625ad e-con-full e-flex e-con e-child\" data-id=\"5e625ad\" data-element_type=\"container\" data-e-type=\"container\">\n\t\t\t\t<div class=\"elementor-element elementor-element-42fbdd4 elementor-widget elementor-widget-text-editor\" data-id=\"42fbdd4\" data-element_type=\"widget\" data-e-type=\"widget\" data-widget_type=\"text-editor.default\">\n\t\t\t\t<div class=\"elementor-widget-container\">\n\t\t\t\t\t\t\t\t\t<p>\u26a0\ufe0f Keine standardisierte Eignungsanalyse f\u00fcr spezifische Einsatzlagen.<\/p><p>\u26a0\ufe0f Daten liegen verteilt in isolierten Fachsystemen.<\/p><p>\u26a0\ufe0f Intransparente Kommunikation zwischen Medizin, Training und Einsatzleitung.<\/p><p>\u26a0\ufe0f Keine verl\u00e4ssliche Verlaufsanalyse von Belastung und F\u00e4higkeiten.<\/p><p>\u26a0\ufe0f Strenge Anforderungen an Zugriffssicherheit und Datenhaltung.<\/p><p>\u26a0\ufe0f Zeitintensive, manuelle Aufbereitung von Reports und Entscheidungsvorlagen.<\/p>\t\t\t\t\t\t\t\t<\/div>\n\t\t\t\t<\/div>\n\t\t\t\t<\/div>\n\t\t\t\t<\/div>\n\t\t\t\t<\/div>\n\t\t\t\t\t<\/div>\n\t\t\t\t<\/div>\n\t\t<div class=\"elementor-element elementor-element-ef7d522 e-flex e-con-boxed e-con e-parent\" data-id=\"ef7d522\" data-element_type=\"container\" data-e-type=\"container\" data-settings=\"{&quot;background_background&quot;:&quot;classic&quot;}\">\n\t\t\t\t\t<div class=\"e-con-inner\">\n\t\t<div class=\"elementor-element elementor-element-29d212f e-con-full e-flex e-con e-child\" data-id=\"29d212f\" data-element_type=\"container\" data-e-type=\"container\">\n\t\t\t\t<div class=\"elementor-element elementor-element-e9ca5a5 elementor-widget elementor-widget-heading\" data-id=\"e9ca5a5\" data-element_type=\"widget\" data-e-type=\"widget\" data-widget_type=\"heading.default\">\n\t\t\t\t<div class=\"elementor-widget-container\">\n\t\t\t\t\t<h2 class=\"elementor-heading-title elementor-size-default\">Einsatzprofile objektiv abgleichen und geeignete Kr\u00e4fte datengest\u00fctzt ausw\u00e4hlen.<\/h2>\t\t\t\t<\/div>\n\t\t\t\t<\/div>\n\t\t\t\t<div class=\"elementor-element elementor-element-22f7a4c elementor-widget elementor-widget-heading\" data-id=\"22f7a4c\" data-element_type=\"widget\" data-e-type=\"widget\" data-widget_type=\"heading.default\">\n\t\t\t\t<div class=\"elementor-widget-container\">\n\t\t\t\t\t<h2 class=\"elementor-heading-title elementor-size-default\">Die L\u00f6sung<\/h2>\t\t\t\t<\/div>\n\t\t\t\t<\/div>\n\t\t<div class=\"elementor-element elementor-element-db35ce4 e-grid e-con-full e-con e-child\" data-id=\"db35ce4\" data-element_type=\"container\" data-e-type=\"container\">\n\t\t<div class=\"elementor-element elementor-element-388f9d8 e-con-full e-flex e-con e-child\" data-id=\"388f9d8\" data-element_type=\"container\" data-e-type=\"container\">\n\t\t\t\t<div class=\"elementor-element elementor-element-f480da2 elementor-widget__width-initial elementor-widget elementor-widget-text-editor\" data-id=\"f480da2\" data-element_type=\"widget\" data-e-type=\"widget\" data-widget_type=\"text-editor.default\">\n\t\t\t\t<div class=\"elementor-widget-container\">\n\t\t\t\t\t\t\t\t\t<p>Der Datico<sup>\u00ae<\/sup> LIFE HUB\u00a0erm\u00f6glicht eine datenbasierte Zuordnung von Einsatzkr\u00e4ften zu konkreten Anforderungsprofilen.<\/p><p data-start=\"2552\" data-end=\"2691\">Alle relevanten Daten \u2013 von Fitness und Belastbarkeit bis zu medizinischer Einsatzf\u00e4higkeit \u2013 werden zentral visualisiert und analysiert.<\/p><p data-start=\"2695\" data-end=\"2828\">Einsatzleiter:innen, Trainer:innen und medizinische Fachkr\u00e4fte arbeiten auf einer gemeinsamen Plattform mit klaren Zugriffsrechten.<\/p><p data-start=\"2832\" data-end=\"2972\">Das System wird innerhalb sicherer, polizeikonformer IT-Infrastrukturen betrieben und bleibt vollst\u00e4ndig unter Kontrolle der Organisation.<\/p>\t\t\t\t\t\t\t\t<\/div>\n\t\t\t\t<\/div>\n\t\t\t\t<\/div>\n\t\t<div class=\"elementor-element elementor-element-9a29eca e-con-full e-flex e-con e-child\" data-id=\"9a29eca\" data-element_type=\"container\" data-e-type=\"container\">\n\t\t\t\t<div class=\"elementor-element elementor-element-d9aaf56 elementor-widget__width-initial elementor-widget elementor-widget-text-editor\" data-id=\"d9aaf56\" data-element_type=\"widget\" data-e-type=\"widget\" data-widget_type=\"text-editor.default\">\n\t\t\t\t<div class=\"elementor-widget-container\">\n\t\t\t\t\t\t\t\t\t<p data-start=\"1493\" data-end=\"1531\">\u2705 Datenbasierte Auswahl f\u00fcr lageabh\u00e4ngige Einsatzprofile.<\/p><p data-start=\"1493\" data-end=\"1531\">\u2705 Zentrale Plattform f\u00fcr Gesundheits-, Fitness- und Belastungsdaten.<\/p><p>\u2705 Visualisierung individueller St\u00e4rken-Schw\u00e4chen-Profile.<\/p><p>\u2705 Klare Zugriffsrechte f\u00fcr unterschiedliche Rollen.<\/p><p>\u2705 Volle Datenhoheit durch Hosting in Eigeninfrastruktur.<\/p><p>\u2705 Automatisierte Berichte und Verlaufsauswertungen auf Knopfdruck.<\/p>\t\t\t\t\t\t\t\t<\/div>\n\t\t\t\t<\/div>\n\t\t\t\t<\/div>\n\t\t\t\t<\/div>\n\t\t\t\t<\/div>\n\t\t\t\t\t<\/div>\n\t\t\t\t<\/div>\n\t\t<div class=\"elementor-element elementor-element-23ea973 e-flex e-con-boxed e-con e-parent\" data-id=\"23ea973\" data-element_type=\"container\" data-e-type=\"container\" data-settings=\"{&quot;background_background&quot;:&quot;classic&quot;}\">\n\t\t\t\t\t<div class=\"e-con-inner\">\n\t\t<div class=\"elementor-element elementor-element-bdde134 e-grid e-con-full e-con e-child\" data-id=\"bdde134\" data-element_type=\"container\" data-e-type=\"container\" data-settings=\"{&quot;background_background&quot;:&quot;classic&quot;}\">\n\t\t<div class=\"elementor-element elementor-element-5015019 e-con-full e-flex e-con e-child\" data-id=\"5015019\" data-element_type=\"container\" data-e-type=\"container\" data-settings=\"{&quot;background_background&quot;:&quot;classic&quot;,&quot;animation&quot;:&quot;none&quot;,&quot;animation_delay&quot;:1000}\">\n\t\t\t\t<div class=\"elementor-element elementor-element-fff1f62 elementor-widget elementor-widget-heading\" data-id=\"fff1f62\" data-element_type=\"widget\" data-e-type=\"widget\" data-widget_type=\"heading.default\">\n\t\t\t\t<div class=\"elementor-widget-container\">\n\t\t\t\t\t<h5 class=\"elementor-heading-title elementor-size-default\">Datico<sup>\u00ae<\/sup> Performance Management<\/h5>\t\t\t\t<\/div>\n\t\t\t\t<\/div>\n\t\t\t\t<div class=\"elementor-element elementor-element-2dc09b0 elementor-widget elementor-widget-heading\" data-id=\"2dc09b0\" data-element_type=\"widget\" data-e-type=\"widget\" data-widget_type=\"heading.default\">\n\t\t\t\t<div class=\"elementor-widget-container\">\n\t\t\t\t\t<h2 class=\"elementor-heading-title elementor-size-default\">Das passende Modul<\/h2>\t\t\t\t<\/div>\n\t\t\t\t<\/div>\n\t\t\t\t<div class=\"elementor-element elementor-element-bf22b2d elementor-widget__width-initial elementor-widget elementor-widget-text-editor\" data-id=\"bf22b2d\" data-element_type=\"widget\" data-e-type=\"widget\" data-widget_type=\"text-editor.default\">\n\t\t\t\t<div class=\"elementor-widget-container\">\n\t\t\t\t\t\t\t\t\t<p>\u2705 Einsatzbereitschaft systematisch dokumentieren.<\/p><p>\u2705 Vergleichbare Leistungsdaten f\u00fcr gesamte Einheiten.<\/p><p>\u2705 Testverfahren standardisieren und dokumentieren.<\/p><p>\u2705 Individuelle Schw\u00e4chen gezielt erkennen und ausgleichen.<\/p><p>\u2705 Datenexport f\u00fcr Auswertung und F\u00f6rderlogik nutzen.<\/p>\t\t\t\t\t\t\t\t<\/div>\n\t\t\t\t<\/div>\n\t\t\t\t<div class=\"elementor-element elementor-element-21e85b6 elementor-widget elementor-widget-button\" data-id=\"21e85b6\" data-element_type=\"widget\" data-e-type=\"widget\" data-widget_type=\"button.default\">\n\t\t\t\t<div class=\"elementor-widget-container\">\n\t\t\t\t\t\t\t\t\t<div class=\"elementor-button-wrapper\">\n\t\t\t\t\t<a class=\"elementor-button elementor-button-link elementor-size-sm elementor-animation-shrink\" href=\"https:\/\/datico.com\/de\/kontakt\">\n\t\t\t\t\t\t<span class=\"elementor-button-content-wrapper\">\n\t\t\t\t\t\t<span class=\"elementor-button-icon\">\n\t\t\t\t<i aria-hidden=\"true\" class=\"fas fa-arrow-right\"><\/i>\t\t\t<\/span>\n\t\t\t\t\t\t\t\t\t<span class=\"elementor-button-text\">Beratung vereinbaren<\/span>\n\t\t\t\t\t<\/span>\n\t\t\t\t\t<\/a>\n\t\t\t\t<\/div>\n\t\t\t\t\t\t\t\t<\/div>\n\t\t\t\t<\/div>\n\t\t\t\t<\/div>\n\t\t<div class=\"elementor-element elementor-element-e4df94f e-con-full animated-fast e-flex elementor-invisible e-con e-child\" data-id=\"e4df94f\" data-element_type=\"container\" data-e-type=\"container\" data-settings=\"{&quot;background_background&quot;:&quot;classic&quot;,&quot;animation&quot;:&quot;fadeInUp&quot;,&quot;animation_delay&quot;:500}\">\n\t\t\t\t<div class=\"elementor-element elementor-element-e82e9a5 elementor-flip-box--direction-left elementor-flip-box--effect-flip elementor-widget elementor-widget-flip-box\" data-id=\"e82e9a5\" data-element_type=\"widget\" data-e-type=\"widget\" data-widget_type=\"flip-box.default\">\n\t\t\t\t<div class=\"elementor-widget-container\">\n\t\t\t\t\t\t\t<div class=\"elementor-flip-box\" tabindex=\"0\">\n\t\t\t<div class=\"elementor-flip-box__layer elementor-flip-box__front\">\n\t\t\t\t<div class=\"elementor-flip-box__layer__overlay\">\n\t\t\t\t\t<div class=\"elementor-flip-box__layer__inner\">\n\t\t\t\t\t\t\t\t\t\t\t\t\t<div class=\"elementor-flip-box__image\">\n\t\t\t\t\t\t\t\t<img fetchpriority=\"high\" decoding=\"async\" width=\"500\" height=\"500\" src=\"https:\/\/datico.com\/wp-content\/uploads\/2025\/08\/Performance-Management.png\" class=\"attachment-full size-full wp-image-4333\" alt=\"\" srcset=\"https:\/\/datico.com\/wp-content\/uploads\/2025\/08\/Performance-Management.png 500w, https:\/\/datico.com\/wp-content\/uploads\/2025\/08\/Performance-Management-300x300.png 300w, https:\/\/datico.com\/wp-content\/uploads\/2025\/08\/Performance-Management-150x150.png 150w\" sizes=\"(max-width: 500px) 100vw, 500px\" \/>\t\t\t\t\t\t\t<\/div>\n\t\t\t\t\t\t\n\t\t\t\t\t\t\t\t\t\t\t\t\t<h3 class=\"elementor-flip-box__layer__title\">\n\t\t\t\t\t\t\t\tDatico<sup>\u00ae<\/sup><br>Performance Management\t\t\t\t\t\t\t<\/h3>\n\t\t\t\t\t\t\n\t\t\t\t\t\t\t\t\t\t\t\t\t<div class=\"elementor-flip-box__layer__description\">\n\t\t\t\t\t\t\t\tL\u00f6sungen f\u00fcr das individuelle Daten- und  Leistungsmanagement\t\t\t\t\t\t\t<\/div>\n\t\t\t\t\t\t\t\t\t\t\t<\/div>\n\t\t\t\t<\/div>\n\t\t\t<\/div>\n\t\t\t<div class=\"elementor-flip-box__layer elementor-flip-box__back\">\n\t\t\t<div class=\"elementor-flip-box__layer__overlay\">\n\t\t\t\t<div class=\"elementor-flip-box__layer__inner\">\n\t\t\t\t\t\n\t\t\t\t\t\t\t\t\t\t\t<div class=\"elementor-flip-box__layer__description\">\n\t\t\t\t\t\t\t<b>FUNKTIONEN<\/b><br>Athlete Dashboard<br>\nFile Import Toolbox (Excel)<br>File Export Toolbox (Excel)<br>Team Assessment<br>Test Battery Management<br>Equipment Management<br>Device Connector<br>Athlete Identifier<br><br>\t\t\t\t\t\t<\/div>\n\t\t\t\t\t\n\t\t\t\t\t\t\t\t\t\t\t<a class=\"elementor-flip-box__button elementor-button elementor-size-sm\" href=\"https:\/\/datico.com\/de\/plattform\/module\/performance-management\/\">\n\t\t\t\t\t\t\tZum Modul\t\t\t\t\t\t<\/a>\n\t\t\t\t\t\t\t\t<\/div>\n\t\t<\/div>\n\t\t<\/div>\n\t\t<\/div>\n\t\t\t\t\t\t<\/div>\n\t\t\t\t<\/div>\n\t\t\t\t<\/div>\n\t\t\t\t<\/div>\n\t\t\t\t\t<\/div>\n\t\t\t\t<\/div>\n\t\t<div class=\"elementor-element elementor-element-2804291 e-flex e-con-boxed e-con e-parent\" data-id=\"2804291\" data-element_type=\"container\" data-e-type=\"container\" data-settings=\"{&quot;background_background&quot;:&quot;classic&quot;}\">\n\t\t\t\t\t<div class=\"e-con-inner\">\n\t\t<div class=\"elementor-element elementor-element-9c05694 e-con-full e-flex e-con e-child\" data-id=\"9c05694\" data-element_type=\"container\" data-e-type=\"container\">\n\t\t\t\t<div class=\"elementor-element elementor-element-9466da4 elementor-widget elementor-widget-heading\" data-id=\"9466da4\" data-element_type=\"widget\" data-e-type=\"widget\" data-widget_type=\"heading.default\">\n\t\t\t\t<div class=\"elementor-widget-container\">\n\t\t\t\t\t<h5 class=\"elementor-heading-title elementor-size-default\">KOSTENLOS TESTEN<\/h5>\t\t\t\t<\/div>\n\t\t\t\t<\/div>\n\t\t\t\t<div class=\"elementor-element elementor-element-5a6d12a elementor-widget elementor-widget-heading\" data-id=\"5a6d12a\" data-element_type=\"widget\" data-e-type=\"widget\" data-widget_type=\"heading.default\">\n\t\t\t\t<div class=\"elementor-widget-container\">\n\t\t\t\t\t<h2 class=\"elementor-heading-title elementor-size-default\">Entscheiden Sie sich noch heute f\u00fcr Datico<sup>\u00ae<\/sup><\/h2>\t\t\t\t<\/div>\n\t\t\t\t<\/div>\n\t\t<div class=\"elementor-element elementor-element-2fed15c e-con-full e-flex e-con e-child\" data-id=\"2fed15c\" data-element_type=\"container\" data-e-type=\"container\">\n\t\t<div class=\"elementor-element elementor-element-bf5c2b9 e-flex e-con-boxed e-con e-child\" data-id=\"bf5c2b9\" data-element_type=\"container\" data-e-type=\"container\">\n\t\t\t\t\t<div class=\"e-con-inner\">\n\t\t\t\t<div class=\"elementor-element elementor-element-1ca1571 elementor-widget__width-initial elementor-view-default elementor-position-block-start elementor-mobile-position-block-start elementor-widget elementor-widget-icon-box\" data-id=\"1ca1571\" data-element_type=\"widget\" data-e-type=\"widget\" data-widget_type=\"icon-box.default\">\n\t\t\t\t<div class=\"elementor-widget-container\">\n\t\t\t\t\t\t\t<div class=\"elementor-icon-box-wrapper\">\n\n\t\t\t\t\t\t<div class=\"elementor-icon-box-icon\">\n\t\t\t\t<span  class=\"elementor-icon\">\n\t\t\t\t<i aria-hidden=\"true\" class=\"fas fa-check-circle\"><\/i>\t\t\t\t<\/span>\n\t\t\t<\/div>\n\t\t\t\n\t\t\t\t\t\t<div class=\"elementor-icon-box-content\">\n\n\t\t\t\t\t\t\t\t\t<h3 class=\"elementor-icon-box-title\">\n\t\t\t\t\t\t<span  >\n\t\t\t\t\t\t\tTesten Sie alle Funktionen\t\t\t\t\t\t<\/span>\n\t\t\t\t\t<\/h3>\n\t\t\t\t\n\t\t\t\t\t\t\t\t\t<p class=\"elementor-icon-box-description\">\n\t\t\t\t\t\tmit einem individuellen Demosystem\t\t\t\t\t<\/p>\n\t\t\t\t\n\t\t\t<\/div>\n\t\t\t\n\t\t<\/div>\n\t\t\t\t\t\t<\/div>\n\t\t\t\t<\/div>\n\t\t\t\t\t<\/div>\n\t\t\t\t<\/div>\n\t\t<div class=\"elementor-element elementor-element-74c0375 e-con-full e-flex e-con e-child\" data-id=\"74c0375\" data-element_type=\"container\" data-e-type=\"container\">\n\t\t\t\t<div class=\"elementor-element elementor-element-1c5fa8d elementor-widget__width-initial elementor-view-default elementor-position-block-start elementor-mobile-position-block-start elementor-widget elementor-widget-icon-box\" data-id=\"1c5fa8d\" data-element_type=\"widget\" data-e-type=\"widget\" data-widget_type=\"icon-box.default\">\n\t\t\t\t<div class=\"elementor-widget-container\">\n\t\t\t\t\t\t\t<div class=\"elementor-icon-box-wrapper\">\n\n\t\t\t\t\t\t<div class=\"elementor-icon-box-icon\">\n\t\t\t\t<span  class=\"elementor-icon\">\n\t\t\t\t<i aria-hidden=\"true\" class=\"fas fa-check-circle\"><\/i>\t\t\t\t<\/span>\n\t\t\t<\/div>\n\t\t\t\n\t\t\t\t\t\t<div class=\"elementor-icon-box-content\">\n\n\t\t\t\t\t\t\t\t\t<h3 class=\"elementor-icon-box-title\">\n\t\t\t\t\t\t<span  >\n\t\t\t\t\t\t\tApp sofort nutzen\t\t\t\t\t\t<\/span>\n\t\t\t\t\t<\/h3>\n\t\t\t\t\n\t\t\t\t\t\t\t\t\t<p class=\"elementor-icon-box-description\">\n\t\t\t\t\t\tam Computer, Tablet oder Smartphone\t\t\t\t\t<\/p>\n\t\t\t\t\n\t\t\t<\/div>\n\t\t\t\n\t\t<\/div>\n\t\t\t\t\t\t<\/div>\n\t\t\t\t<\/div>\n\t\t\t\t<\/div>\n\t\t<div class=\"elementor-element elementor-element-bb1771a e-con-full e-flex e-con e-child\" data-id=\"bb1771a\" data-element_type=\"container\" data-e-type=\"container\">\n\t\t\t\t<div class=\"elementor-element elementor-element-06f43f4 elementor-widget__width-initial elementor-view-default elementor-position-block-start elementor-mobile-position-block-start elementor-widget elementor-widget-icon-box\" data-id=\"06f43f4\" data-element_type=\"widget\" data-e-type=\"widget\" data-widget_type=\"icon-box.default\">\n\t\t\t\t<div class=\"elementor-widget-container\">\n\t\t\t\t\t\t\t<div class=\"elementor-icon-box-wrapper\">\n\n\t\t\t\t\t\t<div class=\"elementor-icon-box-icon\">\n\t\t\t\t<span  class=\"elementor-icon\">\n\t\t\t\t<i aria-hidden=\"true\" class=\"fas fa-check-circle\"><\/i>\t\t\t\t<\/span>\n\t\t\t<\/div>\n\t\t\t\n\t\t\t\t\t\t<div class=\"elementor-icon-box-content\">\n\n\t\t\t\t\t\t\t\t\t<h3 class=\"elementor-icon-box-title\">\n\t\t\t\t\t\t<span  >\n\t\t\t\t\t\t\tV\u00f6llig risikofrei\t\t\t\t\t\t<\/span>\n\t\t\t\t\t<\/h3>\n\t\t\t\t\n\t\t\t\t\t\t\t\t\t<p class=\"elementor-icon-box-description\">\n\t\t\t\t\t\tIhr Zugang endet automatisch!\t\t\t\t\t<\/p>\n\t\t\t\t\n\t\t\t<\/div>\n\t\t\t\n\t\t<\/div>\n\t\t\t\t\t\t<\/div>\n\t\t\t\t<\/div>\n\t\t\t\t<\/div>\n\t\t\t\t<\/div>\n\t\t\t\t<\/div>\n\t\t<div class=\"elementor-element elementor-element-20fcbd3 e-con-full e-flex e-con e-child\" data-id=\"20fcbd3\" data-element_type=\"container\" data-e-type=\"container\">\n\t\t\t\t<div class=\"elementor-element elementor-element-a19b030 elementor-widget elementor-widget-button\" data-id=\"a19b030\" data-element_type=\"widget\" data-e-type=\"widget\" data-widget_type=\"button.default\">\n\t\t\t\t<div class=\"elementor-widget-container\">\n\t\t\t\t\t\t\t\t\t<div class=\"elementor-button-wrapper\">\n\t\t\t\t\t<a class=\"elementor-button elementor-button-link elementor-size-sm elementor-animation-shrink\" href=\"https:\/\/datico.com\/de\/kontakt\/\">\n\t\t\t\t\t\t<span class=\"elementor-button-content-wrapper\">\n\t\t\t\t\t\t<span class=\"elementor-button-icon\">\n\t\t\t\t<i aria-hidden=\"true\" class=\"fas fa-arrow-right\"><\/i>\t\t\t<\/span>\n\t\t\t\t\t\t\t\t\t<span class=\"elementor-button-text\">Termin vereinbaren<\/span>\n\t\t\t\t\t<\/span>\n\t\t\t\t\t<\/a>\n\t\t\t\t<\/div>\n\t\t\t\t\t\t\t\t<\/div>\n\t\t\t\t<\/div>\n\t\t\t\t<\/div>\n\t\t\t\t\t<\/div>\n\t\t\t\t<\/div>\n\t\t<div class=\"elementor-element elementor-element-7c49ac6 e-flex e-con-boxed e-con e-parent\" data-id=\"7c49ac6\" data-element_type=\"container\" data-e-type=\"container\">\n\t\t\t\t\t<div class=\"e-con-inner\">\n\t\t\t\t<div class=\"elementor-element elementor-element-5dc8990 elementor-widget elementor-widget-spacer\" data-id=\"5dc8990\" data-element_type=\"widget\" data-e-type=\"widget\" data-widget_type=\"spacer.default\">\n\t\t\t\t<div class=\"elementor-widget-container\">\n\t\t\t\t\t\t\t<div class=\"elementor-spacer\">\n\t\t\t<div class=\"elementor-spacer-inner\"><\/div>\n\t\t<\/div>\n\t\t\t\t\t\t<\/div>\n\t\t\t\t<\/div>\n\t\t\t\t\t<\/div>\n\t\t\t\t<\/div>\n\t\t\t\t<\/div>\n\t\t","protected":false},"excerpt":{"rendered":"<p>Polizei Einsatzbereit, wenn es darauf ankommt \u2013 mit System.Der Datico\u00ae LIFE HUB unterst\u00fctzt Polizeispezialkr\u00e4fte dabei, geeignete Einsatzkr\u00e4fte f\u00fcr konkrete Lagen datenbasiert zu identifizieren \u2013 durch Profilanalysen, vollst\u00e4ndige Datenkontrolle und integrierte Profilvergleiche. Home | L\u00f6sungen | Einsatzkr\u00e4fte | Polizei Keine objektive \u00dcbersicht \u00fcber Eignung und Einsatzf\u00e4higkeit. Die Probleme bei Einsatzkr\u00e4ften der Polizei Die Auswahl einsatzf\u00e4higer Beamt:innen&hellip;&nbsp;<a href=\"https:\/\/datico.com\/de\/loesungen\/loesungen-einsatzkraefte\/polizei\/\" rel=\"bookmark\">Weiterlesen &raquo;<span class=\"screen-reader-text\">Polizei<\/span><\/a><\/p>\n","protected":false},"author":1,"featured_media":0,"parent":3295,"menu_order":2,"comment_status":"closed","ping_status":"closed","template":"page-templates\/template-pagebuilder-full-width.php","meta":{"neve_meta_sidebar":"","neve_meta_container":"","neve_meta_enable_content_width":"","neve_meta_content_width":0,"neve_meta_title_alignment":"","neve_meta_author_avatar":"","neve_post_elements_order":"","neve_meta_disable_header":"","neve_meta_disable_footer":"","neve_meta_disable_title":"","footnotes":""},"wf_page_folders":[70],"class_list":["post-3256","page","type-page","status-publish","hentry"],"_links":{"self":[{"href":"https:\/\/datico.com\/de\/wp-json\/wp\/v2\/pages\/3256","targetHints":{"allow":["GET"]}}],"collection":[{"href":"https:\/\/datico.com\/de\/wp-json\/wp\/v2\/pages"}],"about":[{"href":"https:\/\/datico.com\/de\/wp-json\/wp\/v2\/types\/page"}],"author":[{"embeddable":true,"href":"https:\/\/datico.com\/de\/wp-json\/wp\/v2\/users\/1"}],"replies":[{"embeddable":true,"href":"https:\/\/datico.com\/de\/wp-json\/wp\/v2\/comments?post=3256"}],"version-history":[{"count":10,"href":"https:\/\/datico.com\/de\/wp-json\/wp\/v2\/pages\/3256\/revisions"}],"predecessor-version":[{"id":5373,"href":"https:\/\/datico.com\/de\/wp-json\/wp\/v2\/pages\/3256\/revisions\/5373"}],"up":[{"embeddable":true,"href":"https:\/\/datico.com\/de\/wp-json\/wp\/v2\/pages\/3295"}],"wp:attachment":[{"href":"https:\/\/datico.com\/de\/wp-json\/wp\/v2\/media?parent=3256"}],"wp:term":[{"taxonomy":"wf_page_folders","embeddable":true,"href":"https:\/\/datico.com\/de\/wp-json\/wp\/v2\/wf_page_folders?post=3256"}],"curies":[{"name":"wp","href":"https:\/\/api.w.org\/{rel}","templated":true}]}}