{"id":3260,"date":"2025-04-22T10:19:25","date_gmt":"2025-04-22T10:19:25","guid":{"rendered":"https:\/\/datico.com\/?page_id=3260"},"modified":"2026-03-30T09:19:03","modified_gmt":"2026-03-30T09:19:03","slug":"feuerwehr","status":"publish","type":"page","link":"https:\/\/datico.com\/de\/loesungen\/loesungen-einsatzkraefte\/feuerwehr\/","title":{"rendered":"Feuerwehr"},"content":{"rendered":"\t\t<div data-elementor-type=\"wp-page\" data-elementor-id=\"3260\" class=\"elementor elementor-3260\" data-elementor-post-type=\"page\">\n\t\t\t\t<div class=\"elementor-element elementor-element-76a3bdc e-flex e-con-boxed e-con e-parent\" data-id=\"76a3bdc\" data-element_type=\"container\" data-e-type=\"container\" data-settings=\"{&quot;background_background&quot;:&quot;classic&quot;}\">\n\t\t\t\t\t<div class=\"e-con-inner\">\n\t\t<div class=\"elementor-element elementor-element-2d58980 e-flex e-con-boxed e-con e-child\" data-id=\"2d58980\" data-element_type=\"container\" data-e-type=\"container\">\n\t\t\t\t\t<div class=\"e-con-inner\">\n\t\t\t\t<div class=\"elementor-element elementor-element-7b45584 elementor-widget__width-initial elementor-widget elementor-widget-heading\" data-id=\"7b45584\" data-element_type=\"widget\" data-e-type=\"widget\" data-widget_type=\"heading.default\">\n\t\t\t\t<div class=\"elementor-widget-container\">\n\t\t\t\t\t<h2 class=\"elementor-heading-title elementor-size-default\">Feuerwehr<\/h2>\t\t\t\t<\/div>\n\t\t\t\t<\/div>\n\t\t\t\t<div class=\"elementor-element elementor-element-79ba96f elementor-widget__width-initial elementor-widget-laptop__width-initial elementor-widget-tablet_extra__width-initial elementor-widget-tablet__width-initial elementor-widget-mobile_extra__width-initial elementor-widget elementor-widget-text-editor\" data-id=\"79ba96f\" data-element_type=\"widget\" data-e-type=\"widget\" data-widget_type=\"text-editor.default\">\n\t\t\t\t<div class=\"elementor-widget-container\">\n\t\t\t\t\t\t\t\t\t<p><strong>Einsatzbereit unter Druck \u2013 mit digitalen Profilen.<br \/><\/strong>Der Datico<sup>\u00ae<\/sup> LIFE HUB unterst\u00fctzt Feuerwehren bei der datengest\u00fctzten Beurteilung der individuellen Einsatzf\u00e4higkeit \u2013 insbesondere bei \u00dcbungen unter Atemschutz \u2013 und vereint medizinische, leistungsbezogene und dokumentationsrelevante Informationen in einer sicheren Plattform.<\/p>\t\t\t\t\t\t\t\t<\/div>\n\t\t\t\t<\/div>\n\t\t\t\t\t<\/div>\n\t\t\t\t<\/div>\n\t\t\t\t\t<\/div>\n\t\t\t\t<\/div>\n\t\t<div class=\"elementor-element elementor-element-301198e e-flex e-con-boxed e-con e-parent\" data-id=\"301198e\" data-element_type=\"container\" data-e-type=\"container\">\n\t\t\t\t\t<div class=\"e-con-inner\">\n\t\t<div class=\"elementor-element elementor-element-5fdd3e4 e-flex e-con-boxed e-con e-child\" data-id=\"5fdd3e4\" data-element_type=\"container\" data-e-type=\"container\">\n\t\t\t\t\t<div class=\"e-con-inner\">\n\t\t\t\t<div class=\"elementor-element elementor-element-df01296 elementor-widget elementor-widget-text-editor\" data-id=\"df01296\" data-element_type=\"widget\" data-e-type=\"widget\" data-widget_type=\"text-editor.default\">\n\t\t\t\t<div class=\"elementor-widget-container\">\n\t\t\t\t\t\t\t\t\t<p><a href=\"\/\">Home<\/a> | <a href=\"https:\/\/datico.com\/de\/loesungen\/\">L\u00f6sungen<\/a> | <a href=\"https:\/\/datico.com\/de\/loesungen\/loesungen-einsatzkraefte\/\">Einsatzkr\u00e4fte<\/a> | Feuerwehr<\/p>\t\t\t\t\t\t\t\t<\/div>\n\t\t\t\t<\/div>\n\t\t\t\t\t<\/div>\n\t\t\t\t<\/div>\n\t\t\t\t\t<\/div>\n\t\t\t\t<\/div>\n\t\t<div class=\"elementor-element elementor-element-d2295d6 e-flex e-con-boxed e-con e-parent\" data-id=\"d2295d6\" data-element_type=\"container\" data-e-type=\"container\">\n\t\t\t\t\t<div class=\"e-con-inner\">\n\t\t<div class=\"elementor-element elementor-element-7c3b972 e-con-full e-flex e-con e-child\" data-id=\"7c3b972\" data-element_type=\"container\" data-e-type=\"container\">\n\t\t\t\t<div class=\"elementor-element elementor-element-64fd83f elementor-widget elementor-widget-heading\" data-id=\"64fd83f\" data-element_type=\"widget\" data-e-type=\"widget\" data-widget_type=\"heading.default\">\n\t\t\t\t<div class=\"elementor-widget-container\">\n\t\t\t\t\t<h2 class=\"elementor-heading-title elementor-size-default\">Keine digitale \u00dcbersicht \u00fcber Belastung, Eignung und Einsatzf\u00e4higkeit.<\/h2>\t\t\t\t<\/div>\n\t\t\t\t<\/div>\n\t\t\t\t<div class=\"elementor-element elementor-element-07040ee elementor-widget elementor-widget-heading\" data-id=\"07040ee\" data-element_type=\"widget\" data-e-type=\"widget\" data-widget_type=\"heading.default\">\n\t\t\t\t<div class=\"elementor-widget-container\">\n\t\t\t\t\t<h2 class=\"elementor-heading-title elementor-size-default\">Die Probleme bei Einsatzkr\u00e4ften der Feuerwehr<\/h2>\t\t\t\t<\/div>\n\t\t\t\t<\/div>\n\t\t<div class=\"elementor-element elementor-element-c2a6717 e-grid e-con-full e-con e-child\" data-id=\"c2a6717\" data-element_type=\"container\" data-e-type=\"container\">\n\t\t<div class=\"elementor-element elementor-element-ccad941 e-con-full e-flex e-con e-child\" data-id=\"ccad941\" data-element_type=\"container\" data-e-type=\"container\">\n\t\t\t\t<div class=\"elementor-element elementor-element-3396d44 elementor-widget elementor-widget-text-editor\" data-id=\"3396d44\" data-element_type=\"widget\" data-e-type=\"widget\" data-widget_type=\"text-editor.default\">\n\t\t\t\t<div class=\"elementor-widget-container\">\n\t\t\t\t\t\t\t\t\t<p>Die gesundheitliche und k\u00f6rperliche Einsatzf\u00e4higkeit unter Atemschutz wird vielerorts noch manuell dokumentiert \u2013 mit hohem Aufwand und begrenzter Auswertbarkeit.<\/p><p>Belastungstests in \u00dcbungsstrecken liefern wertvolle Informationen, doch diese werden selten systematisch erfasst und genutzt.<\/p><p>Unterschiedliche Anforderungen und Dokumentationspflichten zwischen Berufs-, Freiwilligen- und Werkfeuerwehren erschweren die Standardisierung.<\/p><p>Datenschutz, Nachverfolgbarkeit und revisionssichere Ablage sind zentral \u2013 werden aber durch fehlende digitale Infrastruktur oft zur Schwachstelle.<\/p>\t\t\t\t\t\t\t\t<\/div>\n\t\t\t\t<\/div>\n\t\t\t\t<\/div>\n\t\t<div class=\"elementor-element elementor-element-d8c7687 e-con-full e-flex e-con e-child\" data-id=\"d8c7687\" data-element_type=\"container\" data-e-type=\"container\">\n\t\t\t\t<div class=\"elementor-element elementor-element-5278b1e elementor-widget elementor-widget-text-editor\" data-id=\"5278b1e\" data-element_type=\"widget\" data-e-type=\"widget\" data-widget_type=\"text-editor.default\">\n\t\t\t\t<div class=\"elementor-widget-container\">\n\t\t\t\t\t\t\t\t\t<p>\u26a0\ufe0f Keine strukturierte Auswertung von Belastungstests (z.\u202fB. aus \u00dcbungsstrecken).<\/p><p>\u26a0\ufe0f Manuelle, papierbasierte Dokumentation von Einsatzf\u00e4higkeitsnachweisen.<\/p><p>\u26a0\ufe0f Fehlende zentrale Plattform f\u00fcr Gesundheits- und Leistungsdaten.<\/p><p>\u26a0\ufe0f Unterschiedliche Datenstandards und IT-Systeme in der Organisation.<\/p><p>\u26a0\ufe0f Hoher Aufwand f\u00fcr Nachweise gegen\u00fcber Aufsichtsbeh\u00f6rden.<\/p><p>\u26a0\ufe0f Unsichere Datenhaltung bei personenbezogenen Gesundheitsinformationen.<\/p>\t\t\t\t\t\t\t\t<\/div>\n\t\t\t\t<\/div>\n\t\t\t\t<\/div>\n\t\t\t\t<\/div>\n\t\t\t\t<\/div>\n\t\t\t\t\t<\/div>\n\t\t\t\t<\/div>\n\t\t<div class=\"elementor-element elementor-element-0643d0b e-flex e-con-boxed e-con e-parent\" data-id=\"0643d0b\" data-element_type=\"container\" data-e-type=\"container\" data-settings=\"{&quot;background_background&quot;:&quot;classic&quot;}\">\n\t\t\t\t\t<div class=\"e-con-inner\">\n\t\t<div class=\"elementor-element elementor-element-c71cb63 e-con-full e-flex e-con e-child\" data-id=\"c71cb63\" data-element_type=\"container\" data-e-type=\"container\">\n\t\t\t\t<div class=\"elementor-element elementor-element-5c7a2b3 elementor-widget elementor-widget-heading\" data-id=\"5c7a2b3\" data-element_type=\"widget\" data-e-type=\"widget\" data-widget_type=\"heading.default\">\n\t\t\t\t<div class=\"elementor-widget-container\">\n\t\t\t\t\t<h2 class=\"elementor-heading-title elementor-size-default\">Einsatzf\u00e4higkeit unter Atemschutz digital erfassen, auswerten und dokumentieren.<\/h2>\t\t\t\t<\/div>\n\t\t\t\t<\/div>\n\t\t\t\t<div class=\"elementor-element elementor-element-ea955ed elementor-widget elementor-widget-heading\" data-id=\"ea955ed\" data-element_type=\"widget\" data-e-type=\"widget\" data-widget_type=\"heading.default\">\n\t\t\t\t<div class=\"elementor-widget-container\">\n\t\t\t\t\t<h2 class=\"elementor-heading-title elementor-size-default\">Die L\u00f6sung<\/h2>\t\t\t\t<\/div>\n\t\t\t\t<\/div>\n\t\t<div class=\"elementor-element elementor-element-9c59726 e-grid e-con-full e-con e-child\" data-id=\"9c59726\" data-element_type=\"container\" data-e-type=\"container\">\n\t\t<div class=\"elementor-element elementor-element-062a96e e-con-full e-flex e-con e-child\" data-id=\"062a96e\" data-element_type=\"container\" data-e-type=\"container\">\n\t\t\t\t<div class=\"elementor-element elementor-element-5101b80 elementor-widget__width-initial elementor-widget elementor-widget-text-editor\" data-id=\"5101b80\" data-element_type=\"widget\" data-e-type=\"widget\" data-widget_type=\"text-editor.default\">\n\t\t\t\t<div class=\"elementor-widget-container\">\n\t\t\t\t\t\t\t\t\t<p>Der Datico<sup>\u00ae<\/sup> LIFE HUB\u00a0digitalisiert die Erfassung und Auswertung der individuellen Belastbarkeit, insbesondere in Atemschutz\u00fcbungsstrecken.<\/p><p data-start=\"2613\" data-end=\"2739\">Alle relevanten Leistungs-, Gesundheits- und Pr\u00fcfungsdaten werden automatisch zusammengef\u00fchrt und zentral verf\u00fcgbar gemacht.<\/p><p data-start=\"2743\" data-end=\"2882\">Die Plattform unterst\u00fctzt sowohl \u00dcbungsleiter:innen als auch F\u00fchrungskr\u00e4fte bei der Einsch\u00e4tzung und Nachverfolgung der Einsatzf\u00e4higkeit.<\/p><p data-start=\"2886\" data-end=\"3027\">Die Daten bleiben jederzeit unter Kontrolle der Feuerwehr \u2013 mit sicherem Hosting und anpassbaren Zugriffskonzepten f\u00fcr verschiedene Rollen.<\/p>\t\t\t\t\t\t\t\t<\/div>\n\t\t\t\t<\/div>\n\t\t\t\t<\/div>\n\t\t<div class=\"elementor-element elementor-element-ea20595 e-con-full e-flex e-con e-child\" data-id=\"ea20595\" data-element_type=\"container\" data-e-type=\"container\">\n\t\t\t\t<div class=\"elementor-element elementor-element-9591e2b elementor-widget__width-initial elementor-widget elementor-widget-text-editor\" data-id=\"9591e2b\" data-element_type=\"widget\" data-e-type=\"widget\" data-widget_type=\"text-editor.default\">\n\t\t\t\t<div class=\"elementor-widget-container\">\n\t\t\t\t\t\t\t\t\t<p data-start=\"1493\" data-end=\"1531\">\u2705 Integration in Atemschutz\u00fcbungsstrecken und Pr\u00fcfabl\u00e4ufe.<\/p><p data-start=\"1493\" data-end=\"1531\">\u2705 Zentrale Plattform f\u00fcr Gesundheits- und Leistungsdaten<\/p><p>\u2705 Automatisierte Erfassung und Auswertung von Belastungstests<\/p><p>\u2705 Standardisierte Dokumentation f\u00fcr interne Nachweise und Beh\u00f6rden.<\/p><p>\u2705 Volle Datenhoheit und sichere Zugriffsverwaltung.<\/p><p>\u2705 Weniger Papieraufwand, mehr Transparenz und Rechtssicherheit.<\/p>\t\t\t\t\t\t\t\t<\/div>\n\t\t\t\t<\/div>\n\t\t\t\t<\/div>\n\t\t\t\t<\/div>\n\t\t\t\t<\/div>\n\t\t\t\t\t<\/div>\n\t\t\t\t<\/div>\n\t\t<div class=\"elementor-element elementor-element-19ac27a e-flex e-con-boxed e-con e-parent\" data-id=\"19ac27a\" data-element_type=\"container\" data-e-type=\"container\" data-settings=\"{&quot;background_background&quot;:&quot;classic&quot;}\">\n\t\t\t\t\t<div class=\"e-con-inner\">\n\t\t<div class=\"elementor-element elementor-element-58cea44 e-grid e-con-full e-con e-child\" data-id=\"58cea44\" data-element_type=\"container\" data-e-type=\"container\" data-settings=\"{&quot;background_background&quot;:&quot;classic&quot;}\">\n\t\t<div class=\"elementor-element elementor-element-cb04991 e-con-full e-flex e-con e-child\" data-id=\"cb04991\" data-element_type=\"container\" data-e-type=\"container\" data-settings=\"{&quot;background_background&quot;:&quot;classic&quot;,&quot;animation&quot;:&quot;none&quot;,&quot;animation_delay&quot;:1000}\">\n\t\t\t\t<div class=\"elementor-element elementor-element-d372748 elementor-widget elementor-widget-heading\" data-id=\"d372748\" data-element_type=\"widget\" data-e-type=\"widget\" data-widget_type=\"heading.default\">\n\t\t\t\t<div class=\"elementor-widget-container\">\n\t\t\t\t\t<h5 class=\"elementor-heading-title elementor-size-default\">Datico<sup>\u00ae<\/sup> Performance Management<\/h5>\t\t\t\t<\/div>\n\t\t\t\t<\/div>\n\t\t\t\t<div class=\"elementor-element elementor-element-f57b33d elementor-widget elementor-widget-heading\" data-id=\"f57b33d\" data-element_type=\"widget\" data-e-type=\"widget\" data-widget_type=\"heading.default\">\n\t\t\t\t<div class=\"elementor-widget-container\">\n\t\t\t\t\t<h2 class=\"elementor-heading-title elementor-size-default\">Das passende Modul<\/h2>\t\t\t\t<\/div>\n\t\t\t\t<\/div>\n\t\t\t\t<div class=\"elementor-element elementor-element-581e38f elementor-widget__width-initial elementor-widget elementor-widget-text-editor\" data-id=\"581e38f\" data-element_type=\"widget\" data-e-type=\"widget\" data-widget_type=\"text-editor.default\">\n\t\t\t\t<div class=\"elementor-widget-container\">\n\t\t\t\t\t\t\t\t\t<p>\u2705 Belastbarkeit unter Einsatzbedingungen objektiv bewerten.<\/p><p>\u2705 Trainingsfortschritte im Jahresverlauf sichtbar machen.<\/p><p>\u2705 Testdaten zentral erfassen, verwalten und vergleichen.<\/p><p>\u2705 Ger\u00e4te und Messsysteme direkt integrieren.<\/p><p>\u2705 Leistungsprofile f\u00fcr verschiedene Rollen differenzieren.<\/p>\t\t\t\t\t\t\t\t<\/div>\n\t\t\t\t<\/div>\n\t\t\t\t<div class=\"elementor-element elementor-element-df32c4e elementor-widget elementor-widget-button\" data-id=\"df32c4e\" data-element_type=\"widget\" data-e-type=\"widget\" data-widget_type=\"button.default\">\n\t\t\t\t<div class=\"elementor-widget-container\">\n\t\t\t\t\t\t\t\t\t<div class=\"elementor-button-wrapper\">\n\t\t\t\t\t<a class=\"elementor-button elementor-button-link elementor-size-sm elementor-animation-shrink\" href=\"https:\/\/datico.com\/de\/kontakt\">\n\t\t\t\t\t\t<span class=\"elementor-button-content-wrapper\">\n\t\t\t\t\t\t<span class=\"elementor-button-icon\">\n\t\t\t\t<i aria-hidden=\"true\" class=\"fas fa-arrow-right\"><\/i>\t\t\t<\/span>\n\t\t\t\t\t\t\t\t\t<span class=\"elementor-button-text\">Beratung vereinbaren<\/span>\n\t\t\t\t\t<\/span>\n\t\t\t\t\t<\/a>\n\t\t\t\t<\/div>\n\t\t\t\t\t\t\t\t<\/div>\n\t\t\t\t<\/div>\n\t\t\t\t<\/div>\n\t\t<div class=\"elementor-element elementor-element-cbfebc9 e-con-full animated-fast e-flex elementor-invisible e-con e-child\" data-id=\"cbfebc9\" data-element_type=\"container\" data-e-type=\"container\" data-settings=\"{&quot;background_background&quot;:&quot;classic&quot;,&quot;animation&quot;:&quot;fadeInUp&quot;,&quot;animation_delay&quot;:500}\">\n\t\t\t\t<div class=\"elementor-element elementor-element-d343f58 elementor-flip-box--direction-left elementor-flip-box--effect-flip elementor-widget elementor-widget-flip-box\" data-id=\"d343f58\" data-element_type=\"widget\" data-e-type=\"widget\" data-widget_type=\"flip-box.default\">\n\t\t\t\t<div class=\"elementor-widget-container\">\n\t\t\t\t\t\t\t<div class=\"elementor-flip-box\" tabindex=\"0\">\n\t\t\t<div class=\"elementor-flip-box__layer elementor-flip-box__front\">\n\t\t\t\t<div class=\"elementor-flip-box__layer__overlay\">\n\t\t\t\t\t<div class=\"elementor-flip-box__layer__inner\">\n\t\t\t\t\t\t\t\t\t\t\t\t\t<div class=\"elementor-flip-box__image\">\n\t\t\t\t\t\t\t\t<img fetchpriority=\"high\" decoding=\"async\" width=\"500\" height=\"500\" src=\"https:\/\/datico.com\/wp-content\/uploads\/2025\/08\/Performance-Management.png\" class=\"attachment-full size-full wp-image-4333\" alt=\"\" srcset=\"https:\/\/datico.com\/wp-content\/uploads\/2025\/08\/Performance-Management.png 500w, https:\/\/datico.com\/wp-content\/uploads\/2025\/08\/Performance-Management-300x300.png 300w, https:\/\/datico.com\/wp-content\/uploads\/2025\/08\/Performance-Management-150x150.png 150w\" sizes=\"(max-width: 500px) 100vw, 500px\" \/>\t\t\t\t\t\t\t<\/div>\n\t\t\t\t\t\t\n\t\t\t\t\t\t\t\t\t\t\t\t\t<h3 class=\"elementor-flip-box__layer__title\">\n\t\t\t\t\t\t\t\tDatico<sup>\u00ae<\/sup><br>Performance Management\t\t\t\t\t\t\t<\/h3>\n\t\t\t\t\t\t\n\t\t\t\t\t\t\t\t\t\t\t\t\t<div class=\"elementor-flip-box__layer__description\">\n\t\t\t\t\t\t\t\tL\u00f6sungen f\u00fcr das individuelle Daten- und  Leistungsmanagement\t\t\t\t\t\t\t<\/div>\n\t\t\t\t\t\t\t\t\t\t\t<\/div>\n\t\t\t\t<\/div>\n\t\t\t<\/div>\n\t\t\t<div class=\"elementor-flip-box__layer elementor-flip-box__back\">\n\t\t\t<div class=\"elementor-flip-box__layer__overlay\">\n\t\t\t\t<div class=\"elementor-flip-box__layer__inner\">\n\t\t\t\t\t\n\t\t\t\t\t\t\t\t\t\t\t<div class=\"elementor-flip-box__layer__description\">\n\t\t\t\t\t\t\t<b>FUNKTIONEN<\/b><br>Athlete Dashboard<br>\nFile Import Toolbox (Excel)<br>File Export Toolbox (Excel)<br>Team Assessment<br>Test Battery Management<br>Equipment Management<br>Device Connector<br>Athlete Identifier<br><br>\t\t\t\t\t\t<\/div>\n\t\t\t\t\t\n\t\t\t\t\t\t\t\t\t\t\t<a class=\"elementor-flip-box__button elementor-button elementor-size-sm\" href=\"https:\/\/datico.com\/de\/plattform\/module\/performance-management\/\">\n\t\t\t\t\t\t\tZum Modul\t\t\t\t\t\t<\/a>\n\t\t\t\t\t\t\t\t<\/div>\n\t\t<\/div>\n\t\t<\/div>\n\t\t<\/div>\n\t\t\t\t\t\t<\/div>\n\t\t\t\t<\/div>\n\t\t\t\t<\/div>\n\t\t\t\t<\/div>\n\t\t\t\t\t<\/div>\n\t\t\t\t<\/div>\n\t\t<div class=\"elementor-element elementor-element-fc10dbb e-flex e-con-boxed e-con e-parent\" data-id=\"fc10dbb\" data-element_type=\"container\" data-e-type=\"container\" data-settings=\"{&quot;background_background&quot;:&quot;classic&quot;}\">\n\t\t\t\t\t<div class=\"e-con-inner\">\n\t\t<div class=\"elementor-element elementor-element-b9cb869 e-con-full e-flex e-con e-child\" data-id=\"b9cb869\" data-element_type=\"container\" data-e-type=\"container\">\n\t\t\t\t<div class=\"elementor-element elementor-element-2ac778d elementor-widget elementor-widget-heading\" data-id=\"2ac778d\" data-element_type=\"widget\" data-e-type=\"widget\" data-widget_type=\"heading.default\">\n\t\t\t\t<div class=\"elementor-widget-container\">\n\t\t\t\t\t<h5 class=\"elementor-heading-title elementor-size-default\">KOSTENLOS TESTEN<\/h5>\t\t\t\t<\/div>\n\t\t\t\t<\/div>\n\t\t\t\t<div class=\"elementor-element elementor-element-1944891 elementor-widget elementor-widget-heading\" data-id=\"1944891\" data-element_type=\"widget\" data-e-type=\"widget\" data-widget_type=\"heading.default\">\n\t\t\t\t<div class=\"elementor-widget-container\">\n\t\t\t\t\t<h2 class=\"elementor-heading-title elementor-size-default\">Entscheiden Sie sich noch heute f\u00fcr Datico<sup>\u00ae<\/sup><\/h2>\t\t\t\t<\/div>\n\t\t\t\t<\/div>\n\t\t<div class=\"elementor-element elementor-element-f54a838 e-con-full e-flex e-con e-child\" data-id=\"f54a838\" data-element_type=\"container\" data-e-type=\"container\">\n\t\t<div class=\"elementor-element elementor-element-45ce115 e-flex e-con-boxed e-con e-child\" data-id=\"45ce115\" data-element_type=\"container\" data-e-type=\"container\">\n\t\t\t\t\t<div class=\"e-con-inner\">\n\t\t\t\t<div class=\"elementor-element elementor-element-7b9fed9 elementor-widget__width-initial elementor-view-default elementor-position-block-start elementor-mobile-position-block-start elementor-widget elementor-widget-icon-box\" data-id=\"7b9fed9\" data-element_type=\"widget\" data-e-type=\"widget\" data-widget_type=\"icon-box.default\">\n\t\t\t\t<div class=\"elementor-widget-container\">\n\t\t\t\t\t\t\t<div class=\"elementor-icon-box-wrapper\">\n\n\t\t\t\t\t\t<div class=\"elementor-icon-box-icon\">\n\t\t\t\t<span  class=\"elementor-icon\">\n\t\t\t\t<i aria-hidden=\"true\" class=\"fas fa-check-circle\"><\/i>\t\t\t\t<\/span>\n\t\t\t<\/div>\n\t\t\t\n\t\t\t\t\t\t<div class=\"elementor-icon-box-content\">\n\n\t\t\t\t\t\t\t\t\t<h3 class=\"elementor-icon-box-title\">\n\t\t\t\t\t\t<span  >\n\t\t\t\t\t\t\tTesten Sie alle Funktionen\t\t\t\t\t\t<\/span>\n\t\t\t\t\t<\/h3>\n\t\t\t\t\n\t\t\t\t\t\t\t\t\t<p class=\"elementor-icon-box-description\">\n\t\t\t\t\t\tmit einem individuellen Demosystem\t\t\t\t\t<\/p>\n\t\t\t\t\n\t\t\t<\/div>\n\t\t\t\n\t\t<\/div>\n\t\t\t\t\t\t<\/div>\n\t\t\t\t<\/div>\n\t\t\t\t\t<\/div>\n\t\t\t\t<\/div>\n\t\t<div class=\"elementor-element elementor-element-4a37bd4 e-con-full e-flex e-con e-child\" data-id=\"4a37bd4\" data-element_type=\"container\" data-e-type=\"container\">\n\t\t\t\t<div class=\"elementor-element elementor-element-a4db8d0 elementor-widget__width-initial elementor-view-default elementor-position-block-start elementor-mobile-position-block-start elementor-widget elementor-widget-icon-box\" data-id=\"a4db8d0\" data-element_type=\"widget\" data-e-type=\"widget\" data-widget_type=\"icon-box.default\">\n\t\t\t\t<div class=\"elementor-widget-container\">\n\t\t\t\t\t\t\t<div class=\"elementor-icon-box-wrapper\">\n\n\t\t\t\t\t\t<div class=\"elementor-icon-box-icon\">\n\t\t\t\t<span  class=\"elementor-icon\">\n\t\t\t\t<i aria-hidden=\"true\" class=\"fas fa-check-circle\"><\/i>\t\t\t\t<\/span>\n\t\t\t<\/div>\n\t\t\t\n\t\t\t\t\t\t<div class=\"elementor-icon-box-content\">\n\n\t\t\t\t\t\t\t\t\t<h3 class=\"elementor-icon-box-title\">\n\t\t\t\t\t\t<span  >\n\t\t\t\t\t\t\tApp sofort nutzen\t\t\t\t\t\t<\/span>\n\t\t\t\t\t<\/h3>\n\t\t\t\t\n\t\t\t\t\t\t\t\t\t<p class=\"elementor-icon-box-description\">\n\t\t\t\t\t\tam Computer, Tablet oder Smartphone\t\t\t\t\t<\/p>\n\t\t\t\t\n\t\t\t<\/div>\n\t\t\t\n\t\t<\/div>\n\t\t\t\t\t\t<\/div>\n\t\t\t\t<\/div>\n\t\t\t\t<\/div>\n\t\t<div class=\"elementor-element elementor-element-ccf88a4 e-con-full e-flex e-con e-child\" data-id=\"ccf88a4\" data-element_type=\"container\" data-e-type=\"container\">\n\t\t\t\t<div class=\"elementor-element elementor-element-9be441e elementor-widget__width-initial elementor-view-default elementor-position-block-start elementor-mobile-position-block-start elementor-widget elementor-widget-icon-box\" data-id=\"9be441e\" data-element_type=\"widget\" data-e-type=\"widget\" data-widget_type=\"icon-box.default\">\n\t\t\t\t<div class=\"elementor-widget-container\">\n\t\t\t\t\t\t\t<div class=\"elementor-icon-box-wrapper\">\n\n\t\t\t\t\t\t<div class=\"elementor-icon-box-icon\">\n\t\t\t\t<span  class=\"elementor-icon\">\n\t\t\t\t<i aria-hidden=\"true\" class=\"fas fa-check-circle\"><\/i>\t\t\t\t<\/span>\n\t\t\t<\/div>\n\t\t\t\n\t\t\t\t\t\t<div class=\"elementor-icon-box-content\">\n\n\t\t\t\t\t\t\t\t\t<h3 class=\"elementor-icon-box-title\">\n\t\t\t\t\t\t<span  >\n\t\t\t\t\t\t\tV\u00f6llig risikofrei\t\t\t\t\t\t<\/span>\n\t\t\t\t\t<\/h3>\n\t\t\t\t\n\t\t\t\t\t\t\t\t\t<p class=\"elementor-icon-box-description\">\n\t\t\t\t\t\tIhr Zugang endet automatisch!\t\t\t\t\t<\/p>\n\t\t\t\t\n\t\t\t<\/div>\n\t\t\t\n\t\t<\/div>\n\t\t\t\t\t\t<\/div>\n\t\t\t\t<\/div>\n\t\t\t\t<\/div>\n\t\t\t\t<\/div>\n\t\t\t\t<\/div>\n\t\t<div class=\"elementor-element elementor-element-c34a152 e-con-full e-flex e-con e-child\" data-id=\"c34a152\" data-element_type=\"container\" data-e-type=\"container\">\n\t\t\t\t<div class=\"elementor-element elementor-element-9517979 elementor-widget elementor-widget-button\" data-id=\"9517979\" data-element_type=\"widget\" data-e-type=\"widget\" data-widget_type=\"button.default\">\n\t\t\t\t<div class=\"elementor-widget-container\">\n\t\t\t\t\t\t\t\t\t<div class=\"elementor-button-wrapper\">\n\t\t\t\t\t<a class=\"elementor-button elementor-button-link elementor-size-sm elementor-animation-shrink\" href=\"https:\/\/datico.com\/de\/kontakt\/\">\n\t\t\t\t\t\t<span class=\"elementor-button-content-wrapper\">\n\t\t\t\t\t\t<span class=\"elementor-button-icon\">\n\t\t\t\t<i aria-hidden=\"true\" class=\"fas fa-arrow-right\"><\/i>\t\t\t<\/span>\n\t\t\t\t\t\t\t\t\t<span class=\"elementor-button-text\">Termin vereinbaren<\/span>\n\t\t\t\t\t<\/span>\n\t\t\t\t\t<\/a>\n\t\t\t\t<\/div>\n\t\t\t\t\t\t\t\t<\/div>\n\t\t\t\t<\/div>\n\t\t\t\t<\/div>\n\t\t\t\t\t<\/div>\n\t\t\t\t<\/div>\n\t\t<div class=\"elementor-element elementor-element-f4be0b7 e-flex e-con-boxed e-con e-parent\" data-id=\"f4be0b7\" data-element_type=\"container\" data-e-type=\"container\">\n\t\t\t\t\t<div class=\"e-con-inner\">\n\t\t\t\t<div class=\"elementor-element elementor-element-b2cee45 elementor-widget elementor-widget-spacer\" data-id=\"b2cee45\" data-element_type=\"widget\" data-e-type=\"widget\" data-widget_type=\"spacer.default\">\n\t\t\t\t<div class=\"elementor-widget-container\">\n\t\t\t\t\t\t\t<div class=\"elementor-spacer\">\n\t\t\t<div class=\"elementor-spacer-inner\"><\/div>\n\t\t<\/div>\n\t\t\t\t\t\t<\/div>\n\t\t\t\t<\/div>\n\t\t\t\t\t<\/div>\n\t\t\t\t<\/div>\n\t\t\t\t<\/div>\n\t\t","protected":false},"excerpt":{"rendered":"<p>Feuerwehr Einsatzbereit unter Druck \u2013 mit digitalen Profilen.Der Datico\u00ae LIFE HUB unterst\u00fctzt Feuerwehren bei der datengest\u00fctzten Beurteilung der individuellen Einsatzf\u00e4higkeit \u2013 insbesondere bei \u00dcbungen unter Atemschutz \u2013 und vereint medizinische, leistungsbezogene und dokumentationsrelevante Informationen in einer sicheren Plattform. Home | L\u00f6sungen | Einsatzkr\u00e4fte | Feuerwehr Keine digitale \u00dcbersicht \u00fcber Belastung, Eignung und Einsatzf\u00e4higkeit. Die Probleme&hellip;&nbsp;<a href=\"https:\/\/datico.com\/de\/loesungen\/loesungen-einsatzkraefte\/feuerwehr\/\" rel=\"bookmark\">Weiterlesen &raquo;<span class=\"screen-reader-text\">Feuerwehr<\/span><\/a><\/p>\n","protected":false},"author":1,"featured_media":0,"parent":3295,"menu_order":3,"comment_status":"closed","ping_status":"closed","template":"page-templates\/template-pagebuilder-full-width.php","meta":{"neve_meta_sidebar":"","neve_meta_container":"","neve_meta_enable_content_width":"","neve_meta_content_width":0,"neve_meta_title_alignment":"","neve_meta_author_avatar":"","neve_post_elements_order":"","neve_meta_disable_header":"","neve_meta_disable_footer":"","neve_meta_disable_title":"","footnotes":""},"wf_page_folders":[70],"class_list":["post-3260","page","type-page","status-publish","hentry"],"_links":{"self":[{"href":"https:\/\/datico.com\/de\/wp-json\/wp\/v2\/pages\/3260","targetHints":{"allow":["GET"]}}],"collection":[{"href":"https:\/\/datico.com\/de\/wp-json\/wp\/v2\/pages"}],"about":[{"href":"https:\/\/datico.com\/de\/wp-json\/wp\/v2\/types\/page"}],"author":[{"embeddable":true,"href":"https:\/\/datico.com\/de\/wp-json\/wp\/v2\/users\/1"}],"replies":[{"embeddable":true,"href":"https:\/\/datico.com\/de\/wp-json\/wp\/v2\/comments?post=3260"}],"version-history":[{"count":10,"href":"https:\/\/datico.com\/de\/wp-json\/wp\/v2\/pages\/3260\/revisions"}],"predecessor-version":[{"id":5671,"href":"https:\/\/datico.com\/de\/wp-json\/wp\/v2\/pages\/3260\/revisions\/5671"}],"up":[{"embeddable":true,"href":"https:\/\/datico.com\/de\/wp-json\/wp\/v2\/pages\/3295"}],"wp:attachment":[{"href":"https:\/\/datico.com\/de\/wp-json\/wp\/v2\/media?parent=3260"}],"wp:term":[{"taxonomy":"wf_page_folders","embeddable":true,"href":"https:\/\/datico.com\/de\/wp-json\/wp\/v2\/wf_page_folders?post=3260"}],"curies":[{"name":"wp","href":"https:\/\/api.w.org\/{rel}","templated":true}]}}