{"id":3291,"date":"2025-04-22T10:44:24","date_gmt":"2025-04-22T10:44:24","guid":{"rendered":"https:\/\/datico.com\/?page_id=3291"},"modified":"2026-03-23T10:18:26","modified_gmt":"2026-03-23T10:18:26","slug":"loesungen-medizin","status":"publish","type":"page","link":"https:\/\/datico.com\/de\/loesungen\/loesungen-medizin\/","title":{"rendered":"L\u00f6sungen Medizin"},"content":{"rendered":"\t\t<div data-elementor-type=\"wp-page\" data-elementor-id=\"3291\" class=\"elementor elementor-3291\" data-elementor-post-type=\"page\">\n\t\t\t\t<div class=\"elementor-element elementor-element-73e5062 e-flex e-con-boxed e-con e-parent\" data-id=\"73e5062\" data-element_type=\"container\" data-e-type=\"container\" data-settings=\"{&quot;background_background&quot;:&quot;classic&quot;}\">\n\t\t\t\t\t<div class=\"e-con-inner\">\n\t\t<div class=\"elementor-element elementor-element-059dfed e-flex e-con-boxed e-con e-child\" data-id=\"059dfed\" data-element_type=\"container\" data-e-type=\"container\">\n\t\t\t\t\t<div class=\"e-con-inner\">\n\t\t\t\t<div class=\"elementor-element elementor-element-af34382 elementor-widget__width-initial elementor-widget elementor-widget-heading\" data-id=\"af34382\" data-element_type=\"widget\" data-e-type=\"widget\" data-widget_type=\"heading.default\">\n\t\t\t\t<div class=\"elementor-widget-container\">\n\t\t\t\t\t<h2 class=\"elementor-heading-title elementor-size-default\">Medizin und Therapie<\/h2>\t\t\t\t<\/div>\n\t\t\t\t<\/div>\n\t\t\t\t<div class=\"elementor-element elementor-element-bd185e1 elementor-widget__width-initial elementor-widget-laptop__width-initial elementor-widget-tablet_extra__width-initial elementor-widget-tablet__width-initial elementor-widget-mobile_extra__width-initial elementor-widget elementor-widget-text-editor\" data-id=\"bd185e1\" data-element_type=\"widget\" data-e-type=\"widget\" data-widget_type=\"text-editor.default\">\n\t\t\t\t<div class=\"elementor-widget-container\">\n\t\t\t\t\t\t\t\t\t<p><strong>Gesundheitsverl\u00e4ufe verstehen, Therapie individuell steuern.<\/strong><br \/>Der Datico<sup>\u00ae<\/sup> LIFE HUB erm\u00f6glicht \u00c4rzten, Therapeuten und Reha-Zentren eine pr\u00e4zise, datengest\u00fctzte Analyse von Gesundheitsparametern \u2013 f\u00fcr eine individuellere Behandlung, objektive Verlaufskontrolle und interdisziplin\u00e4re Zusammenarbeit.<\/p>\t\t\t\t\t\t\t\t<\/div>\n\t\t\t\t<\/div>\n\t\t\t\t\t<\/div>\n\t\t\t\t<\/div>\n\t\t\t\t\t<\/div>\n\t\t\t\t<\/div>\n\t\t<div class=\"elementor-element elementor-element-2808c73 e-flex e-con-boxed e-con e-parent\" data-id=\"2808c73\" data-element_type=\"container\" data-e-type=\"container\">\n\t\t\t\t\t<div class=\"e-con-inner\">\n\t\t<div class=\"elementor-element elementor-element-7fd50da e-flex e-con-boxed e-con e-child\" data-id=\"7fd50da\" data-element_type=\"container\" data-e-type=\"container\">\n\t\t\t\t\t<div class=\"e-con-inner\">\n\t\t\t\t<div class=\"elementor-element elementor-element-59542ff elementor-widget elementor-widget-text-editor\" data-id=\"59542ff\" data-element_type=\"widget\" data-e-type=\"widget\" data-widget_type=\"text-editor.default\">\n\t\t\t\t<div class=\"elementor-widget-container\">\n\t\t\t\t\t\t\t\t\t<p><a href=\"\/\">Home<\/a> | <a href=\"https:\/\/datico.com\/de\/loesungen\/\">L\u00f6sungen<\/a> | Medizin<\/p>\t\t\t\t\t\t\t\t<\/div>\n\t\t\t\t<\/div>\n\t\t\t\t\t<\/div>\n\t\t\t\t<\/div>\n\t\t\t\t\t<\/div>\n\t\t\t\t<\/div>\n\t\t<div class=\"elementor-element elementor-element-0a6d7a9 e-flex e-con-boxed e-con e-parent\" data-id=\"0a6d7a9\" data-element_type=\"container\" data-e-type=\"container\">\n\t\t\t\t\t<div class=\"e-con-inner\">\n\t\t<div class=\"elementor-element elementor-element-5187523 e-con-full e-flex e-con e-child\" data-id=\"5187523\" data-element_type=\"container\" data-e-type=\"container\">\n\t\t\t\t<div class=\"elementor-element elementor-element-2b3622b elementor-widget elementor-widget-heading\" data-id=\"2b3622b\" data-element_type=\"widget\" data-e-type=\"widget\" data-widget_type=\"heading.default\">\n\t\t\t\t<div class=\"elementor-widget-container\">\n\t\t\t\t\t<h2 class=\"elementor-heading-title elementor-size-default\">Therapie wirkt \u2013 wenn man sie steuern kann.<\/h2>\t\t\t\t<\/div>\n\t\t\t\t<\/div>\n\t\t\t\t<div class=\"elementor-element elementor-element-fa4d631 elementor-widget elementor-widget-heading\" data-id=\"fa4d631\" data-element_type=\"widget\" data-e-type=\"widget\" data-widget_type=\"heading.default\">\n\t\t\t\t<div class=\"elementor-widget-container\">\n\t\t\t\t\t<h2 class=\"elementor-heading-title elementor-size-default\">Die Probleme in der Medizin und Therapie<\/h2>\t\t\t\t<\/div>\n\t\t\t\t<\/div>\n\t\t<div class=\"elementor-element elementor-element-451d232 e-grid e-con-full e-con e-child\" data-id=\"451d232\" data-element_type=\"container\" data-e-type=\"container\">\n\t\t<div class=\"elementor-element elementor-element-bbe85b1 e-con-full e-flex e-con e-child\" data-id=\"bbe85b1\" data-element_type=\"container\" data-e-type=\"container\">\n\t\t\t\t<div class=\"elementor-element elementor-element-ede6cef elementor-widget elementor-widget-text-editor\" data-id=\"ede6cef\" data-element_type=\"widget\" data-e-type=\"widget\" data-widget_type=\"text-editor.default\">\n\t\t\t\t<div class=\"elementor-widget-container\">\n\t\t\t\t\t\t\t\t\t<p data-start=\"1138\" data-end=\"1388\"><strong data-start=\"1138\" data-end=\"1206\">Verlaufsdokumentation ist oft l\u00fcckenhaft oder zu unspezifisch<\/strong><br data-start=\"1206\" data-end=\"1209\" \/>Therapieerfolge lassen sich schwer objektiv belegen, weil Daten nur an Einzelzeitpunkten erfasst oder manuell dokumentiert werden \u2013 meist ohne Bezug zur tats\u00e4chlichen Entwicklung.<\/p><p data-start=\"1390\" data-end=\"1617\"><strong data-start=\"1390\" data-end=\"1454\">Es fehlen standardisierte Messgr\u00f6\u00dfen f\u00fcr Therapieprozesse<\/strong><br data-start=\"1454\" data-end=\"1457\" \/>Subjektive Einsch\u00e4tzungen dominieren \u2013 objektive Kennzahlen zur Steuerung, z.\u202fB. in der Reha oder Pr\u00e4vention, sind nicht konsistent oder vergleichbar verf\u00fcgbar.<\/p><p data-start=\"1619\" data-end=\"1840\"><strong data-start=\"1619\" data-end=\"1697\">Schnittstellen zwischen Diagnostik, Behandlung und Training sind unklar<\/strong><br data-start=\"1697\" data-end=\"1700\" \/>Daten aus Diagnostik, Therapieplanung, Training und Nachsorge bleiben h\u00e4ufig unverbunden \u2013 dadurch leidet die Qualit\u00e4t der Versorgungskette.<\/p><p data-start=\"1842\" data-end=\"2065\"><strong data-start=\"1842\" data-end=\"1900\">Zusammenarbeit zwischen Berufsgruppen ist erschwert<\/strong><br data-start=\"1900\" data-end=\"1903\" \/>Ohne gemeinsame Datenbasis ist die Abstimmung zwischen \u00c4rzt<em data-start=\"1962\" data-end=\"1980\">innen, Therapeut<\/em>innen, Sportwissenschaftler*innen und Reha-Fachpersonal aufwendig und fehleranf\u00e4llig.<\/p><p data-start=\"2067\" data-end=\"2259\"><strong data-start=\"2067\" data-end=\"2121\">Datenschutz und Dokumentation binden Ressourcen<\/strong><br data-start=\"2121\" data-end=\"2124\" \/>Die Einhaltung gesetzlicher Anforderungen ist besonders in der Medizin essenziell \u2013 verursacht aber oft unn\u00f6tig viel manuellen Aufwand.<\/p>\t\t\t\t\t\t\t\t<\/div>\n\t\t\t\t<\/div>\n\t\t\t\t<\/div>\n\t\t<div class=\"elementor-element elementor-element-60a5bb6 e-con-full e-flex e-con e-child\" data-id=\"60a5bb6\" data-element_type=\"container\" data-e-type=\"container\">\n\t\t\t\t<div class=\"elementor-element elementor-element-301bcc7 elementor-widget elementor-widget-text-editor\" data-id=\"301bcc7\" data-element_type=\"widget\" data-e-type=\"widget\" data-widget_type=\"text-editor.default\">\n\t\t\t\t<div class=\"elementor-widget-container\">\n\t\t\t\t\t\t\t\t\t<p>\u26a0\ufe0f\u00a0Gesundheitsverl\u00e4ufe oft nur punktuell dokumentiert<\/p><p>\u26a0\ufe0f\u00a0Mangel an objektiven Verlaufsdaten und Verlaufskontrolle<\/p><p>\u26a0\ufe0f\u00a0Fehlende Verbindung zwischen Therapie, Diagnostik &amp; Training<\/p><p>\u26a0\ufe0f\u00a0Kaum digitale Unterst\u00fctzung f\u00fcr interdisziplin\u00e4re Zusammenarbeit<\/p><p>\u26a0\ufe0f\u00a0Datenschutz &amp; Dokumentationspflichten erh\u00f6hen den Aufwand<\/p><p>\u26a0\ufe0f\u00a0 Schwierige Integration spezialisierter Diagnostik und Therapie-Systeme.<\/p><p>\u26a0\ufe0f\u00a0Befunde nur als statische PDFs verf\u00fcgbar.<\/p><p>\u26a0\ufe0f Fehlende diskrete Werte f\u00fcr Therapieverl\u00e4ufe.<\/p><p>\u26a0\ufe0f Keine messbare Darstellung des Reha-Erfolgs im KIS.<\/p><p>\u26a0\ufe0f Erschwerte Nachweisbarkeit von Therapieerfolgen.<\/p>\t\t\t\t\t\t\t\t<\/div>\n\t\t\t\t<\/div>\n\t\t\t\t<\/div>\n\t\t\t\t<\/div>\n\t\t\t\t<\/div>\n\t\t\t\t\t<\/div>\n\t\t\t\t<\/div>\n\t\t<div class=\"elementor-element elementor-element-9fa644c e-flex e-con-boxed e-con e-parent\" data-id=\"9fa644c\" data-element_type=\"container\" data-e-type=\"container\" data-settings=\"{&quot;background_background&quot;:&quot;classic&quot;}\">\n\t\t\t\t\t<div class=\"e-con-inner\">\n\t\t<div class=\"elementor-element elementor-element-21c1de6 e-con-full e-flex e-con e-child\" data-id=\"21c1de6\" data-element_type=\"container\" data-e-type=\"container\">\n\t\t\t\t<div class=\"elementor-element elementor-element-d19dc25 elementor-widget elementor-widget-heading\" data-id=\"d19dc25\" data-element_type=\"widget\" data-e-type=\"widget\" data-widget_type=\"heading.default\">\n\t\t\t\t<div class=\"elementor-widget-container\">\n\t\t\t\t\t<h2 class=\"elementor-heading-title elementor-size-default\">Gesundheitsverl\u00e4ufe sichtbar machen \u2013 Therapie wirksam steuern.<\/h2>\t\t\t\t<\/div>\n\t\t\t\t<\/div>\n\t\t\t\t<div class=\"elementor-element elementor-element-f1ba147 elementor-widget elementor-widget-heading\" data-id=\"f1ba147\" data-element_type=\"widget\" data-e-type=\"widget\" data-widget_type=\"heading.default\">\n\t\t\t\t<div class=\"elementor-widget-container\">\n\t\t\t\t\t<h2 class=\"elementor-heading-title elementor-size-default\">Die L\u00f6sung<\/h2>\t\t\t\t<\/div>\n\t\t\t\t<\/div>\n\t\t<div class=\"elementor-element elementor-element-e519317 e-grid e-con-full e-con e-child\" data-id=\"e519317\" data-element_type=\"container\" data-e-type=\"container\">\n\t\t<div class=\"elementor-element elementor-element-c21d115 e-con-full e-flex e-con e-child\" data-id=\"c21d115\" data-element_type=\"container\" data-e-type=\"container\">\n\t\t\t\t<div class=\"elementor-element elementor-element-9bce3d7 elementor-widget__width-initial elementor-widget elementor-widget-text-editor\" data-id=\"9bce3d7\" data-element_type=\"widget\" data-e-type=\"widget\" data-widget_type=\"text-editor.default\">\n\t\t\t\t<div class=\"elementor-widget-container\">\n\t\t\t\t\t\t\t\t\t<p><strong>Der Datico<sup>\u00ae<\/sup> LIFE HUB erm\u00f6glicht eine strukturierte, digitale Erfassung und Auswertung von Gesundheitsverl\u00e4ufen \u00fcber alle Phasen der Behandlung hinweg.<\/strong> Von Diagnostik \u00fcber Therapie bis hin zu Training und Nachsorge \u2013 alles wird konsistent dokumentiert und analysiert.<\/p><p data-start=\"2940\" data-end=\"3159\"><strong data-start=\"2940\" data-end=\"3032\">Die Plattform verbindet medizinische, funktionelle und subjektive Daten in einem System.<\/strong> So lassen sich Therapieerfolge objektiv beurteilen, Risiken fr\u00fch erkennen und Reha- oder Pr\u00e4ventionsma\u00dfnahmen gezielt steuern.<\/p><p data-start=\"3161\" data-end=\"3406\"><strong data-start=\"3161\" data-end=\"3221\">Interdisziplin\u00e4re Zusammenarbeit wird aktiv unterst\u00fctzt.<\/strong> Rollenbasierter Zugang erm\u00f6glicht eine nahtlose Abstimmung zwischen \u00c4rzt<em data-start=\"3294\" data-end=\"3312\">innen, Therapeut<\/em>innen, Sportwissenschaftler*innen und weiteren Beteiligten \u2013 auf einer gemeinsamen Datenbasis.<\/p><p data-start=\"3408\" data-end=\"3621\"><strong data-start=\"3408\" data-end=\"3486\">Datico ist DSGVO-konform, medizinisch validiert und flexibel integrierbar.<\/strong> Die Plattform erf\u00fcllt h\u00f6chste Anforderungen an Sicherheit und Dokumentation \u2013 bei maximaler Nutzerfreundlichkeit im klinischen Alltag.<\/p>\t\t\t\t\t\t\t\t<\/div>\n\t\t\t\t<\/div>\n\t\t\t\t<\/div>\n\t\t<div class=\"elementor-element elementor-element-562afb1 e-con-full e-flex e-con e-child\" data-id=\"562afb1\" data-element_type=\"container\" data-e-type=\"container\">\n\t\t\t\t<div class=\"elementor-element elementor-element-b00a69b elementor-widget__width-initial elementor-widget elementor-widget-text-editor\" data-id=\"b00a69b\" data-element_type=\"widget\" data-e-type=\"widget\" data-widget_type=\"text-editor.default\">\n\t\t\t\t<div class=\"elementor-widget-container\">\n\t\t\t\t\t\t\t\t\t<p>\u2705\u00a0\u00a0Interdisziplin\u00e4re Zusammenarbeit auf gemeinsamer Datenbasis<\/p><p>\u2705 Standardisierte Metriken zur Bewertung und Steuerung von Ma\u00dfnahmen<\/p><p>\u2705 DSGVO-konform, sicher &amp; effizient integrierbar<\/p><p data-start=\"1493\" data-end=\"1531\">\u2705 Nahtlose Integration spezialisierter Diagnostik- und Therapie-Systeme.<\/p><p>\u2705 Diskrete Werte statt statischer Befunde.<\/p><p>\u2705 Messbarer Therapieerfolg dank zentraler Daten.<\/p><p>\u2705 Nahtlose Integration von Wearables.<\/p><p>\u2705 Mehr Transparenz f\u00fcr Patienten und das gesamte Team.<\/p><p>\u2705 Zukunftsf\u00e4hige digitale Dokumentation und Analyse.<\/p>\t\t\t\t\t\t\t\t<\/div>\n\t\t\t\t<\/div>\n\t\t\t\t<\/div>\n\t\t\t\t<\/div>\n\t\t\t\t<\/div>\n\t\t\t\t\t<\/div>\n\t\t\t\t<\/div>\n\t\t\t\t<\/div>\n\t\t","protected":false},"excerpt":{"rendered":"<p>Medizin und Therapie Gesundheitsverl\u00e4ufe verstehen, Therapie individuell steuern.Der Datico\u00ae LIFE HUB erm\u00f6glicht \u00c4rzten, Therapeuten und Reha-Zentren eine pr\u00e4zise, datengest\u00fctzte Analyse von Gesundheitsparametern \u2013 f\u00fcr eine individuellere Behandlung, objektive Verlaufskontrolle und interdisziplin\u00e4re Zusammenarbeit. Home | L\u00f6sungen | Medizin Therapie wirkt \u2013 wenn man sie steuern kann. Die Probleme in der Medizin und Therapie Verlaufsdokumentation ist oft&hellip;&nbsp;<a href=\"https:\/\/datico.com\/de\/loesungen\/loesungen-medizin\/\" rel=\"bookmark\">Weiterlesen &raquo;<span class=\"screen-reader-text\">L\u00f6sungen Medizin<\/span><\/a><\/p>\n","protected":false},"author":1,"featured_media":0,"parent":3870,"menu_order":1,"comment_status":"closed","ping_status":"closed","template":"page-templates\/template-pagebuilder-full-width.php","meta":{"neve_meta_sidebar":"","neve_meta_container":"","neve_meta_enable_content_width":"","neve_meta_content_width":0,"neve_meta_title_alignment":"","neve_meta_author_avatar":"","neve_post_elements_order":"","neve_meta_disable_header":"","neve_meta_disable_footer":"","neve_meta_disable_title":"","footnotes":""},"wf_page_folders":[75],"class_list":["post-3291","page","type-page","status-publish","hentry"],"_links":{"self":[{"href":"https:\/\/datico.com\/de\/wp-json\/wp\/v2\/pages\/3291","targetHints":{"allow":["GET"]}}],"collection":[{"href":"https:\/\/datico.com\/de\/wp-json\/wp\/v2\/pages"}],"about":[{"href":"https:\/\/datico.com\/de\/wp-json\/wp\/v2\/types\/page"}],"author":[{"embeddable":true,"href":"https:\/\/datico.com\/de\/wp-json\/wp\/v2\/users\/1"}],"replies":[{"embeddable":true,"href":"https:\/\/datico.com\/de\/wp-json\/wp\/v2\/comments?post=3291"}],"version-history":[{"count":10,"href":"https:\/\/datico.com\/de\/wp-json\/wp\/v2\/pages\/3291\/revisions"}],"predecessor-version":[{"id":5224,"href":"https:\/\/datico.com\/de\/wp-json\/wp\/v2\/pages\/3291\/revisions\/5224"}],"up":[{"embeddable":true,"href":"https:\/\/datico.com\/de\/wp-json\/wp\/v2\/pages\/3870"}],"wp:attachment":[{"href":"https:\/\/datico.com\/de\/wp-json\/wp\/v2\/media?parent=3291"}],"wp:term":[{"taxonomy":"wf_page_folders","embeddable":true,"href":"https:\/\/datico.com\/de\/wp-json\/wp\/v2\/wf_page_folders?post=3291"}],"curies":[{"name":"wp","href":"https:\/\/api.w.org\/{rel}","templated":true}]}}