{"id":3293,"date":"2025-04-22T10:45:19","date_gmt":"2025-04-22T10:45:19","guid":{"rendered":"https:\/\/datico.com\/?page_id=3293"},"modified":"2026-03-23T10:22:40","modified_gmt":"2026-03-23T10:22:40","slug":"loesungen-sport","status":"publish","type":"page","link":"https:\/\/datico.com\/de\/loesungen\/loesungen-sport\/","title":{"rendered":"L\u00f6sungen Sport"},"content":{"rendered":"\t\t<div data-elementor-type=\"wp-page\" data-elementor-id=\"3293\" class=\"elementor elementor-3293\" data-elementor-post-type=\"page\">\n\t\t\t\t<div class=\"elementor-element elementor-element-d557372 e-flex e-con-boxed e-con e-parent\" data-id=\"d557372\" data-element_type=\"container\" data-e-type=\"container\" data-settings=\"{&quot;background_background&quot;:&quot;classic&quot;}\">\n\t\t\t\t\t<div class=\"e-con-inner\">\n\t\t<div class=\"elementor-element elementor-element-b5deee4 e-flex e-con-boxed e-con e-child\" data-id=\"b5deee4\" data-element_type=\"container\" data-e-type=\"container\">\n\t\t\t\t\t<div class=\"e-con-inner\">\n\t\t\t\t<div class=\"elementor-element elementor-element-9eb01f5 elementor-widget__width-initial elementor-widget elementor-widget-heading\" data-id=\"9eb01f5\" data-element_type=\"widget\" data-e-type=\"widget\" data-widget_type=\"heading.default\">\n\t\t\t\t<div class=\"elementor-widget-container\">\n\t\t\t\t\t<h2 class=\"elementor-heading-title elementor-size-default\">Leistungssport<\/h2>\t\t\t\t<\/div>\n\t\t\t\t<\/div>\n\t\t\t\t<div class=\"elementor-element elementor-element-84625c3 elementor-widget__width-initial elementor-widget-laptop__width-initial elementor-widget-tablet_extra__width-initial elementor-widget-tablet__width-initial elementor-widget-mobile_extra__width-initial elementor-widget elementor-widget-text-editor\" data-id=\"84625c3\" data-element_type=\"widget\" data-e-type=\"widget\" data-widget_type=\"text-editor.default\">\n\t\t\t\t<div class=\"elementor-widget-container\">\n\t\t\t\t\t\t\t\t\t<p><strong>Maximale Leistung beginnt mit maximaler Pr\u00e4zision.<\/strong><br \/>Der Datico<sup>\u00ae<\/sup> LIFE HUB liefert Trainern, Sportwissenschaftlern, Betreuern und medizinischem Personal im Leistungssport eine gemeinsame Datenbasis, um Gesundheit, Belastung und Performance evidenzbasiert zu steuern \u2013 individuell, interdisziplin\u00e4r und in Echtzeit.<\/p>\t\t\t\t\t\t\t\t<\/div>\n\t\t\t\t<\/div>\n\t\t\t\t\t<\/div>\n\t\t\t\t<\/div>\n\t\t\t\t\t<\/div>\n\t\t\t\t<\/div>\n\t\t<div class=\"elementor-element elementor-element-253cc5c e-flex e-con-boxed e-con e-parent\" data-id=\"253cc5c\" data-element_type=\"container\" data-e-type=\"container\">\n\t\t\t\t\t<div class=\"e-con-inner\">\n\t\t<div class=\"elementor-element elementor-element-9e64ae8 e-flex e-con-boxed e-con e-child\" data-id=\"9e64ae8\" data-element_type=\"container\" data-e-type=\"container\">\n\t\t\t\t\t<div class=\"e-con-inner\">\n\t\t\t\t<div class=\"elementor-element elementor-element-5da609c elementor-widget elementor-widget-text-editor\" data-id=\"5da609c\" data-element_type=\"widget\" data-e-type=\"widget\" data-widget_type=\"text-editor.default\">\n\t\t\t\t<div class=\"elementor-widget-container\">\n\t\t\t\t\t\t\t\t\t<p><a href=\"\/\">Home<\/a> | <a href=\"https:\/\/datico.com\/de\/loesungen\/\">L\u00f6sungen<\/a> | Sport<\/p>\t\t\t\t\t\t\t\t<\/div>\n\t\t\t\t<\/div>\n\t\t\t\t\t<\/div>\n\t\t\t\t<\/div>\n\t\t\t\t\t<\/div>\n\t\t\t\t<\/div>\n\t\t<div class=\"elementor-element elementor-element-4f070f4 e-flex e-con-boxed e-con e-parent\" data-id=\"4f070f4\" data-element_type=\"container\" data-e-type=\"container\">\n\t\t\t\t\t<div class=\"e-con-inner\">\n\t\t<div class=\"elementor-element elementor-element-c45b8ab e-con-full e-flex e-con e-child\" data-id=\"c45b8ab\" data-element_type=\"container\" data-e-type=\"container\">\n\t\t\t\t<div class=\"elementor-element elementor-element-8306f0b elementor-widget elementor-widget-heading\" data-id=\"8306f0b\" data-element_type=\"widget\" data-e-type=\"widget\" data-widget_type=\"heading.default\">\n\t\t\t\t<div class=\"elementor-widget-container\">\n\t\t\t\t\t<h2 class=\"elementor-heading-title elementor-size-default\">H\u00f6chstleistung unter Druck \u2013 aber mit welchen Daten?<\/h2>\t\t\t\t<\/div>\n\t\t\t\t<\/div>\n\t\t\t\t<div class=\"elementor-element elementor-element-639618d elementor-widget elementor-widget-heading\" data-id=\"639618d\" data-element_type=\"widget\" data-e-type=\"widget\" data-widget_type=\"heading.default\">\n\t\t\t\t<div class=\"elementor-widget-container\">\n\t\t\t\t\t<h2 class=\"elementor-heading-title elementor-size-default\">Die Probleme im Leistungssport<\/h2>\t\t\t\t<\/div>\n\t\t\t\t<\/div>\n\t\t<div class=\"elementor-element elementor-element-9ba5d11 e-grid e-con-full e-con e-child\" data-id=\"9ba5d11\" data-element_type=\"container\" data-e-type=\"container\">\n\t\t<div class=\"elementor-element elementor-element-cfb01ca e-con-full e-flex e-con e-child\" data-id=\"cfb01ca\" data-element_type=\"container\" data-e-type=\"container\">\n\t\t\t\t<div class=\"elementor-element elementor-element-0db7cb9 elementor-widget elementor-widget-text-editor\" data-id=\"0db7cb9\" data-element_type=\"widget\" data-e-type=\"widget\" data-widget_type=\"text-editor.default\">\n\t\t\t\t<div class=\"elementor-widget-container\">\n\t\t\t\t\t\t\t\t\t<p><strong>Verteilte Datensilos erschweren den \u00dcberblick<\/strong><br \/>Trainings-, Diagnostik- und Gesundheitsdaten werden oft separat erfasst \u2013 in Excel-Tabellen, medizinischer Software oder manuell. Eine konsolidierte, verl\u00e4ssliche Sicht auf den Athleten fehlt.<\/p><p><strong>Es gibt keine zentrale Steuerungsgrundlage<\/strong><br \/>Viele Entscheidungen basieren auf Gef\u00fchl, Erfahrung oder Einzelwerten \u2013 ohne vernetzte Datenbasis f\u00e4llt die objektive Beurteilung von Belastung und Leistungsentwicklung schwer.<\/p><p><strong>Abstimmung zwischen Disziplinen ist ineffizient<\/strong><br \/>Trainer, Mediziner, Diagnostiker und Therapeuten arbeiten mit verschiedenen Tools und haben unterschiedliche Informationsst\u00e4nde. Das erschwert die Zusammenarbeit und f\u00fchrt zu Reibungsverlusten.<\/p><p><strong>Verletzungsrisiken werden oft zu sp\u00e4t erkannt<\/strong><br \/>Fr\u00fchwarnzeichen bleiben unentdeckt, weil Daten nicht richtig zusammengef\u00fchrt oder interpretiert werden k\u00f6nnen. Die pr\u00e4ventive Arbeit wird dadurch geschw\u00e4cht.<\/p><p><strong>Re-Entry-Prozesse verlaufen unsystematisch<\/strong><br \/>Return-to-Play-Entscheidungen sind h\u00e4ufig nicht klar nachvollziehbar dokumentiert oder objektiv begr\u00fcndet \u2013 mit potenziellen Risiken f\u00fcr Athlet*in und Team.<\/p>\t\t\t\t\t\t\t\t<\/div>\n\t\t\t\t<\/div>\n\t\t\t\t<\/div>\n\t\t<div class=\"elementor-element elementor-element-396ed25 e-con-full e-flex e-con e-child\" data-id=\"396ed25\" data-element_type=\"container\" data-e-type=\"container\">\n\t\t\t\t<div class=\"elementor-element elementor-element-f42b119 elementor-widget elementor-widget-text-editor\" data-id=\"f42b119\" data-element_type=\"widget\" data-e-type=\"widget\" data-widget_type=\"text-editor.default\">\n\t\t\t\t<div class=\"elementor-widget-container\">\n\t\t\t\t\t\t\t\t\t<p>\u26a0\ufe0f\u00a0Daten liegen verstreut in Einzelsystemen<\/p><p>\u26a0\ufe0f\u00a0Keine einheitliche Sicht auf den Athleten<\/p><p>\u26a0\ufe0f\u00a0Subjektive statt objektiver Belastungssteuerung<\/p><p>\u26a0\ufe0f\u00a0Fehlende Interdisziplinarit\u00e4t im Team<\/p><p>\u26a0\ufe0f\u00a0Unsicherheit bei Return-to-Play und Verletzungsprophylaxe<\/p><p>\u26a0\ufe0f Datenschutzstandards oft nicht umsetzbar.<\/p><p>\u26a0\ufe0f Propriet\u00e4re Systeme verhindern die zentrale Datenbasis.<\/p><p>\u26a0\ufe0f Schwierige Integration von Wearable-Daten.<\/p><p>\u26a0\ufe0f Umst\u00e4ndliches Management von digitalen Formularen.<\/p><p>\u26a0\ufe0f Schwieriger Datenaustausch mit Partnern.<\/p><p>\u26a0\ufe0f Fehlendes Zugriffsmanagement bei Videos.<\/p>\t\t\t\t\t\t\t\t<\/div>\n\t\t\t\t<\/div>\n\t\t\t\t<\/div>\n\t\t\t\t<\/div>\n\t\t\t\t<\/div>\n\t\t\t\t\t<\/div>\n\t\t\t\t<\/div>\n\t\t<div class=\"elementor-element elementor-element-9ee05cd e-flex e-con-boxed e-con e-parent\" data-id=\"9ee05cd\" data-element_type=\"container\" data-e-type=\"container\" data-settings=\"{&quot;background_background&quot;:&quot;classic&quot;}\">\n\t\t\t\t\t<div class=\"e-con-inner\">\n\t\t<div class=\"elementor-element elementor-element-67f5139 e-con-full e-flex e-con e-child\" data-id=\"67f5139\" data-element_type=\"container\" data-e-type=\"container\">\n\t\t\t\t<div class=\"elementor-element elementor-element-21f796a elementor-widget elementor-widget-heading\" data-id=\"21f796a\" data-element_type=\"widget\" data-e-type=\"widget\" data-widget_type=\"heading.default\">\n\t\t\t\t<div class=\"elementor-widget-container\">\n\t\t\t\t\t<h2 class=\"elementor-heading-title elementor-size-default\">Von Excel zu Effizienz: Zentrale Daten, maximale Performance.<\/h2>\t\t\t\t<\/div>\n\t\t\t\t<\/div>\n\t\t\t\t<div class=\"elementor-element elementor-element-7db03d7 elementor-widget elementor-widget-heading\" data-id=\"7db03d7\" data-element_type=\"widget\" data-e-type=\"widget\" data-widget_type=\"heading.default\">\n\t\t\t\t<div class=\"elementor-widget-container\">\n\t\t\t\t\t<h2 class=\"elementor-heading-title elementor-size-default\">Die L\u00f6sung<\/h2>\t\t\t\t<\/div>\n\t\t\t\t<\/div>\n\t\t<div class=\"elementor-element elementor-element-f4a32ee e-grid e-con-full e-con e-child\" data-id=\"f4a32ee\" data-element_type=\"container\" data-e-type=\"container\">\n\t\t<div class=\"elementor-element elementor-element-f3f8091 e-con-full e-flex e-con e-child\" data-id=\"f3f8091\" data-element_type=\"container\" data-e-type=\"container\">\n\t\t\t\t<div class=\"elementor-element elementor-element-e02aac3 elementor-widget__width-initial elementor-widget elementor-widget-text-editor\" data-id=\"e02aac3\" data-element_type=\"widget\" data-e-type=\"widget\" data-widget_type=\"text-editor.default\">\n\t\t\t\t<div class=\"elementor-widget-container\">\n\t\t\t\t\t\t\t\t\t<p><strong>Der Datico<sup>\u00ae<\/sup> LIFE HUB schafft eine zentrale, einheitliche Datenplattform<\/strong> die alle Datenquellen nahtlos vernetzt \u2013 Trainingsbelastung, medizinische Befunde, Diagnostiken und subjektive Einsch\u00e4tzungen. So entsteht ein vollst\u00e4ndiges Bild der Athletengesundheit \u2013 strukturiert, vergleichbar und \u00fcber Zeitr\u00e4ume hinweg nachvollziehbar.<\/p><p><strong>Teams arbeiten erstmals auf einer gemeinsamen Datengrundlage.<\/strong> Trainerinnen, \u00c4rztinnen, Diagnostikerinnen und Betreuerinnen haben Zugriff auf dieselben Informationen \u2013 rollenbasiert, sicher und effizient. Das verbessert die Abstimmung und st\u00e4rkt die gemeinsame Entscheidungsbasis.<\/p><p><strong>Leistungsentwicklung und Gesundheitsverl\u00e4ufe werden transparent und objektiv.<\/strong> Mit individuell konfigurierbaren Dashboards und Reports lassen sich Belastung, Regeneration und Risikofaktoren gezielt steuern. Fr\u00fchwarnsysteme helfen, \u00dcberlastungen und Ausf\u00e4lle zu vermeiden.<\/p><p><strong>Return-to-Play-Prozesse und individuelle Betreuung werden systematisch dokumentiert.<\/strong> Verlaufskurven, Checklisten und standardisierte Verfahren machen Entscheidungen nachvollziehbar und sorgen f\u00fcr Sicherheit \u2013 f\u00fcr Athlet*innen wie f\u00fcr Verantwortliche.<\/p>\t\t\t\t\t\t\t\t<\/div>\n\t\t\t\t<\/div>\n\t\t\t\t<\/div>\n\t\t<div class=\"elementor-element elementor-element-ac66397 e-con-full e-flex e-con e-child\" data-id=\"ac66397\" data-element_type=\"container\" data-e-type=\"container\">\n\t\t\t\t<div class=\"elementor-element elementor-element-98b344b elementor-widget__width-initial elementor-widget elementor-widget-text-editor\" data-id=\"98b344b\" data-element_type=\"widget\" data-e-type=\"widget\" data-widget_type=\"text-editor.default\">\n\t\t\t\t<div class=\"elementor-widget-container\">\n\t\t\t\t\t\t\t\t\t<p data-start=\"1493\" data-end=\"1531\">\u2705\u00a0Zentrale Plattform f\u00fcr alle Gesundheits- &amp; Leistungsdaten<\/p><p>\u2705\u00a0Effiziente Zusammenarbeit im Betreuungsteam<\/p><p>\u2705\u00a0Objektive Steuerung von Belastung &amp; Regeneration<\/p><p>\u2705\u00a0Strukturierte Return-to-Play-Prozesse und Verlaufskontrollen<\/p><p>\u2705 Datenschutzkonform &amp; sicher \u2013 Made in Germany<\/p><p>\u2705 Nahtlose Integration von Systemen und Wearables.<\/p><p>\u2705 Effizientes Management von Videos und Dateien.<\/p><p>\u2705 Vereinfachter Datenaustausch mit Partnern.<\/p><p>\u2705 Sicherstellung aktueller Datensicherheitsstandards.<\/p><p>\u2705 Zeitersparnis durch effiziente, zentrale Datenverwaltung.<\/p>\t\t\t\t\t\t\t\t<\/div>\n\t\t\t\t<\/div>\n\t\t\t\t<\/div>\n\t\t\t\t<\/div>\n\t\t\t\t<\/div>\n\t\t\t\t\t<\/div>\n\t\t\t\t<\/div>\n\t\t\t\t<\/div>\n\t\t","protected":false},"excerpt":{"rendered":"<p>Leistungssport Maximale Leistung beginnt mit maximaler Pr\u00e4zision.Der Datico\u00ae LIFE HUB liefert Trainern, Sportwissenschaftlern, Betreuern und medizinischem Personal im Leistungssport eine gemeinsame Datenbasis, um Gesundheit, Belastung und Performance evidenzbasiert zu steuern \u2013 individuell, interdisziplin\u00e4r und in Echtzeit. Home | L\u00f6sungen | Sport H\u00f6chstleistung unter Druck \u2013 aber mit welchen Daten? Die Probleme im Leistungssport Verteilte Datensilos&hellip;&nbsp;<a href=\"https:\/\/datico.com\/de\/loesungen\/loesungen-sport\/\" rel=\"bookmark\">Weiterlesen &raquo;<span class=\"screen-reader-text\">L\u00f6sungen Sport<\/span><\/a><\/p>\n","protected":false},"author":1,"featured_media":0,"parent":3870,"menu_order":2,"comment_status":"closed","ping_status":"closed","template":"page-templates\/template-pagebuilder-full-width.php","meta":{"neve_meta_sidebar":"","neve_meta_container":"","neve_meta_enable_content_width":"","neve_meta_content_width":0,"neve_meta_title_alignment":"","neve_meta_author_avatar":"","neve_post_elements_order":"","neve_meta_disable_header":"","neve_meta_disable_footer":"","neve_meta_disable_title":"","footnotes":""},"wf_page_folders":[75],"class_list":["post-3293","page","type-page","status-publish","hentry"],"_links":{"self":[{"href":"https:\/\/datico.com\/de\/wp-json\/wp\/v2\/pages\/3293","targetHints":{"allow":["GET"]}}],"collection":[{"href":"https:\/\/datico.com\/de\/wp-json\/wp\/v2\/pages"}],"about":[{"href":"https:\/\/datico.com\/de\/wp-json\/wp\/v2\/types\/page"}],"author":[{"embeddable":true,"href":"https:\/\/datico.com\/de\/wp-json\/wp\/v2\/users\/1"}],"replies":[{"embeddable":true,"href":"https:\/\/datico.com\/de\/wp-json\/wp\/v2\/comments?post=3293"}],"version-history":[{"count":10,"href":"https:\/\/datico.com\/de\/wp-json\/wp\/v2\/pages\/3293\/revisions"}],"predecessor-version":[{"id":5231,"href":"https:\/\/datico.com\/de\/wp-json\/wp\/v2\/pages\/3293\/revisions\/5231"}],"up":[{"embeddable":true,"href":"https:\/\/datico.com\/de\/wp-json\/wp\/v2\/pages\/3870"}],"wp:attachment":[{"href":"https:\/\/datico.com\/de\/wp-json\/wp\/v2\/media?parent=3293"}],"wp:term":[{"taxonomy":"wf_page_folders","embeddable":true,"href":"https:\/\/datico.com\/de\/wp-json\/wp\/v2\/wf_page_folders?post=3293"}],"curies":[{"name":"wp","href":"https:\/\/api.w.org\/{rel}","templated":true}]}}