{"id":3295,"date":"2025-04-22T10:45:53","date_gmt":"2025-04-22T10:45:53","guid":{"rendered":"https:\/\/datico.com\/?page_id=3295"},"modified":"2026-03-23T10:50:43","modified_gmt":"2026-03-23T10:50:43","slug":"loesungen-einsatzkraefte","status":"publish","type":"page","link":"https:\/\/datico.com\/de\/loesungen\/loesungen-einsatzkraefte\/","title":{"rendered":"L\u00f6sungen Einsatzkr\u00e4fte"},"content":{"rendered":"\t\t<div data-elementor-type=\"wp-page\" data-elementor-id=\"3295\" class=\"elementor elementor-3295\" data-elementor-post-type=\"page\">\n\t\t\t\t<div class=\"elementor-element elementor-element-6aed61d e-flex e-con-boxed e-con e-parent\" data-id=\"6aed61d\" data-element_type=\"container\" data-e-type=\"container\" data-settings=\"{&quot;background_background&quot;:&quot;classic&quot;}\">\n\t\t\t\t\t<div class=\"e-con-inner\">\n\t\t<div class=\"elementor-element elementor-element-3f5ee46 e-flex e-con-boxed e-con e-child\" data-id=\"3f5ee46\" data-element_type=\"container\" data-e-type=\"container\">\n\t\t\t\t\t<div class=\"e-con-inner\">\n\t\t\t\t<div class=\"elementor-element elementor-element-0dcefa8 elementor-widget__width-initial elementor-widget elementor-widget-heading\" data-id=\"0dcefa8\" data-element_type=\"widget\" data-e-type=\"widget\" data-widget_type=\"heading.default\">\n\t\t\t\t<div class=\"elementor-widget-container\">\n\t\t\t\t\t<h2 class=\"elementor-heading-title elementor-size-default\">Einsatzkr\u00e4fte<\/h2>\t\t\t\t<\/div>\n\t\t\t\t<\/div>\n\t\t\t\t<div class=\"elementor-element elementor-element-4424451 elementor-widget__width-initial elementor-widget-laptop__width-initial elementor-widget-tablet_extra__width-initial elementor-widget-tablet__width-initial elementor-widget-mobile_extra__width-initial elementor-widget elementor-widget-text-editor\" data-id=\"4424451\" data-element_type=\"widget\" data-e-type=\"widget\" data-widget_type=\"text-editor.default\">\n\t\t\t\t<div class=\"elementor-widget-container\">\n\t\t\t\t\t\t\t\t\t<p><strong>Gesund und einsatzbereit \u2013 jederzeit, unter allen Bedingungen.<\/strong><br \/>Mit dem Datico<sup>\u00ae<\/sup> LIFE HUB analysieren und steuern Organisationen die k\u00f6rperliche Einsatzf\u00e4higkeit ihrer Teams kontinuierlich \u2013 wissenschaftlich fundiert, datenschutzkonform und auf die spezifischen Anforderungen von Einsatzkr\u00e4ften abgestimmt.<\/p>\t\t\t\t\t\t\t\t<\/div>\n\t\t\t\t<\/div>\n\t\t\t\t\t<\/div>\n\t\t\t\t<\/div>\n\t\t\t\t\t<\/div>\n\t\t\t\t<\/div>\n\t\t<div class=\"elementor-element elementor-element-dc91c44 e-flex e-con-boxed e-con e-parent\" data-id=\"dc91c44\" data-element_type=\"container\" data-e-type=\"container\">\n\t\t\t\t\t<div class=\"e-con-inner\">\n\t\t<div class=\"elementor-element elementor-element-8a2e472 e-flex e-con-boxed e-con e-child\" data-id=\"8a2e472\" data-element_type=\"container\" data-e-type=\"container\">\n\t\t\t\t\t<div class=\"e-con-inner\">\n\t\t\t\t<div class=\"elementor-element elementor-element-3efa14e elementor-widget elementor-widget-text-editor\" data-id=\"3efa14e\" data-element_type=\"widget\" data-e-type=\"widget\" data-widget_type=\"text-editor.default\">\n\t\t\t\t<div class=\"elementor-widget-container\">\n\t\t\t\t\t\t\t\t\t<p><a href=\"\/\">Home<\/a> | <a href=\"https:\/\/datico.com\/de\/loesungen\/\">L\u00f6sungen<\/a> | Einsatzkr\u00e4fte<\/p>\t\t\t\t\t\t\t\t<\/div>\n\t\t\t\t<\/div>\n\t\t\t\t\t<\/div>\n\t\t\t\t<\/div>\n\t\t\t\t\t<\/div>\n\t\t\t\t<\/div>\n\t\t<div class=\"elementor-element elementor-element-69a5cf5 e-flex e-con-boxed e-con e-parent\" data-id=\"69a5cf5\" data-element_type=\"container\" data-e-type=\"container\">\n\t\t\t\t\t<div class=\"e-con-inner\">\n\t\t<div class=\"elementor-element elementor-element-fb452e3 e-con-full e-flex e-con e-child\" data-id=\"fb452e3\" data-element_type=\"container\" data-e-type=\"container\">\n\t\t\t\t<div class=\"elementor-element elementor-element-14cfd10 elementor-widget elementor-widget-heading\" data-id=\"14cfd10\" data-element_type=\"widget\" data-e-type=\"widget\" data-widget_type=\"heading.default\">\n\t\t\t\t<div class=\"elementor-widget-container\">\n\t\t\t\t\t<h2 class=\"elementor-heading-title elementor-size-default\">Belastungsf\u00e4higkeit, Einsatzbereitschaft, Gesundheitsschutz \u2013 unter anspruchsvollen und oft nicht planbaren Bedingungen<\/h2>\t\t\t\t<\/div>\n\t\t\t\t<\/div>\n\t\t\t\t<div class=\"elementor-element elementor-element-341ad21 elementor-widget elementor-widget-heading\" data-id=\"341ad21\" data-element_type=\"widget\" data-e-type=\"widget\" data-widget_type=\"heading.default\">\n\t\t\t\t<div class=\"elementor-widget-container\">\n\t\t\t\t\t<h2 class=\"elementor-heading-title elementor-size-default\">Probleme bei Einsatzkr\u00e4ften<\/h2>\t\t\t\t<\/div>\n\t\t\t\t<\/div>\n\t\t<div class=\"elementor-element elementor-element-d63f8d4 e-grid e-con-full e-con e-child\" data-id=\"d63f8d4\" data-element_type=\"container\" data-e-type=\"container\">\n\t\t<div class=\"elementor-element elementor-element-363d911 e-con-full e-flex e-con e-child\" data-id=\"363d911\" data-element_type=\"container\" data-e-type=\"container\">\n\t\t\t\t<div class=\"elementor-element elementor-element-b51cee1 elementor-widget elementor-widget-text-editor\" data-id=\"b51cee1\" data-element_type=\"widget\" data-e-type=\"widget\" data-widget_type=\"text-editor.default\">\n\t\t\t\t<div class=\"elementor-widget-container\">\n\t\t\t\t\t\t\t\t\t<p data-start=\"864\" data-end=\"1095\"><strong data-start=\"864\" data-end=\"918\">Einsatzbereitschaft ist schwer objektiv messbar<\/strong><br data-start=\"918\" data-end=\"921\" \/>Gerade in belastungsintensiven Phasen fehlen verl\u00e4ssliche Daten zur k\u00f6rperlichen und psychischen Einsatzf\u00e4higkeit \u2013 Entscheidungen beruhen oft auf subjektiven Einsch\u00e4tzungen.<\/p><p data-start=\"1097\" data-end=\"1311\"><strong data-start=\"1097\" data-end=\"1153\">Gesundheits- und Leistungsdaten sind fragmentiert<\/strong><br data-start=\"1153\" data-end=\"1156\" \/>Medizinische Befunde, Trainingsdaten oder Belastungsanalysen liegen in separaten Systemen oder analog vor. Eine ganzheitliche Beurteilung ist kaum m\u00f6glich.<\/p><p data-start=\"1313\" data-end=\"1564\"><strong data-start=\"1313\" data-end=\"1379\">Es fehlen standardisierte Prozesse zur Gesundheitssteuerung<\/strong><br data-start=\"1379\" data-end=\"1382\" \/>Weder f\u00fcr pr\u00e4ventive Ma\u00dfnahmen noch f\u00fcr Wiedereinstieg nach Krankheit oder Verletzung gibt es verl\u00e4ssliche, datenbasierte Abl\u00e4ufe \u2013 das birgt Risiken f\u00fcr Organisation und Individuum.<\/p><p data-start=\"1566\" data-end=\"1772\"><strong data-start=\"1566\" data-end=\"1614\">Belastungsverl\u00e4ufe bleiben oft unentdeckt<\/strong><br data-start=\"1614\" data-end=\"1617\" \/>Leistungsdaten \u00fcber Zeitr\u00e4ume hinweg werden nicht systematisch erfasst oder genutzt. Fr\u00fchwarnzeichen f\u00fcr \u00dcberlastung oder Verschlei\u00df gehen im Alltag unter.<\/p><p data-start=\"1774\" data-end=\"1969\"><strong data-start=\"1774\" data-end=\"1821\">R\u00fcckkehrprozesse sind nicht dokumentiert<\/strong><br data-start=\"1821\" data-end=\"1824\" \/>Return-to-Duty-Entscheidungen basieren selten auf objektiven Kriterien oder standardisierten Checks \u2013 Transparenz und Nachvollziehbarkeit fehlen.<\/p>\t\t\t\t\t\t\t\t<\/div>\n\t\t\t\t<\/div>\n\t\t\t\t<\/div>\n\t\t<div class=\"elementor-element elementor-element-9b1583b e-con-full e-flex e-con e-child\" data-id=\"9b1583b\" data-element_type=\"container\" data-e-type=\"container\">\n\t\t\t\t<div class=\"elementor-element elementor-element-0b14534 elementor-widget elementor-widget-text-editor\" data-id=\"0b14534\" data-element_type=\"widget\" data-e-type=\"widget\" data-widget_type=\"text-editor.default\">\n\t\t\t\t<div class=\"elementor-widget-container\">\n\t\t\t\t\t\t\t\t\t<p>\u26a0\ufe0f Einsatzf\u00e4higkeit oft nur subjektiv eingesch\u00e4tzt<\/p><p>\u26a0\ufe0f Medizinische und sportliche Daten getrennt erfasst<\/p><p>\u26a0\ufe0f Fehlende Standards f\u00fcr Gesundheitssteuerung<\/p><p>\u26a0\ufe0f\u00a0Keine zentrale \u00dcbersicht \u00fcber Belastung &amp; Entwicklung<\/p><p>\u26a0\ufe0f\u00a0Pr\u00e4vention &amp; Re-Entry laufen unsystematisch<\/p><p>\u26a0\ufe0f Kein systematischer Abgleich zwischen individueller Leistungsf\u00e4higkeit und Einsatzprofil<\/p><p>\u26a0\ufe0f Datensilos durch fehlende Schnittstellen\u00a0<\/p><p>\u26a0\ufe0f Begrenzter Einblick in Leistungsentwicklungen<\/p><p>\u26a0\ufe0f Datenschutzbestimmungen oft nicht eingehalten<\/p><p>\u26a0\ufe0f Zeitaufwendige manuelle Prozesse<\/p>\t\t\t\t\t\t\t\t<\/div>\n\t\t\t\t<\/div>\n\t\t\t\t<\/div>\n\t\t\t\t<\/div>\n\t\t\t\t<\/div>\n\t\t\t\t\t<\/div>\n\t\t\t\t<\/div>\n\t\t<div class=\"elementor-element elementor-element-d3159b8 e-flex e-con-boxed e-con e-parent\" data-id=\"d3159b8\" data-element_type=\"container\" data-e-type=\"container\" data-settings=\"{&quot;background_background&quot;:&quot;classic&quot;}\">\n\t\t\t\t\t<div class=\"e-con-inner\">\n\t\t<div class=\"elementor-element elementor-element-747c2aa e-con-full e-flex e-con e-child\" data-id=\"747c2aa\" data-element_type=\"container\" data-e-type=\"container\">\n\t\t\t\t<div class=\"elementor-element elementor-element-c5a2a7c elementor-widget elementor-widget-heading\" data-id=\"c5a2a7c\" data-element_type=\"widget\" data-e-type=\"widget\" data-widget_type=\"heading.default\">\n\t\t\t\t<div class=\"elementor-widget-container\">\n\t\t\t\t\t<h2 class=\"elementor-heading-title elementor-size-default\">Evidenz statt Bauchgef\u00fchl \u2013 Einsatzf\u00e4higkeit neu gedacht.<\/h2>\t\t\t\t<\/div>\n\t\t\t\t<\/div>\n\t\t\t\t<div class=\"elementor-element elementor-element-72ac4ac elementor-widget elementor-widget-heading\" data-id=\"72ac4ac\" data-element_type=\"widget\" data-e-type=\"widget\" data-widget_type=\"heading.default\">\n\t\t\t\t<div class=\"elementor-widget-container\">\n\t\t\t\t\t<h2 class=\"elementor-heading-title elementor-size-default\">Die L\u00f6sung<\/h2>\t\t\t\t<\/div>\n\t\t\t\t<\/div>\n\t\t<div class=\"elementor-element elementor-element-6c8bd08 e-grid e-con-full e-con e-child\" data-id=\"6c8bd08\" data-element_type=\"container\" data-e-type=\"container\">\n\t\t<div class=\"elementor-element elementor-element-cb090aa e-con-full e-flex e-con e-child\" data-id=\"cb090aa\" data-element_type=\"container\" data-e-type=\"container\">\n\t\t\t\t<div class=\"elementor-element elementor-element-2736ab7 elementor-widget__width-initial elementor-widget elementor-widget-text-editor\" data-id=\"2736ab7\" data-element_type=\"widget\" data-e-type=\"widget\" data-widget_type=\"text-editor.default\">\n\t\t\t\t<div class=\"elementor-widget-container\">\n\t\t\t\t\t\t\t\t\t<p><strong>Der Datico<sup>\u00ae<\/sup> LIFE HUB <\/strong><strong data-start=\"2097\" data-end=\"2186\">bringt medizinische, athletische und subjektive Daten in einem System zusammen<\/strong>, um die Einsatzf\u00e4higkeit ganzheitlich zu bewerten und gezielt zu steuern. So entstehen belastbare Entscheidungsgrundlagen f\u00fcr F\u00fchrungskr\u00e4fte und medizinische Fachstellen \u2013 transparent und evidenzbasiert.<\/p><p data-start=\"2392\" data-end=\"2627\"><strong data-start=\"2392\" data-end=\"2448\">Die Plattform schafft Struktur und Vergleichbarkeit.<\/strong> Organisationen k\u00f6nnen Belastungsverl\u00e4ufe und Gesundheitsdaten systematisch erfassen, standardisieren und auswerten \u2013 egal ob in Ausbildung, Routinebetrieb oder Sondereinsatzlage.<\/p><p data-start=\"2629\" data-end=\"2860\"><strong data-start=\"2629\" data-end=\"2702\">Datico erm\u00f6glicht fr\u00fchzeitige Pr\u00e4vention und gezieltes Intervenieren.<\/strong> Auff\u00e4lligkeiten im Gesundheitsverlauf, Risiken f\u00fcr Ausfall oder \u00dcberlastung werden schnell erkannt \u2013 auf individueller Ebene und \u00fcber ganze Einheiten hinweg.<\/p><p data-start=\"2862\" data-end=\"3117\"><strong data-start=\"2862\" data-end=\"2928\">Return-to-Duty-Prozesse werden sicherer und nachvollziehbarer.<\/strong> Mit Datico<strong><sup>\u00ae<\/sup><\/strong> k\u00f6nnen Wiedereingliederung und Einsatzfreigaben anhand von klar definierten Kriterien dokumentiert, gepr\u00fcft und abgestimmt werden \u2013 f\u00fcr maximale Sicherheit bei minimalem Risiko.<\/p>\t\t\t\t\t\t\t\t<\/div>\n\t\t\t\t<\/div>\n\t\t\t\t<\/div>\n\t\t<div class=\"elementor-element elementor-element-c8338ea e-con-full e-flex e-con e-child\" data-id=\"c8338ea\" data-element_type=\"container\" data-e-type=\"container\">\n\t\t\t\t<div class=\"elementor-element elementor-element-ba7f77e elementor-widget__width-initial elementor-widget elementor-widget-text-editor\" data-id=\"ba7f77e\" data-element_type=\"widget\" data-e-type=\"widget\" data-widget_type=\"text-editor.default\">\n\t\t\t\t<div class=\"elementor-widget-container\">\n\t\t\t\t\t\t\t\t\t<p data-start=\"1493\" data-end=\"1531\">\u2705\u00a0Ganzheitliche Beurteilung der Einsatzf\u00e4higkeit<\/p><p>\u2705\u00a0Verkn\u00fcpfung medizinischer, sportlicher und subjektiver Daten<\/p><p>\u2705\u00a0Systematische Pr\u00e4vention &amp; Belastungssteuerung<\/p><p>\u2705 Standardisierte Return-to-Duty-Prozesse<\/p><p>\u2705 Datenschutzkonform &amp; sicher \u2013 entwickelt in Deutschland<\/p><p data-start=\"1493\" data-end=\"1531\">\u2705\u00a0Zentrale Plattform f\u00fcr alle Gesundheits- &amp; Leistungsdaten<\/p><p>\u2705\u00a0Effiziente Zusammenarbeit im Betreuungsteam<\/p><p>\u2705 Nahtlose Integration von Systemen und Wearables.<\/p><p>\u2705 Effizientes Management von Videos und Dateien.<\/p><p>\u2705 Vereinfachter Datenaustausch mit Partnern.<\/p>\t\t\t\t\t\t\t\t<\/div>\n\t\t\t\t<\/div>\n\t\t\t\t<\/div>\n\t\t\t\t<\/div>\n\t\t\t\t<\/div>\n\t\t\t\t\t<\/div>\n\t\t\t\t<\/div>\n\t\t\t\t<\/div>\n\t\t","protected":false},"excerpt":{"rendered":"<p>Einsatzkr\u00e4fte Gesund und einsatzbereit \u2013 jederzeit, unter allen Bedingungen.Mit dem Datico\u00ae LIFE HUB analysieren und steuern Organisationen die k\u00f6rperliche Einsatzf\u00e4higkeit ihrer Teams kontinuierlich \u2013 wissenschaftlich fundiert, datenschutzkonform und auf die spezifischen Anforderungen von Einsatzkr\u00e4ften abgestimmt. Home | L\u00f6sungen | Einsatzkr\u00e4fte Belastungsf\u00e4higkeit, Einsatzbereitschaft, Gesundheitsschutz \u2013 unter anspruchsvollen und oft nicht planbaren Bedingungen Probleme bei Einsatzkr\u00e4ften Einsatzbereitschaft&hellip;&nbsp;<a href=\"https:\/\/datico.com\/de\/loesungen\/loesungen-einsatzkraefte\/\" rel=\"bookmark\">Weiterlesen &raquo;<span class=\"screen-reader-text\">L\u00f6sungen Einsatzkr\u00e4fte<\/span><\/a><\/p>\n","protected":false},"author":1,"featured_media":0,"parent":3870,"menu_order":3,"comment_status":"closed","ping_status":"closed","template":"page-templates\/template-pagebuilder-full-width.php","meta":{"neve_meta_sidebar":"","neve_meta_container":"","neve_meta_enable_content_width":"","neve_meta_content_width":0,"neve_meta_title_alignment":"","neve_meta_author_avatar":"","neve_post_elements_order":"","neve_meta_disable_header":"","neve_meta_disable_footer":"","neve_meta_disable_title":"","footnotes":""},"wf_page_folders":[75],"class_list":["post-3295","page","type-page","status-publish","hentry"],"_links":{"self":[{"href":"https:\/\/datico.com\/de\/wp-json\/wp\/v2\/pages\/3295","targetHints":{"allow":["GET"]}}],"collection":[{"href":"https:\/\/datico.com\/de\/wp-json\/wp\/v2\/pages"}],"about":[{"href":"https:\/\/datico.com\/de\/wp-json\/wp\/v2\/types\/page"}],"author":[{"embeddable":true,"href":"https:\/\/datico.com\/de\/wp-json\/wp\/v2\/users\/1"}],"replies":[{"embeddable":true,"href":"https:\/\/datico.com\/de\/wp-json\/wp\/v2\/comments?post=3295"}],"version-history":[{"count":10,"href":"https:\/\/datico.com\/de\/wp-json\/wp\/v2\/pages\/3295\/revisions"}],"predecessor-version":[{"id":5259,"href":"https:\/\/datico.com\/de\/wp-json\/wp\/v2\/pages\/3295\/revisions\/5259"}],"up":[{"embeddable":true,"href":"https:\/\/datico.com\/de\/wp-json\/wp\/v2\/pages\/3870"}],"wp:attachment":[{"href":"https:\/\/datico.com\/de\/wp-json\/wp\/v2\/media?parent=3295"}],"wp:term":[{"taxonomy":"wf_page_folders","embeddable":true,"href":"https:\/\/datico.com\/de\/wp-json\/wp\/v2\/wf_page_folders?post=3295"}],"curies":[{"name":"wp","href":"https:\/\/api.w.org\/{rel}","templated":true}]}}