{"id":3297,"date":"2025-04-22T10:46:46","date_gmt":"2025-04-22T10:46:46","guid":{"rendered":"https:\/\/datico.com\/?page_id=3297"},"modified":"2026-03-23T10:17:52","modified_gmt":"2026-03-23T10:17:52","slug":"loesungen-forschung","status":"publish","type":"page","link":"https:\/\/datico.com\/de\/loesungen\/loesungen-forschung\/","title":{"rendered":"L\u00f6sungen Forschung"},"content":{"rendered":"\t\t<div data-elementor-type=\"wp-page\" data-elementor-id=\"3297\" class=\"elementor elementor-3297\" data-elementor-post-type=\"page\">\n\t\t\t\t<div class=\"elementor-element elementor-element-b85cb21 e-flex e-con-boxed e-con e-parent\" data-id=\"b85cb21\" data-element_type=\"container\" data-e-type=\"container\" data-settings=\"{&quot;background_background&quot;:&quot;classic&quot;}\">\n\t\t\t\t\t<div class=\"e-con-inner\">\n\t\t<div class=\"elementor-element elementor-element-cf802a6 e-flex e-con-boxed e-con e-child\" data-id=\"cf802a6\" data-element_type=\"container\" data-e-type=\"container\">\n\t\t\t\t\t<div class=\"e-con-inner\">\n\t\t\t\t<div class=\"elementor-element elementor-element-278704a elementor-widget__width-initial elementor-widget elementor-widget-heading\" data-id=\"278704a\" data-element_type=\"widget\" data-e-type=\"widget\" data-widget_type=\"heading.default\">\n\t\t\t\t<div class=\"elementor-widget-container\">\n\t\t\t\t\t<h2 class=\"elementor-heading-title elementor-size-default\">Forschung<\/h2>\t\t\t\t<\/div>\n\t\t\t\t<\/div>\n\t\t\t\t<div class=\"elementor-element elementor-element-ac04a06 elementor-widget__width-initial elementor-widget-laptop__width-initial elementor-widget-tablet_extra__width-initial elementor-widget-tablet__width-initial elementor-widget-mobile_extra__width-initial elementor-widget elementor-widget-text-editor\" data-id=\"ac04a06\" data-element_type=\"widget\" data-e-type=\"widget\" data-widget_type=\"text-editor.default\">\n\t\t\t\t<div class=\"elementor-widget-container\">\n\t\t\t\t\t\t\t\t\t<p><strong>Von der Datenerhebung zur Evidenz \u2013 schneller, strukturierter, skalierbar.<\/strong><br \/>Mit dem Datico<sup>\u00ae<\/sup> LIFE HUB unterst\u00fctzt Forschungsprojekte mit einer flexiblen, interoperablen Plattform f\u00fcr standardisierte Datenerhebung, smarte Auswertung und sichere Zusammenarbeit \u2013 ideal f\u00fcr sport-, gesundheits- oder einsatzbezogene Forschungsvorhaben.<\/p>\t\t\t\t\t\t\t\t<\/div>\n\t\t\t\t<\/div>\n\t\t\t\t\t<\/div>\n\t\t\t\t<\/div>\n\t\t\t\t\t<\/div>\n\t\t\t\t<\/div>\n\t\t<div class=\"elementor-element elementor-element-6d20f59 e-flex e-con-boxed e-con e-parent\" data-id=\"6d20f59\" data-element_type=\"container\" data-e-type=\"container\">\n\t\t\t\t\t<div class=\"e-con-inner\">\n\t\t<div class=\"elementor-element elementor-element-a225d68 e-flex e-con-boxed e-con e-child\" data-id=\"a225d68\" data-element_type=\"container\" data-e-type=\"container\">\n\t\t\t\t\t<div class=\"e-con-inner\">\n\t\t\t\t<div class=\"elementor-element elementor-element-45ed6dd elementor-widget elementor-widget-text-editor\" data-id=\"45ed6dd\" data-element_type=\"widget\" data-e-type=\"widget\" data-widget_type=\"text-editor.default\">\n\t\t\t\t<div class=\"elementor-widget-container\">\n\t\t\t\t\t\t\t\t\t<p><a href=\"\/\">Home<\/a> | <a href=\"https:\/\/datico.com\/de\/loesungen\/\">L\u00f6sungen<\/a> | Forschung<\/p>\t\t\t\t\t\t\t\t<\/div>\n\t\t\t\t<\/div>\n\t\t\t\t\t<\/div>\n\t\t\t\t<\/div>\n\t\t\t\t\t<\/div>\n\t\t\t\t<\/div>\n\t\t<div class=\"elementor-element elementor-element-4ff3247 e-flex e-con-boxed e-con e-parent\" data-id=\"4ff3247\" data-element_type=\"container\" data-e-type=\"container\">\n\t\t\t\t\t<div class=\"e-con-inner\">\n\t\t<div class=\"elementor-element elementor-element-1c78f69 e-con-full e-flex e-con e-child\" data-id=\"1c78f69\" data-element_type=\"container\" data-e-type=\"container\">\n\t\t\t\t<div class=\"elementor-element elementor-element-5074df0 elementor-widget elementor-widget-heading\" data-id=\"5074df0\" data-element_type=\"widget\" data-e-type=\"widget\" data-widget_type=\"heading.default\">\n\t\t\t\t<div class=\"elementor-widget-container\">\n\t\t\t\t\t<h2 class=\"elementor-heading-title elementor-size-default\">Keine L\u00f6sung f\u00fcr strukturierte, synchrone Datenerhebung in Forschungsszenarien.<\/h2>\t\t\t\t<\/div>\n\t\t\t\t<\/div>\n\t\t\t\t<div class=\"elementor-element elementor-element-b33f470 elementor-widget elementor-widget-heading\" data-id=\"b33f470\" data-element_type=\"widget\" data-e-type=\"widget\" data-widget_type=\"heading.default\">\n\t\t\t\t<div class=\"elementor-widget-container\">\n\t\t\t\t\t<h2 class=\"elementor-heading-title elementor-size-default\">Herausforderungen in der Forschung<\/h2>\t\t\t\t<\/div>\n\t\t\t\t<\/div>\n\t\t<div class=\"elementor-element elementor-element-3194149 e-grid e-con-full e-con e-child\" data-id=\"3194149\" data-element_type=\"container\" data-e-type=\"container\">\n\t\t<div class=\"elementor-element elementor-element-d4f8799 e-con-full e-flex e-con e-child\" data-id=\"d4f8799\" data-element_type=\"container\" data-e-type=\"container\">\n\t\t\t\t<div class=\"elementor-element elementor-element-4a0ebce elementor-widget elementor-widget-text-editor\" data-id=\"4a0ebce\" data-element_type=\"widget\" data-e-type=\"widget\" data-widget_type=\"text-editor.default\">\n\t\t\t\t<div class=\"elementor-widget-container\">\n\t\t\t\t\t\t\t\t\t<p><strong>Forschungsdaten sind oft unstrukturiert und schwer vergleichbar<\/strong><br \/>Unterschiedliche Erhebungstools, uneinheitliche Formate und manuelle Excel-Auswertungen erschweren die Vergleichbarkeit und Nachnutzung von Daten erheblich.<\/p><p><strong>Viel Zeit geht f\u00fcr manuelle Prozesse verloren<\/strong><br \/>Datenerhebung, -validierung und -aufbereitung erfordern h\u00e4ufig enormen personellen Aufwand \u2013 Ressourcen, die in der eigentlichen Forschung fehlen.<\/p><p><strong>Systeme sind selten interoperabel<\/strong><br \/>Ob Diagnostikger\u00e4te, Frageb\u00f6gen oder Wearables \u2013 viele Systeme arbeiten isoliert. Eine zentrale, vernetzte Datenbasis f\u00fcr Analyse und Auswertung fehlt.<\/p><p><strong>Datenschutz und Ethik sind komplex zu managen<\/strong><br \/>Besonders bei gesundheitsbezogenen Daten ist die Einhaltung rechtlicher Vorgaben (DSGVO, Ethikkommission) aufwendig und fehleranf\u00e4llig \u2013 besonders bei manuell gef\u00fchrten Prozessen.<\/p>\t\t\t\t\t\t\t\t<\/div>\n\t\t\t\t<\/div>\n\t\t\t\t<\/div>\n\t\t<div class=\"elementor-element elementor-element-f40138f e-con-full e-flex e-con e-child\" data-id=\"f40138f\" data-element_type=\"container\" data-e-type=\"container\">\n\t\t\t\t<div class=\"elementor-element elementor-element-0117f16 elementor-widget elementor-widget-text-editor\" data-id=\"0117f16\" data-element_type=\"widget\" data-e-type=\"widget\" data-widget_type=\"text-editor.default\">\n\t\t\t\t<div class=\"elementor-widget-container\">\n\t\t\t\t\t\t\t\t\t<p>\u26a0\ufe0f\u00a0Heterogene Datenquellen und Formate<\/p><p>\u26a0\ufe0f Mangel an Standardisierung und Struktur<\/p><p>\u26a0\ufe0f Fehlende Interoperabilit\u00e4t und Anbindungsm\u00f6glichkeiten<\/p><p>\u26a0\ufe0f Unsicherheit bei Datenschutz und Ethikvorgaben<\/p><p>\u26a0\ufe0f Keine zentrale Steuerung f\u00fcr Kammern, Sensorik und Wearables<\/p><p>\u26a0\ufe0f Zeitversetzte, manuell zusammengef\u00fchrte Datens\u00e4tze<\/p><p>\u26a0\ufe0f Technisch isolierte Systeme ohne Datenschnittstellen<\/p><p>\u26a0\ufe0f Mangelnde Nachvollziehbarkeit in multiparametrischen Versuchsanordnungen<\/p><p>\u26a0\ufe0f Fehlende Infrastruktur f\u00fcr interdisziplin\u00e4re Forschungsdatenmodelle<\/p>\t\t\t\t\t\t\t\t<\/div>\n\t\t\t\t<\/div>\n\t\t\t\t<\/div>\n\t\t\t\t<\/div>\n\t\t\t\t<\/div>\n\t\t\t\t\t<\/div>\n\t\t\t\t<\/div>\n\t\t<div class=\"elementor-element elementor-element-43ef070 e-flex e-con-boxed e-con e-parent\" data-id=\"43ef070\" data-element_type=\"container\" data-e-type=\"container\" data-settings=\"{&quot;background_background&quot;:&quot;classic&quot;}\">\n\t\t\t\t\t<div class=\"e-con-inner\">\n\t\t<div class=\"elementor-element elementor-element-93c0c99 e-con-full e-flex e-con e-child\" data-id=\"93c0c99\" data-element_type=\"container\" data-e-type=\"container\">\n\t\t\t\t<div class=\"elementor-element elementor-element-52c09a3 elementor-widget elementor-widget-heading\" data-id=\"52c09a3\" data-element_type=\"widget\" data-e-type=\"widget\" data-widget_type=\"heading.default\">\n\t\t\t\t<div class=\"elementor-widget-container\">\n\t\t\t\t\t<h2 class=\"elementor-heading-title elementor-size-default\">Von der Datenerhebung zur Evidenz \u2013 schneller, strukturierter, skalierbar.<\/h2>\t\t\t\t<\/div>\n\t\t\t\t<\/div>\n\t\t\t\t<div class=\"elementor-element elementor-element-c6e51f3 elementor-widget elementor-widget-heading\" data-id=\"c6e51f3\" data-element_type=\"widget\" data-e-type=\"widget\" data-widget_type=\"heading.default\">\n\t\t\t\t<div class=\"elementor-widget-container\">\n\t\t\t\t\t<h2 class=\"elementor-heading-title elementor-size-default\">Die L\u00f6sung<\/h2>\t\t\t\t<\/div>\n\t\t\t\t<\/div>\n\t\t<div class=\"elementor-element elementor-element-05abc82 e-grid e-con-full e-con e-child\" data-id=\"05abc82\" data-element_type=\"container\" data-e-type=\"container\">\n\t\t<div class=\"elementor-element elementor-element-d1a9873 e-con-full e-flex e-con e-child\" data-id=\"d1a9873\" data-element_type=\"container\" data-e-type=\"container\">\n\t\t\t\t<div class=\"elementor-element elementor-element-6ac5e24 elementor-widget__width-initial elementor-widget elementor-widget-text-editor\" data-id=\"6ac5e24\" data-element_type=\"widget\" data-e-type=\"widget\" data-widget_type=\"text-editor.default\">\n\t\t\t\t<div class=\"elementor-widget-container\">\n\t\t\t\t\t\t\t\t\t<p><strong>Der Datico<sup>\u00ae<\/sup> LIFE HUB\u00a0bietet eine digitale Plattform f\u00fcr standardisierte Datenerhebung, flexible Erfassungsmodule und automatisierte Auswertung.<\/strong> So lassen sich sport-, gesundheits- und einsatzbezogene Studien einfacher, strukturierter und ressourcenschonend durchf\u00fchren.<\/p><p><strong>Die Plattform ist hochgradig anpassbar an Studiendesign, Ethikvorgaben und Datentypen.<\/strong> Ob Physiologie, Diagnostik, Frageb\u00f6gen oder Trainingsdaten \u2013 Datico integriert vielf\u00e4ltige Datenquellen und f\u00fchrt sie in einer konsistenten Forschungsdatenstruktur zusammen.<\/p><p><strong>Durch smarte Dashboards und automatische Reports entsteht fr\u00fch ein analytischer Mehrwert.<\/strong> Ergebnisse lassen sich schneller interpretieren, Hypothesen datenbasiert pr\u00fcfen und Projekte effizienter steuern.<\/p><p><strong>Der Datico<sup>\u00ae<\/sup> LIFE HUB ist DSGVO-konform, forschungserprobt und interoperabel.<\/strong> Die Plattform unterst\u00fctzt offene Schnittstellen, erlaubt skalierbare Datenverwaltung und erf\u00fcllt h\u00f6chste Anforderungen an Datenschutz, Hosting und wissenschaftliche Nachvollziehbarkeit.<\/p>\t\t\t\t\t\t\t\t<\/div>\n\t\t\t\t<\/div>\n\t\t\t\t<\/div>\n\t\t<div class=\"elementor-element elementor-element-3b0f826 e-con-full e-flex e-con e-child\" data-id=\"3b0f826\" data-element_type=\"container\" data-e-type=\"container\">\n\t\t\t\t<div class=\"elementor-element elementor-element-f68ddaa elementor-widget__width-initial elementor-widget elementor-widget-text-editor\" data-id=\"f68ddaa\" data-element_type=\"widget\" data-e-type=\"widget\" data-widget_type=\"text-editor.default\">\n\t\t\t\t<div class=\"elementor-widget-container\">\n\t\t\t\t\t\t\t\t\t<p data-start=\"1493\" data-end=\"1531\">\u2705\u00a0Standardisierte Erhebung sport- &amp; gesundheitsnaher Forschungsdaten<\/p><p>\u2705 Flexible Integration externer Datenquellen &amp; Ger\u00e4te<\/p><p>\u2705\u00a0Automatisierte Auswertung &amp; Reportingfunktionen<\/p><p>\u2705\u00a0Schnellere Datenanalyse &amp; Evidenzgewinnung<\/p><p>\u2705 Datenerfassung von H\u00f6hen-, Klima- und K\u00e4ltekammern.<\/p><p>\u2705 Zentrale Erfassung physiologischer Echtzeitdaten.<\/p><p>\u2705 Integration von Wearables und Diagnostiksystemen.<\/p><p>\u2705 API f\u00fcr Statistiktools wie R, SPSS, MATLAB.<\/p><p>\u2705 Einheitliches Datenmodell f\u00fcr interdisziplin\u00e4re Forschungsteams.<\/p>\t\t\t\t\t\t\t\t<\/div>\n\t\t\t\t<\/div>\n\t\t\t\t<\/div>\n\t\t\t\t<\/div>\n\t\t\t\t<\/div>\n\t\t\t\t\t<\/div>\n\t\t\t\t<\/div>\n\t\t\t\t<\/div>\n\t\t","protected":false},"excerpt":{"rendered":"<p>Forschung Von der Datenerhebung zur Evidenz \u2013 schneller, strukturierter, skalierbar.Mit dem Datico\u00ae LIFE HUB unterst\u00fctzt Forschungsprojekte mit einer flexiblen, interoperablen Plattform f\u00fcr standardisierte Datenerhebung, smarte Auswertung und sichere Zusammenarbeit \u2013 ideal f\u00fcr sport-, gesundheits- oder einsatzbezogene Forschungsvorhaben. Home | L\u00f6sungen | Forschung Keine L\u00f6sung f\u00fcr strukturierte, synchrone Datenerhebung in Forschungsszenarien. Herausforderungen in der Forschung Forschungsdaten&hellip;&nbsp;<a href=\"https:\/\/datico.com\/de\/loesungen\/loesungen-forschung\/\" rel=\"bookmark\">Weiterlesen &raquo;<span class=\"screen-reader-text\">L\u00f6sungen Forschung<\/span><\/a><\/p>\n","protected":false},"author":1,"featured_media":0,"parent":3870,"menu_order":4,"comment_status":"closed","ping_status":"closed","template":"page-templates\/template-pagebuilder-full-width.php","meta":{"neve_meta_sidebar":"","neve_meta_container":"","neve_meta_enable_content_width":"","neve_meta_content_width":0,"neve_meta_title_alignment":"","neve_meta_author_avatar":"","neve_post_elements_order":"","neve_meta_disable_header":"","neve_meta_disable_footer":"","neve_meta_disable_title":"","footnotes":""},"wf_page_folders":[75],"class_list":["post-3297","page","type-page","status-publish","hentry"],"_links":{"self":[{"href":"https:\/\/datico.com\/de\/wp-json\/wp\/v2\/pages\/3297","targetHints":{"allow":["GET"]}}],"collection":[{"href":"https:\/\/datico.com\/de\/wp-json\/wp\/v2\/pages"}],"about":[{"href":"https:\/\/datico.com\/de\/wp-json\/wp\/v2\/types\/page"}],"author":[{"embeddable":true,"href":"https:\/\/datico.com\/de\/wp-json\/wp\/v2\/users\/1"}],"replies":[{"embeddable":true,"href":"https:\/\/datico.com\/de\/wp-json\/wp\/v2\/comments?post=3297"}],"version-history":[{"count":10,"href":"https:\/\/datico.com\/de\/wp-json\/wp\/v2\/pages\/3297\/revisions"}],"predecessor-version":[{"id":5219,"href":"https:\/\/datico.com\/de\/wp-json\/wp\/v2\/pages\/3297\/revisions\/5219"}],"up":[{"embeddable":true,"href":"https:\/\/datico.com\/de\/wp-json\/wp\/v2\/pages\/3870"}],"wp:attachment":[{"href":"https:\/\/datico.com\/de\/wp-json\/wp\/v2\/media?parent=3297"}],"wp:term":[{"taxonomy":"wf_page_folders","embeddable":true,"href":"https:\/\/datico.com\/de\/wp-json\/wp\/v2\/wf_page_folders?post=3297"}],"curies":[{"name":"wp","href":"https:\/\/api.w.org\/{rel}","templated":true}]}}