{"id":3299,"date":"2025-04-22T10:54:23","date_gmt":"2025-04-22T10:54:23","guid":{"rendered":"https:\/\/datico.com\/?page_id=3299"},"modified":"2026-01-16T08:50:31","modified_gmt":"2026-01-16T08:50:31","slug":"plattform","status":"publish","type":"page","link":"https:\/\/datico.com\/de\/plattform\/","title":{"rendered":"Plattform"},"content":{"rendered":"\t\t<div data-elementor-type=\"wp-page\" data-elementor-id=\"3299\" class=\"elementor elementor-3299\" data-elementor-post-type=\"page\">\n\t\t\t\t<div class=\"elementor-element elementor-element-9ca62fa e-flex e-con-boxed e-con e-parent\" data-id=\"9ca62fa\" data-element_type=\"container\" data-e-type=\"container\" data-settings=\"{&quot;background_background&quot;:&quot;classic&quot;}\">\n\t\t\t\t\t<div class=\"e-con-inner\">\n\t\t<div class=\"elementor-element elementor-element-798fa94 e-flex e-con-boxed e-con e-child\" data-id=\"798fa94\" data-element_type=\"container\" data-e-type=\"container\">\n\t\t\t\t\t<div class=\"e-con-inner\">\n\t\t\t\t<div class=\"elementor-element elementor-element-bb1d2ab elementor-widget__width-initial elementor-widget elementor-widget-heading\" data-id=\"bb1d2ab\" data-element_type=\"widget\" data-e-type=\"widget\" data-widget_type=\"heading.default\">\n\t\t\t\t<div class=\"elementor-widget-container\">\n\t\t\t\t\t<h2 class=\"elementor-heading-title elementor-size-default\">Datico<sup>\u00ae<\/sup> LIFE HUB<\/h2>\t\t\t\t<\/div>\n\t\t\t\t<\/div>\n\t\t\t\t<div class=\"elementor-element elementor-element-5fcec64 elementor-widget__width-initial elementor-widget-laptop__width-initial elementor-widget-tablet_extra__width-initial elementor-widget-tablet__width-initial elementor-widget-mobile_extra__width-initial elementor-widget elementor-widget-text-editor\" data-id=\"5fcec64\" data-element_type=\"widget\" data-e-type=\"widget\" data-widget_type=\"text-editor.default\">\n\t\t\t\t<div class=\"elementor-widget-container\">\n\t\t\t\t\t\t\t\t\t<p><strong>Gesundheitsverl\u00e4ufe verstehen, Therapie individuell steuern.<\/strong><br \/>Der Datico<sup>\u00ae<\/sup> LIFE HUB erm\u00f6glicht \u00c4rzten, Therapeuten und Reha-Zentren eine pr\u00e4zise, datengest\u00fctzte Analyse von Gesundheitsparametern \u2013 f\u00fcr eine individuellere Behandlung, objektive Verlaufskontrolle und interdisziplin\u00e4re Zusammenarbeit.<\/p>\t\t\t\t\t\t\t\t<\/div>\n\t\t\t\t<\/div>\n\t\t\t\t\t<\/div>\n\t\t\t\t<\/div>\n\t\t\t\t\t<\/div>\n\t\t\t\t<\/div>\n\t\t<div class=\"elementor-element elementor-element-605e01c e-flex e-con-boxed e-con e-parent\" data-id=\"605e01c\" data-element_type=\"container\" data-e-type=\"container\">\n\t\t\t\t\t<div class=\"e-con-inner\">\n\t\t<div class=\"elementor-element elementor-element-fda17fa e-flex e-con-boxed e-con e-child\" data-id=\"fda17fa\" data-element_type=\"container\" data-e-type=\"container\">\n\t\t\t\t\t<div class=\"e-con-inner\">\n\t\t\t\t<div class=\"elementor-element elementor-element-750f124 elementor-widget elementor-widget-text-editor\" data-id=\"750f124\" data-element_type=\"widget\" data-e-type=\"widget\" data-widget_type=\"text-editor.default\">\n\t\t\t\t<div class=\"elementor-widget-container\">\n\t\t\t\t\t\t\t\t\t<p><a href=\"\/\">Home<\/a> | Plattform<\/p>\t\t\t\t\t\t\t\t<\/div>\n\t\t\t\t<\/div>\n\t\t\t\t\t<\/div>\n\t\t\t\t<\/div>\n\t\t\t\t\t<\/div>\n\t\t\t\t<\/div>\n\t\t\t\t<\/div>\n\t\t","protected":false},"excerpt":{"rendered":"<p>Datico\u00ae LIFE HUB Gesundheitsverl\u00e4ufe verstehen, Therapie individuell steuern.Der Datico\u00ae LIFE HUB erm\u00f6glicht \u00c4rzten, Therapeuten und Reha-Zentren eine pr\u00e4zise, datengest\u00fctzte Analyse von Gesundheitsparametern \u2013 f\u00fcr eine individuellere Behandlung, objektive Verlaufskontrolle und interdisziplin\u00e4re Zusammenarbeit. Home | Plattform<\/p>\n","protected":false},"author":1,"featured_media":0,"parent":0,"menu_order":2,"comment_status":"closed","ping_status":"closed","template":"page-templates\/template-pagebuilder-full-width.php","meta":{"neve_meta_sidebar":"","neve_meta_container":"","neve_meta_enable_content_width":"","neve_meta_content_width":0,"neve_meta_title_alignment":"","neve_meta_author_avatar":"","neve_post_elements_order":"","neve_meta_disable_header":"","neve_meta_disable_footer":"","neve_meta_disable_title":"","footnotes":""},"wf_page_folders":[75],"class_list":["post-3299","page","type-page","status-publish","hentry"],"_links":{"self":[{"href":"https:\/\/datico.com\/de\/wp-json\/wp\/v2\/pages\/3299","targetHints":{"allow":["GET"]}}],"collection":[{"href":"https:\/\/datico.com\/de\/wp-json\/wp\/v2\/pages"}],"about":[{"href":"https:\/\/datico.com\/de\/wp-json\/wp\/v2\/types\/page"}],"author":[{"embeddable":true,"href":"https:\/\/datico.com\/de\/wp-json\/wp\/v2\/users\/1"}],"replies":[{"embeddable":true,"href":"https:\/\/datico.com\/de\/wp-json\/wp\/v2\/comments?post=3299"}],"version-history":[{"count":10,"href":"https:\/\/datico.com\/de\/wp-json\/wp\/v2\/pages\/3299\/revisions"}],"predecessor-version":[{"id":4840,"href":"https:\/\/datico.com\/de\/wp-json\/wp\/v2\/pages\/3299\/revisions\/4840"}],"wp:attachment":[{"href":"https:\/\/datico.com\/de\/wp-json\/wp\/v2\/media?parent=3299"}],"wp:term":[{"taxonomy":"wf_page_folders","embeddable":true,"href":"https:\/\/datico.com\/de\/wp-json\/wp\/v2\/wf_page_folders?post=3299"}],"curies":[{"name":"wp","href":"https:\/\/api.w.org\/{rel}","templated":true}]}}