{"id":355,"date":"2023-03-17T19:33:45","date_gmt":"2023-03-17T19:33:45","guid":{"rendered":"https:\/\/datico.com\/?page_id=355"},"modified":"2024-09-24T08:39:09","modified_gmt":"2024-09-24T08:39:09","slug":"datenschutz","status":"publish","type":"page","link":"https:\/\/datico.com\/de\/datenschutz\/","title":{"rendered":"Datenschutzerkl\u00e4rung"},"content":{"rendered":"\t\t<div data-elementor-type=\"wp-page\" data-elementor-id=\"355\" class=\"elementor elementor-355\" data-elementor-post-type=\"page\">\n\t\t\t\t\t\t<section class=\"elementor-section elementor-top-section elementor-element elementor-element-a66aa5d elementor-section-boxed elementor-section-height-default elementor-section-height-default\" data-id=\"a66aa5d\" data-element_type=\"section\" data-e-type=\"section\">\n\t\t\t\t\t\t<div class=\"elementor-container elementor-column-gap-default\">\n\t\t\t\t\t<div class=\"elementor-column elementor-col-100 elementor-top-column elementor-element elementor-element-768bb47\" data-id=\"768bb47\" data-element_type=\"column\" data-e-type=\"column\">\n\t\t\t<div class=\"elementor-widget-wrap elementor-element-populated\">\n\t\t\t\t\t\t<div class=\"elementor-element elementor-element-505da92 elementor-widget elementor-widget-spacer\" data-id=\"505da92\" data-element_type=\"widget\" data-e-type=\"widget\" data-widget_type=\"spacer.default\">\n\t\t\t\t<div class=\"elementor-widget-container\">\n\t\t\t\t\t\t\t<div class=\"elementor-spacer\">\n\t\t\t<div class=\"elementor-spacer-inner\"><\/div>\n\t\t<\/div>\n\t\t\t\t\t\t<\/div>\n\t\t\t\t<\/div>\n\t\t\t\t\t<\/div>\n\t\t<\/div>\n\t\t\t\t\t<\/div>\n\t\t<\/section>\n\t\t\t\t<section class=\"elementor-section elementor-top-section elementor-element elementor-element-3d9c066 elementor-section-boxed elementor-section-height-default elementor-section-height-default\" data-id=\"3d9c066\" data-element_type=\"section\" data-e-type=\"section\">\n\t\t\t\t\t\t<div class=\"elementor-container elementor-column-gap-default\">\n\t\t\t\t\t<div class=\"elementor-column elementor-col-100 elementor-top-column elementor-element elementor-element-154d4d4\" data-id=\"154d4d4\" data-element_type=\"column\" data-e-type=\"column\">\n\t\t\t<div class=\"elementor-widget-wrap elementor-element-populated\">\n\t\t\t\t\t\t<div class=\"elementor-element elementor-element-ae3ea09 elementor-widget elementor-widget-heading\" data-id=\"ae3ea09\" data-element_type=\"widget\" data-e-type=\"widget\" data-widget_type=\"heading.default\">\n\t\t\t\t<div class=\"elementor-widget-container\">\n\t\t\t\t\t<h2 class=\"elementor-heading-title elementor-size-default\">Datenschutzerkl\u00e4rung<\/h2>\t\t\t\t<\/div>\n\t\t\t\t<\/div>\n\t\t\t\t\t<\/div>\n\t\t<\/div>\n\t\t\t\t\t<\/div>\n\t\t<\/section>\n\t\t\t\t<section class=\"elementor-section elementor-top-section elementor-element elementor-element-2b2810e elementor-section-boxed elementor-section-height-default elementor-section-height-default\" data-id=\"2b2810e\" data-element_type=\"section\" data-e-type=\"section\">\n\t\t\t\t\t\t<div class=\"elementor-container elementor-column-gap-default\">\n\t\t\t\t\t<div class=\"elementor-column elementor-col-100 elementor-top-column elementor-element elementor-element-5c033ec\" data-id=\"5c033ec\" data-element_type=\"column\" data-e-type=\"column\">\n\t\t\t<div class=\"elementor-widget-wrap elementor-element-populated\">\n\t\t\t\t\t\t<div class=\"elementor-element elementor-element-49cebc5 elementor-widget elementor-widget-text-editor\" data-id=\"49cebc5\" data-element_type=\"widget\" data-e-type=\"widget\" data-widget_type=\"text-editor.default\">\n\t\t\t\t<div class=\"elementor-widget-container\">\n\t\t\t\t\t\t\t\t\t<p>Hiermit m\u00f6chten wir Sie davon in Kenntnis setzen, unter welchen Umst\u00e4nden wir Daten von Ihnen sammeln und welcher Zweckbindung die Erhebung, Verarbeitung oder Nutzung dient.<\/p><p>Wir nehmen Ihren Datenschutz sehr ernst und behandeln Ihre personenbezogenen Daten vertraulich und entsprechend der gesetzlichen Vorschriften.<\/p><p><strong>Verantwortlicher<\/strong> <br \/>Verantwortlich f\u00fcr die Datenverarbeitung gem\u00e4\u00df Art. 4 Nr. 7 DSGVO ist vorbehaltlich abweichender Angaben in dieser Datenschutzerkl\u00e4rung:<br \/>Datico Sport &amp; Health GmbH<br \/>Marktler Stra\u00dfe 61<br \/>84489 Burghausen<br \/>Telefon: +49 8677 76794-0<br \/>E-Mail: info@datico.com<\/p><p><strong>Ihre Daten<\/strong><br \/>Beim Besuch unserer Website und bei jedem Abruf einer Datei sammelt unser Webserver \u00fcber diese Vorg\u00e4nge Protokollinformationen (z.B. Browsertyp, Betriebssystem, IP-Adresse). Es ist uns nicht m\u00f6glich, die erfassten Daten einer bestimmten nat\u00fcrlichen Person zuzuordnen. Die erhobenen Daten dienen lediglich statistischen Auswertungen und zur Verbesserung der Website. Wir behalten uns allerdings vor, die Server-Logfiles nachtr\u00e4glich zu \u00fcberpr\u00fcfen, sollten konkrete Anhaltspunkte auf eine rechtswidrige Nutzung hinweisen.<\/p><p>Wir speichern personenbezogene Daten die Sie uns freiwillig zur Verf\u00fcgung gestellt haben (z. B. bei Anfragen, Online Bewerbung) nur so lange, wie sie ben\u00f6tigt werden, um die Zwecke zu erf\u00fcllen, zu denen diese Daten \u00fcbermittelt wurden, oder solange dies von Gesetzeswegen vorgeschrieben ist.<br \/>Wir werden Ihre von uns erfassten pers\u00f6nlichen Daten ohne Ihre ausdr\u00fcckliche Zustimmung nicht an Dritte weitergeben.<\/p><p><strong>Kontaktaufnahme<\/strong><br \/>Bei der Kontaktaufnahme mit uns (z.B. per Kontaktformular, E-Mail, Telefon) sowie im Rahmen bestehender Nutzer- und Gesch\u00e4ftsbeziehungen werden die Angaben der anfragenden Personen verarbeitet soweit dies zur Beantwortung der Kontaktanfragen und etwaiger angefragter Ma\u00dfnahmen erforderlich ist. Dabei werden Vor- und Nachname, Ihr Anliegen sowie Ihre E-Mail-Adresse erfasst und verwendet. Weitere Angaben sind optional und werden im Rahmen unseres berechtigten Interesses (Art. 6 DSGVO Abs. 1 S. 1 lit. f.) genutzt. F\u00fcr die Verarbeitung der Daten wird im Rahmen des Absendevorgangs Ihre Einwilligung eingeholt und auf diese Datenschutzerkl\u00e4rung verwiesen. Eine Weitergabe an Dritte wird ausgeschlossen.<\/p><p><strong>Externes Hosting<\/strong><br \/>Diese Website wird bei einem externen Dienstleister gehostet. Die personenbezogenen Daten, die auf dieser Website erfasst werden, werden auf den Servern des Hosters gespeichert. Hierbei kann es sich v. a. um IP-Adressen, Kontaktanfragen, Meta- und Kommunikationsdaten, Vertragsdaten, Kontaktdaten, Namen, Websitezugriffe und sonstige Daten, die \u00fcber eine Website generiert werden, handeln.<br \/>Der Einsatz des Hosters erfolgt zum Zwecke der Vertragserf\u00fcllung gegen\u00fcber unseren potenziellen und bestehenden Kunden (Art. 6 Abs. 1 lit. b DSGVO) und im Interesse einer sicheren, schnellen und effizienten Bereitstellung unseres Online-Angebots durch einen professionellen Anbieter (Art. 6 Abs. 1 lit. f DSGVO).<br \/>Unser Hoster wird Ihre Daten nur insoweit verarbeiten, wie dies zur Erf\u00fcllung seiner Leistungspflichten erforderlich ist und unsere Weisungen in Bezug auf diese Daten befolgen.<\/p><p>Wir setzen folgenden Hoster ein:<br \/>Neue Medien M\u00fcnnich<br \/>Hauptstrasse 68<br \/>02742 Friedersdorf<\/p><p><strong>Cookies<\/strong><br \/>Wenn Sie eine unserer Webseiten besuchen, werden Informationen in Form eines Cookies auf Ihrem Computer ablegt. Cookies sind kleine Text-Dateien, die von einem Webserver an Ihren Browser gesendet und auf die Festplatte Ihres Computers gespeichert werden.<\/p><p><strong>Daten\u00fcbermittlung in Drittstaaten<\/strong><br \/>Sofern Daten in einem Drittland (also au\u00dferhalb der Europ\u00e4ischen Union oder des Europ\u00e4ischen Wirtschaftsraums) verarbeitet werden oder die Verarbeitung im Rahmen der Inanspruchnahme von Diensten Dritter (z.B. Microsoft, Google, etc.) oder eine \u00dcbermittlung von Daten an andere Personen oder Unternehmen stattfindet, erfolgt dies nur nach den gesetzlichen Vorgaben.<\/p><p>Bei ausdr\u00fccklicher Einwilligung Ihrerseits oder einer vertraglichen oder gesetzlichen Verpflichtung zur \u00dcbermittlung, werden die Daten nur in Drittstaaten verarbeitet, die ein anerkanntes Datenschutzniveau vorweisen. Dies entweder durch Standardvertragsklauseln der EU-Kommission, durch Vorlage von Zertifizierungen oder im Rahmen des EU-US Data Privacy Framework (DPF).<\/p><p>Durch das DPF wurde das Datenschutzniveau f\u00fcr zertifizierte Unternehmen aus den USA durch die EU-Kommission anerkannt. Nachfolgend k\u00f6nnen Sie entnehmen, welche der von uns genutzten Dienste unter das DPF fallen und als sicher eingestuft werden.<\/p><p><strong>Soziale Netzwerke (Social Media)<\/strong><\/p><p>Wir nutzen zu Marketingzwecken Soziale Netzwerke. Genutzt wird hierbei LinkedIn. Bitte beachten sie hierzu die gesonderten Datenschutzerkl\u00e4rungen unsererseits:<\/p><p><a href=\"https:\/\/datico.com\/de\/datenschutz-linkedin\/\">Datenschutzerkl\u00e4rung zur Nutzung von LinkedIn<\/a><\/p><p><strong>Speicherdauer<\/strong><br \/>Soweit innerhalb dieser Datenschutzerkl\u00e4rung keine speziellere Speicherdauer genannt wurde, verbleiben Ihre personenbezogenen Daten bei uns, bis der Zweck f\u00fcr die Datenverarbeitung entf\u00e4llt. Wenn Sie ein berechtigtes L\u00f6schersuchen geltend machen oder eine Einwilligung zur Datenverarbeitung widerrufen, werden Ihre Daten gel\u00f6scht, sofern wir keine anderen rechtlich zul\u00e4ssigen Gr\u00fcnde f\u00fcr die Speicherung Ihrer personenbezogenen Daten haben (z. B. steuer- oder handelsrechtliche Aufbewahrungsfristen); im letztgenannten Fall erfolgt die L\u00f6schung nach Fortfall dieser Gr\u00fcnde.<\/p><p><span style=\"text-decoration: underline;\"><strong>Eingebundene Drittanbieter:<\/strong><\/span><\/p><p><strong>Google Analytics \/Google Analytics E-Commerce-Messung<\/strong><br \/>Diese Website benutzt Google Analytics, einen Webanalysedienst der Google Inc. (\u201eGoogle\u201c). Google Analytics misst und analysiert die Nutzung dieser Homepage im Rahmen einer pseudonymisierten Nutzer-ID. Die dadurch erzeugten Informationen \u00fcber Ihre Benutzung dieser Website werden in der Regel an einen Server von Google in den USA \u00fcbertragen und dort gespeichert. Es erfolgt keinerlei eindeutige Daten\u00fcbermittlung an Google, sondern Zeitpunkt, Dauer und Quelle der Nutzung der Homepage. Auch technische Aspekte des genutzten Ger\u00e4tes. Es k\u00f6nnen dabei pseudonymisierte Profile von Nutzern erstellt werden, sowie zum Einsatz von Cookies kommen. Dabei werden Metadaten aus den IP-Adressen wie Kontinent, Land, Region oder Stadt abgeleitet Im Falle der Aktivierung der IP-Anonymisierung auf dieser Website, wird Ihre IP-Adresse von Google jedoch innerhalb von Mitgliedstaaten der Europ\u00e4ischen Union oder in anderen Vertragsstaaten des Abkommens \u00fcber den Europ\u00e4ischen Wirtschaftsraum zuvor gek\u00fcrzt. Nur in Ausnahmef\u00e4llen wird die volle IP-Adresse an einen Server von Google in den USA \u00fcbertragen. Im Auftrag des Betreibers dieser Website wird Google diese Informationen benutzen, um Ihre Nutzung der Website auszuwerten, um Reports \u00fcber die Websiteaktivit\u00e4ten zusammenzustellen und um weitere mit der Websitenutzung und der Internetnutzung verbundene Dienstleistungen gegen\u00fcber dem Websitebetreiber zu erbringen.<\/p><p>Die im Rahmen von Google Analytics von Ihrem Browser \u00fcbermittelte IP-Adresse wird nicht mit anderen Daten von Google zusammengef\u00fchrt. Sie k\u00f6nnen die Speicherung der Cookies durch eine entsprechende Einstellung Ihrer Browser-Software verhindern; wir weisen Sie jedoch darauf hin, dass Sie in diesem Fall gegebenenfalls nicht s\u00e4mtliche Funktionen dieser Website vollumf\u00e4nglich werden nutzen k\u00f6nnen. Sie k\u00f6nnen dar\u00fcber hinaus die Erfassung der durch das Cookie erzeugten und auf Ihre Nutzung der Website bezogenen Daten (inkl. Ihrer IP-Adresse) an Google sowie die Verarbeitung dieser Daten durch Google verhindern, indem Sie ein \u201eOpt-Out\u201c unter dem folgenden Link (http:\/\/tools.google.com\/dlpage\/gaoptout?hl=de) vornehmen. Weitere Informationen erhalten Sie in der Datenschutzerkl\u00e4rung von Google unter: https:\/\/www.google.de\/intl\/de\/policies\/privacy. <br \/>Bei einer Daten\u00fcbermittlung in die USA ist Grundlage das EU-US Dara Privacy Framework. Das Auswerten der pseudonymen Nutzerdaten stellt ein berechtigtes Interesse im Sinne des Art. 6 Abs. 1 lit. f DSGVO dar.<\/p><p><strong>Google Ads<\/strong><br \/>Diese Website nutzt als Online-Marketing-Ma\u00dfnahme Google Ads, um unsere Produkte und Dienstleistungen zu bewerben. So wollen wir im Internet mehr Menschen auf unser Angebot und Dienstleistung aufmerksam machen. Im Rahmen der Werbema\u00dfnahmen durch Google Ads wird auf unserer Website das Conversion-Tracking der Firma Google Inc. verwendet. In Europa ist allerdings f\u00fcr alle Google-Dienste das Unternehmen Google Ireland Limited (Gordon House, Barrow Street Dublin 4, Irland) verantwortlich. Erzeugte Informationen k\u00f6nnen dennoch m\u00f6glicherweise in die USA abflie\u00dfen. Weitere Informationen erhalten Sie in der Datenschutzerkl\u00e4rung von Google unter: https:\/\/www.google.de\/intl\/de\/policies\/privacy. <br \/>Bei einer nicht auszuschlie\u00dfenden Daten\u00fcbermittlung in die USA ist Grundlage das EU-US Dara Privacy Framework. Das Auswerten der pseudonymen Nutzerdaten stellt ein berechtigtes Interesse im Sinne des Art. 6 Abs. 1 lit. f DSGVO dar.<br \/>Mithilfe dieses kostenlosen Tracking-Tools kann das Werbeangebot unsererseits an Ihre Interessen und Bed\u00fcrfnisse besser angepasst werden. <br \/>An dieser Stelle soll darauf hingewiesen werden, dass wir keinen Einfluss darauf haben, wie Google die erhobenen Daten weiterverwendet. Laut Google werden die Daten verschl\u00fcsselt und auf sicheren Servern gespeichert. In den meisten F\u00e4llen laufen Conversion-Cookies nach 30 Tagen ab und \u00fcbermitteln keine personenbezogenen Daten. Die Cookies mit dem Namen \u201eConversion\u201c und \u201e_gac\u201c haben ein Ablaufdatum von 3 Monaten. Auch diesen Cookies k\u00f6nnen Sie durch entsprechende Einstellung verhindern, indem Sie ein \u201eOpt-Out\u201c unter dem folgenden Link (http:\/\/tools.google.com\/dlpage\/gaoptout?hl=de) vornehmen.<\/p><p><strong>Microsoft Teams<\/strong><br \/>Wir nutzen Microsoft Teams. Anbieter ist die Microsoft Corporation, One Microsoft Way, Redmond, WA 98052-6399, USA. Details zur Datenverarbeitung entnehmen Sie der Datenschutzerkl\u00e4rung von Microsoft Teams: https:\/\/privacy.microsoft.com\/de-de\/privacystatement. Sollte es hierbei zur Daten\u00fcbermittlung in den Drittstaat USA kommen, so ist die Grundlage hierf\u00fcr das EU-US Data Privacy Frame.<\/p><p><strong>YouTube Videos<\/strong><br \/>Diese Webseite nutzt Videos der von Google betriebenen Seite YouTube. Anbieter des Dienstes ist Google Ireland Limited, Gordon House, Barrow Street, Dublin 4, Irland. Informationen zum Umgang mit Nutzerdaten finden Sie in der Datenschutzerkl\u00e4rung von YouTube unter: https:\/\/www.google.de\/intl\/de\/policies\/privacy. Sollte es hierbei zur Daten\u00fcbermittlung in den Drittstaat USA kommen, so ist die Grundlage hierf\u00fcr das EU-US Data Privacy Framework.<br \/>Wenn Sie eine unserer mit einem YouTube-Video ausgestatteten Webseiten besuchen, wird eine Verbindung zu den Servern von YouTube hergestellt. Wenn Sie w\u00e4hrend dem Zugriff in Ihrem YouTube-Account eingeloggt sind, erm\u00f6glichen Sie YouTube, Ihr Surfverhalten zuzuordnen. Sie k\u00f6nnten dies verhindern, indem Sie sich z.B. aus Ihrem Account abmelden. Die Nutzung von YouTube erfolgt f\u00fcr die Darstellung von Produktvideos und Informationsvideos bezugnehmend auf unsere Dienstleistungen\/Produkte. Dies stellt ein berechtigtes Interesse im Sinne des Art. 6 Abs. 1 lit. f DSGVO dar.<\/p><p><strong>Zoho CRM<\/strong> <br \/>Wir nutzen Zoho CRM auf dieser Website. Anbieter ist Zoho Corporation Pvt. Ltd., Estancia IT Park, Plot No. 140 151, GST Road, Vallancherry Village, Chengalpattu Taluk, Kanchipuram District 603 202, Indien (nachfolgend \u201eZoho CRM\u201c). <br \/>Zoho CRM erm\u00f6glicht es uns unter anderem, bestehende und potenzielle Kunden sowie Kundenkontakte zu verwalten und Vertriebs- und Kommunikationsprozesse zu organisieren. Der Einsatz des CRM-Systems erm\u00f6glicht uns ferner die Analyse und Optimierung unserer kundenbezogenen Prozesse. Die Kundendaten werden auf den Servern von Zoho CRM gespeichert. Details zu den Funktionen von Zoho CRM finden Sie hier: https:\/\/www.zoho.com\/de\/crm\/help\/getting-started\/key-features.html. <br \/>Die Verwendung von Zoho CRM erfolgt auf Grundlage von Art. 6 Abs. 1 lit. f DSGVO. Der Websitebetreiber hat ein berechtigtes Interesse an einer m\u00f6glichst effizienten Kundenverwaltung und Kundenkommunikation. Sofern eine entsprechende Einwilligung abgefragt wurde, erfolgt die Verarbeitung ausschlie\u00dflich auf Grundlage von Art. 6 Abs. 1 lit. a DSGVO und \u00a7 25 Abs. 1 TDDDG, soweit die Einwilligung die Speicherung von Cookies oder den Zugriff auf Informationen im Endger\u00e4t des Nutzers (z. B. Device-Fingerprinting) im Sinne des TDDDG umfasst. Die Einwilligung ist jederzeit widerrufbar. <br \/>Die Daten\u00fcbertragung in Drittstaaten au\u00dferhalb der Europ\u00e4ischen Union wird auf die Standardvertragsklauseln der EU-Kommission gest\u00fctzt. Details finden Sie hier: https:\/\/www.zoho.com\/privacy\/dpa\/DPA_zoho_com.pdf. Sollte es zu einer Daten\u00fcbermittlung in die USA kommen, so ist das EU-US Data Privacy Framework Grundlage hierf\u00fcr. <br \/>Details entnehmen Sie der Datenschutzerkl\u00e4rung von Zoho CRM: https:\/\/www.zoho.com\/privacy.html und https:\/\/www.zoho.com\/gdpr.html.<\/p><p><strong>Zoho Campaigns<\/strong><br \/>Diese Website nutzt Zoho Campaigns f\u00fcr den Versand von Newslettern. Anbieter ist Zoho Corporation Pvt. Ltd., Estancia IT Park, Plot No. 140 151, GST Road, Vallancherry Village, Chengalpattu Taluk, Kanchipuram District 603 202, Indien (nachfolgend \u201eZoho Campaigns\u201c).<br \/>Zoho Campaigns ist ein Dienst, mit dem u.a. der Versand von Newslettern organisiert und analysiert werden kann. Die von Ihnen zum Zwecke des Newsletterbezugs eingegeben Daten werden auf den Servern von Zoho Campaigns gespeichert.<br \/>Mit Hilfe von Zoho Campaigns ist es uns m\u00f6glich, unsere Newsletter-Kampagnen zu analysieren. So k\u00f6nnen wir z. B. sehen, ob eine Newsletter-Nachricht ge\u00f6ffnet wurde und welche Links ggf. angeklickt wurden. Auf diese Weise k\u00f6nnen wir u.a. feststellen, welche Links besonders oft angeklickt wurden.<br \/>Au\u00dferdem k\u00f6nnen wir erkennen, ob nach dem \u00d6ffnen \/ Anklicken bestimmte vorher definierte Aktionen durchgef\u00fchrt wurden (Conversion-Rate). Wir k\u00f6nnen so z. B. erkennen, ob Sie nach dem Anklicken des Newsletters einen Kauf get\u00e4tigt haben. Wenn Sie keine Analyse durch Zoho Campaigns wollen, m\u00fcssen Sie den Newsletter abbestellen. Hierf\u00fcr stellen wir in jeder Newsletternachricht einen entsprechenden Link zur Verf\u00fcgung. Zoho Campaigns erm\u00f6glicht es uns auch, die Newsletter-Empf\u00e4nger anhand verschiedener Kategorien zu unterteilen (\u201eclustern\u201d). Dabei lassen sich die Newsletterempf\u00e4nger z. B. nach Alter, Geschlecht oder Wohnort unterteilen. Auf diese Weise lassen sich die Newsletter besser an die jeweiligen Zielgruppen anpassen. Wenn Sie keine Analyse durch Zoho Campaigns wollen, m\u00fcssen Sie den Newsletter abbestellen. Hierf\u00fcr stellen wir in jeder Newsletternachricht einen entsprechenden Link zur Verf\u00fcgung.<br \/>Ausf\u00fchrliche Informationen zu den Funktionen von Zoho Campaigns entnehmen Sie folgendem Link: https:\/\/www.zoho.com\/campaigns\/features.html.<br \/>Die Datenschutzerkl\u00e4rung von Zoho Campaigns finden Sie unter: https:\/\/www.zoho.com\/privacy.html und https:\/\/www.zoho.com\/gdpr.html.<br \/>Die Datenverarbeitung erfolgt auf Grundlage Ihrer Einwilligung (Art. 6 Abs. 1 lit. a DSGVO). Sie k\u00f6nnen diese Einwilligung jederzeit f\u00fcr die Zukunft widerrufen. <br \/>F\u00fcr Die Daten\u00fcbertragung in die USA ist das EU-US Data Privacy Framework Grundlage.<\/p><p><strong>Auftragsverarbeitung<\/strong><br \/>Sofern notwendig haben wir Vertr\u00e4ge \u00fcber die Auftragsverarbeitung (AVV) mit den oben genannten Anbietern geschlossen. Hierbei handelt es sich um einen datenschutzrechtlich vorgeschriebenen Vertrag, der gew\u00e4hrleistet, dass der Vertragspartner die personenbezogenen Daten unserer Websitebesucher und dgl. nur nach unseren Weisungen und unter Einhaltung der DSGVO verarbeiten darf.<\/p><p><strong>Aktualit\u00e4t<\/strong><br \/>Stand dieser Erkl\u00e4rung ist der 01.09.2023. Im Hinblick auf die laufende technische Weiterentwicklung im Bereich der IT-Technologie und des IT-Rechts behalten wir uns das Recht vor, Erg\u00e4nzungen oder \u00c4nderungen an der vorliegenden Datenschutzerkl\u00e4rung vorzunehmen.<\/p><p><strong>Betroffenenrechte<\/strong> <br \/>Nach der EU-Datenschutzgrundverordnung stehen Ihnen folgende Rechte zu:<\/p><p>Werden Ihre personenbezogenen Daten verarbeitet, so haben Sie das Recht Auskunft \u00fcber die zu Ihrer Person gespeicherten Daten zu erhalten (Art. 15 DSGVO). Sollten unrichtige personenbezogene Daten verarbeitet werden, steht Ihnen ein Recht auf Berichtigung zu (Art. 16 DSGVO). Liegen die gesetzlichen Voraussetzungen vor, so k\u00f6nnen Sie die L\u00f6schung oder Einschr\u00e4nkung der Verarbeitung verlangen sowie Widerspruch gegen die Verarbeitung einlegen (Art. 17, 18 und 21 DSGVO). Wenn Sie in die Datenverarbeitung eingewilligt haben oder ein Vertrag zur Datenverarbeitung besteht und die Datenverarbeitung mithilfe automatisierter Verfahren durchgef\u00fchrt wird, steht Ihnen gegebenenfalls ein Recht auf Daten\u00fcbertragbarkeit zu (Art. 20 DSGVO). <br \/>Sollten Sie von Ihren oben genannten Rechten Gebrauch machen, pr\u00fcfen wir, ob die gesetzlichen Voraussetzungen hierf\u00fcr erf\u00fcllt sind.<br \/>Zur Aus\u00fcbung Ihrer Rechte wenden Sie sich bitte an die betriebliche Datenschutzbeauftragte (datenschutz[at]kreutzpointner.de)<\/p><p><strong>Datenschutzaufsicht<\/strong> <br \/>Als betroffene Person haben Sie unter den Voraussetzungen von Artikel 57 Absatz 1 Buchstabe f der Datenschutz-Grundverordnung das Recht, Beschwerde bei der zust\u00e4ndigen Aufsichtsbeh\u00f6rde einzulegen.<\/p><p>Die f\u00fcr uns zust\u00e4ndige Aufsichtsbeh\u00f6rde ist:<\/p><p>Bayerisches Landesamt f\u00fcr Datenschutzaufsicht<br \/>Postfach 1349<br \/>91504 Ansbach<\/p><p>Telefon 0981\/180093-0<br \/>Email poststelle[at]lda.bayern.de<\/p>\t\t\t\t\t\t\t\t<\/div>\n\t\t\t\t<\/div>\n\t\t\t\t\t<\/div>\n\t\t<\/div>\n\t\t\t\t\t<\/div>\n\t\t<\/section>\n\t\t\t\t<\/div>\n\t\t","protected":false},"excerpt":{"rendered":"<p>Datenschutzerkl\u00e4rung Hiermit m\u00f6chten wir Sie davon in Kenntnis setzen, unter welchen Umst\u00e4nden wir Daten von Ihnen sammeln und welcher Zweckbindung die Erhebung, Verarbeitung oder Nutzung dient. Wir nehmen Ihren Datenschutz sehr ernst und behandeln Ihre personenbezogenen Daten vertraulich und entsprechend der gesetzlichen Vorschriften. Verantwortlicher Verantwortlich f\u00fcr die Datenverarbeitung gem\u00e4\u00df Art. 4 Nr. 7 DSGVO ist&hellip;&nbsp;<a href=\"https:\/\/datico.com\/de\/datenschutz\/\" rel=\"bookmark\">Weiterlesen &raquo;<span class=\"screen-reader-text\">Datenschutzerkl\u00e4rung<\/span><\/a><\/p>\n","protected":false},"author":1,"featured_media":0,"parent":0,"menu_order":0,"comment_status":"closed","ping_status":"closed","template":"page-templates\/template-pagebuilder-full-width.php","meta":{"neve_meta_sidebar":"","neve_meta_container":"","neve_meta_enable_content_width":"","neve_meta_content_width":0,"neve_meta_title_alignment":"","neve_meta_author_avatar":"","neve_post_elements_order":"","neve_meta_disable_header":"","neve_meta_disable_footer":"","neve_meta_disable_title":"","footnotes":""},"wf_page_folders":[8],"class_list":["post-355","page","type-page","status-publish","hentry"],"_links":{"self":[{"href":"https:\/\/datico.com\/de\/wp-json\/wp\/v2\/pages\/355","targetHints":{"allow":["GET"]}}],"collection":[{"href":"https:\/\/datico.com\/de\/wp-json\/wp\/v2\/pages"}],"about":[{"href":"https:\/\/datico.com\/de\/wp-json\/wp\/v2\/types\/page"}],"author":[{"embeddable":true,"href":"https:\/\/datico.com\/de\/wp-json\/wp\/v2\/users\/1"}],"replies":[{"embeddable":true,"href":"https:\/\/datico.com\/de\/wp-json\/wp\/v2\/comments?post=355"}],"version-history":[{"count":19,"href":"https:\/\/datico.com\/de\/wp-json\/wp\/v2\/pages\/355\/revisions"}],"predecessor-version":[{"id":3126,"href":"https:\/\/datico.com\/de\/wp-json\/wp\/v2\/pages\/355\/revisions\/3126"}],"wp:attachment":[{"href":"https:\/\/datico.com\/de\/wp-json\/wp\/v2\/media?parent=355"}],"wp:term":[{"taxonomy":"wf_page_folders","embeddable":true,"href":"https:\/\/datico.com\/de\/wp-json\/wp\/v2\/wf_page_folders?post=355"}],"curies":[{"name":"wp","href":"https:\/\/api.w.org\/{rel}","templated":true}]}}