{"id":3870,"date":"2025-08-18T14:22:43","date_gmt":"2025-08-18T14:22:43","guid":{"rendered":"https:\/\/datico.com\/?page_id=3870"},"modified":"2026-03-23T10:49:01","modified_gmt":"2026-03-23T10:49:01","slug":"loesungen","status":"publish","type":"page","link":"https:\/\/datico.com\/de\/loesungen\/","title":{"rendered":"L\u00f6sungen"},"content":{"rendered":"\t\t<div data-elementor-type=\"wp-page\" data-elementor-id=\"3870\" class=\"elementor elementor-3870\" data-elementor-post-type=\"page\">\n\t\t\t\t<div class=\"elementor-element elementor-element-5f50a16 e-flex e-con-boxed e-con e-parent\" data-id=\"5f50a16\" data-element_type=\"container\" data-e-type=\"container\" data-settings=\"{&quot;background_background&quot;:&quot;classic&quot;}\">\n\t\t\t\t\t<div class=\"e-con-inner\">\n\t\t<div class=\"elementor-element elementor-element-f6e66a4 e-flex e-con-boxed e-con e-child\" data-id=\"f6e66a4\" data-element_type=\"container\" data-e-type=\"container\">\n\t\t\t\t\t<div class=\"e-con-inner\">\n\t\t\t\t<div class=\"elementor-element elementor-element-ed34835 elementor-widget__width-initial elementor-widget elementor-widget-heading\" data-id=\"ed34835\" data-element_type=\"widget\" data-e-type=\"widget\" data-widget_type=\"heading.default\">\n\t\t\t\t<div class=\"elementor-widget-container\">\n\t\t\t\t\t<h2 class=\"elementor-heading-title elementor-size-default\">L\u00f6sungen<\/h2>\t\t\t\t<\/div>\n\t\t\t\t<\/div>\n\t\t\t\t<div class=\"elementor-element elementor-element-683040e elementor-widget__width-initial elementor-widget-laptop__width-initial elementor-widget-tablet_extra__width-initial elementor-widget-tablet__width-initial elementor-widget-mobile_extra__width-initial elementor-widget elementor-widget-text-editor\" data-id=\"683040e\" data-element_type=\"widget\" data-e-type=\"widget\" data-widget_type=\"text-editor.default\">\n\t\t\t\t<div class=\"elementor-widget-container\">\n\t\t\t\t\t\t\t\t\t<p><strong>Effiziente Vernetzung und zukunftssicheres Datenmanagement in Medizin, Sport, Einsatzmanagement, Forschung und Wissenschaft<\/strong><br>Mit dem Datico<sup>\u00ae<\/sup> LIFE HUB managen Sie Ihre Systeme, Wearables und manuell erfassten Daten und stellen die Ergebnisse Verb\u00e4nden, Partnern und Athleten in der jeweils optimalen Form in zur Verf\u00fcgung.<\/p>\t\t\t\t\t\t\t\t<\/div>\n\t\t\t\t<\/div>\n\t\t\t\t\t<\/div>\n\t\t\t\t<\/div>\n\t\t\t\t\t<\/div>\n\t\t\t\t<\/div>\n\t\t<div class=\"elementor-element elementor-element-c456f21 e-flex e-con-boxed e-con e-parent\" data-id=\"c456f21\" data-element_type=\"container\" data-e-type=\"container\">\n\t\t\t\t\t<div class=\"e-con-inner\">\n\t\t<div class=\"elementor-element elementor-element-d39d9de e-flex e-con-boxed e-con e-child\" data-id=\"d39d9de\" data-element_type=\"container\" data-e-type=\"container\">\n\t\t\t\t\t<div class=\"e-con-inner\">\n\t\t\t\t<div class=\"elementor-element elementor-element-7f41ede elementor-widget elementor-widget-text-editor\" data-id=\"7f41ede\" data-element_type=\"widget\" data-e-type=\"widget\" data-widget_type=\"text-editor.default\">\n\t\t\t\t<div class=\"elementor-widget-container\">\n\t\t\t\t\t\t\t\t\t<p><a href=\"\/\">Home<\/a> | L\u00f6sungen<\/p>\t\t\t\t\t\t\t\t<\/div>\n\t\t\t\t<\/div>\n\t\t\t\t\t<\/div>\n\t\t\t\t<\/div>\n\t\t\t\t\t<\/div>\n\t\t\t\t<\/div>\n\t\t<div class=\"elementor-element elementor-element-7c724a9 e-flex e-con-boxed e-con e-parent\" data-id=\"7c724a9\" data-element_type=\"container\" data-e-type=\"container\" data-settings=\"{&quot;background_background&quot;:&quot;classic&quot;}\">\n\t\t\t\t\t<div class=\"e-con-inner\">\n\t\t<div class=\"elementor-element elementor-element-91dff34 e-con-full e-flex e-con e-child\" data-id=\"91dff34\" data-element_type=\"container\" data-e-type=\"container\">\n\t\t\t\t<div class=\"elementor-element elementor-element-3a54e74 elementor-widget elementor-widget-heading\" data-id=\"3a54e74\" data-element_type=\"widget\" data-e-type=\"widget\" data-widget_type=\"heading.default\">\n\t\t\t\t<div class=\"elementor-widget-container\">\n\t\t\t\t\t<h5 class=\"elementor-heading-title elementor-size-default\">Health- &amp; Performance Management mit dem Datico<sup>\u00ae<\/sup> LIFE HUB<\/h5>\t\t\t\t<\/div>\n\t\t\t\t<\/div>\n\t\t\t\t<div class=\"elementor-element elementor-element-1e2a1b0 elementor-widget elementor-widget-heading\" data-id=\"1e2a1b0\" data-element_type=\"widget\" data-e-type=\"widget\" data-widget_type=\"heading.default\">\n\t\t\t\t<div class=\"elementor-widget-container\">\n\t\t\t\t\t<h2 class=\"elementor-heading-title elementor-size-default\">L\u00f6sungen<\/h2>\t\t\t\t<\/div>\n\t\t\t\t<\/div>\n\t\t\t\t<\/div>\n\t\t<div class=\"elementor-element elementor-element-a5f053f e-grid e-con-full e-con e-child\" data-id=\"a5f053f\" data-element_type=\"container\" data-e-type=\"container\" data-settings=\"{&quot;background_background&quot;:&quot;classic&quot;}\">\n\t\t<div class=\"elementor-element elementor-element-3be835f e-con-full e-flex elementor-invisible e-con e-child\" data-id=\"3be835f\" data-element_type=\"container\" data-e-type=\"container\" data-settings=\"{&quot;background_background&quot;:&quot;classic&quot;,&quot;motion_fx_motion_fx_scrolling&quot;:&quot;yes&quot;,&quot;animation&quot;:&quot;fadeInUp&quot;,&quot;animation_delay&quot;:500,&quot;motion_fx_devices&quot;:[&quot;widescreen&quot;,&quot;desktop&quot;,&quot;laptop&quot;,&quot;tablet_extra&quot;,&quot;tablet&quot;,&quot;mobile_extra&quot;,&quot;mobile&quot;]}\">\n\t\t\t\t<div class=\"elementor-element elementor-element-69d7366 elementor-widget elementor-widget-image\" data-id=\"69d7366\" data-element_type=\"widget\" data-e-type=\"widget\" data-widget_type=\"image.default\">\n\t\t\t\t<div class=\"elementor-widget-container\">\n\t\t\t\t\t\t\t\t\t\t\t\t\t\t\t\t<a href=\"https:\/\/kenexos.com\/de\/loesungen\/projekt-und-baumanagement\/bau-und-projektabwicklung\/\" target=\"_blank\" rel=\"noopener\">\n\t\t\t\t\t\t\t<img fetchpriority=\"high\" decoding=\"async\" width=\"850\" height=\"540\" src=\"https:\/\/datico.com\/wp-content\/uploads\/2026\/03\/Medizin-Header.png\" class=\"attachment-full size-full wp-image-5221\" alt=\"\" srcset=\"https:\/\/datico.com\/wp-content\/uploads\/2026\/03\/Medizin-Header.png 850w, https:\/\/datico.com\/wp-content\/uploads\/2026\/03\/Medizin-Header-300x191.png 300w, https:\/\/datico.com\/wp-content\/uploads\/2026\/03\/Medizin-Header-768x488.png 768w\" sizes=\"(max-width: 850px) 100vw, 850px\" \/>\t\t\t\t\t\t\t\t<\/a>\n\t\t\t\t\t\t\t\t\t\t\t\t\t\t\t<\/div>\n\t\t\t\t<\/div>\n\t\t\t\t<div class=\"elementor-element elementor-element-bc40fd5 elementor-widget elementor-widget-heading\" data-id=\"bc40fd5\" data-element_type=\"widget\" data-e-type=\"widget\" data-widget_type=\"heading.default\">\n\t\t\t\t<div class=\"elementor-widget-container\">\n\t\t\t\t\t<h2 class=\"elementor-heading-title elementor-size-default\"><a href=\"https:\/\/kenexos.com\/de\/loesungen\/projekt-und-baumanagement\/bau-und-projektabwicklung\/\" target=\"_blank\" rel=\"noopener\">Medizin<\/a><\/h2>\t\t\t\t<\/div>\n\t\t\t\t<\/div>\n\t\t\t\t<\/div>\n\t\t<div class=\"elementor-element elementor-element-d9310d0 e-con-full e-flex elementor-invisible e-con e-child\" data-id=\"d9310d0\" data-element_type=\"container\" data-e-type=\"container\" data-settings=\"{&quot;background_background&quot;:&quot;classic&quot;,&quot;animation&quot;:&quot;fadeInUp&quot;,&quot;animation_delay&quot;:1000}\">\n\t\t\t\t<div class=\"elementor-element elementor-element-9fae32f elementor-widget elementor-widget-image\" data-id=\"9fae32f\" data-element_type=\"widget\" data-e-type=\"widget\" data-widget_type=\"image.default\">\n\t\t\t\t<div class=\"elementor-widget-container\">\n\t\t\t\t\t\t\t\t\t\t\t\t\t\t\t\t<a href=\"https:\/\/kenexos.com\/de\/loesungen\/projekt-und-baumanagement\/baustellenkoordination\/\" target=\"_blank\" rel=\"noopener\">\n\t\t\t\t\t\t\t<img decoding=\"async\" width=\"850\" height=\"540\" src=\"https:\/\/datico.com\/wp-content\/uploads\/2026\/03\/Header-Sport.png\" class=\"attachment-large size-large wp-image-5228\" alt=\"\" srcset=\"https:\/\/datico.com\/wp-content\/uploads\/2026\/03\/Header-Sport.png 850w, https:\/\/datico.com\/wp-content\/uploads\/2026\/03\/Header-Sport-300x191.png 300w, https:\/\/datico.com\/wp-content\/uploads\/2026\/03\/Header-Sport-768x488.png 768w\" sizes=\"(max-width: 850px) 100vw, 850px\" \/>\t\t\t\t\t\t\t\t<\/a>\n\t\t\t\t\t\t\t\t\t\t\t\t\t\t\t<\/div>\n\t\t\t\t<\/div>\n\t\t\t\t<div class=\"elementor-element elementor-element-8e281a7 elementor-widget elementor-widget-heading\" data-id=\"8e281a7\" data-element_type=\"widget\" data-e-type=\"widget\" data-widget_type=\"heading.default\">\n\t\t\t\t<div class=\"elementor-widget-container\">\n\t\t\t\t\t<h2 class=\"elementor-heading-title elementor-size-default\"><a href=\"https:\/\/kenexos.com\/de\/loesungen\/projekt-und-baumanagement\/baustellenkoordination\/\" target=\"_blank\" rel=\"noopener\">Sport<\/a><\/h2>\t\t\t\t<\/div>\n\t\t\t\t<\/div>\n\t\t\t\t<\/div>\n\t\t<div class=\"elementor-element elementor-element-cdbd0e4 e-con-full e-flex elementor-invisible e-con e-child\" data-id=\"cdbd0e4\" data-element_type=\"container\" data-e-type=\"container\" data-settings=\"{&quot;background_background&quot;:&quot;classic&quot;,&quot;animation&quot;:&quot;fadeInUp&quot;,&quot;animation_delay&quot;:1500}\">\n\t\t\t\t<div class=\"elementor-element elementor-element-e8d8a2f elementor-widget elementor-widget-image\" data-id=\"e8d8a2f\" data-element_type=\"widget\" data-e-type=\"widget\" data-widget_type=\"image.default\">\n\t\t\t\t<div class=\"elementor-widget-container\">\n\t\t\t\t\t\t\t\t\t\t\t\t\t\t\t\t<a href=\"https:\/\/kenexos.com\/de\/loesungen\/projekt-und-baumanagement\/bautagebuch\/\" target=\"_blank\" rel=\"noopener\">\n\t\t\t\t\t\t\t<img decoding=\"async\" width=\"850\" height=\"540\" src=\"https:\/\/datico.com\/wp-content\/uploads\/2026\/03\/Header-Einsatzkraefte.png\" class=\"attachment-large size-large wp-image-5235\" alt=\"\" srcset=\"https:\/\/datico.com\/wp-content\/uploads\/2026\/03\/Header-Einsatzkraefte.png 850w, https:\/\/datico.com\/wp-content\/uploads\/2026\/03\/Header-Einsatzkraefte-300x191.png 300w, https:\/\/datico.com\/wp-content\/uploads\/2026\/03\/Header-Einsatzkraefte-768x488.png 768w\" sizes=\"(max-width: 850px) 100vw, 850px\" \/>\t\t\t\t\t\t\t\t<\/a>\n\t\t\t\t\t\t\t\t\t\t\t\t\t\t\t<\/div>\n\t\t\t\t<\/div>\n\t\t\t\t<div class=\"elementor-element elementor-element-5eab4c9 elementor-widget elementor-widget-heading\" data-id=\"5eab4c9\" data-element_type=\"widget\" data-e-type=\"widget\" data-widget_type=\"heading.default\">\n\t\t\t\t<div class=\"elementor-widget-container\">\n\t\t\t\t\t<h2 class=\"elementor-heading-title elementor-size-default\"><a href=\"https:\/\/kenexos.com\/de\/loesungen\/projekt-und-baumanagement\/bautagebuch\/\" target=\"_blank\" rel=\"noopener\">Einsatzkr\u00e4fte<\/a><\/h2>\t\t\t\t<\/div>\n\t\t\t\t<\/div>\n\t\t\t\t<\/div>\n\t\t<div class=\"elementor-element elementor-element-d0fc66d e-con-full e-flex elementor-invisible e-con e-child\" data-id=\"d0fc66d\" data-element_type=\"container\" data-e-type=\"container\" data-settings=\"{&quot;background_background&quot;:&quot;classic&quot;,&quot;animation&quot;:&quot;fadeInUp&quot;,&quot;animation_delay&quot;:1500}\">\n\t\t\t\t<div class=\"elementor-element elementor-element-d85e92f elementor-widget elementor-widget-image\" data-id=\"d85e92f\" data-element_type=\"widget\" data-e-type=\"widget\" data-widget_type=\"image.default\">\n\t\t\t\t<div class=\"elementor-widget-container\">\n\t\t\t\t\t\t\t\t\t\t\t\t\t\t\t<img loading=\"lazy\" decoding=\"async\" width=\"1024\" height=\"494\" src=\"https:\/\/datico.com\/wp-content\/uploads\/2026\/01\/Forschung-1024x494.png\" class=\"attachment-large size-large wp-image-4743\" alt=\"\" srcset=\"https:\/\/datico.com\/wp-content\/uploads\/2026\/01\/Forschung-1024x494.png 1024w, https:\/\/datico.com\/wp-content\/uploads\/2026\/01\/Forschung-300x145.png 300w, https:\/\/datico.com\/wp-content\/uploads\/2026\/01\/Forschung-768x370.png 768w, https:\/\/datico.com\/wp-content\/uploads\/2026\/01\/Forschung-1536x740.png 1536w, https:\/\/datico.com\/wp-content\/uploads\/2026\/01\/Forschung.png 2000w\" sizes=\"(max-width: 1024px) 100vw, 1024px\" \/>\t\t\t\t\t\t\t\t\t\t\t\t\t\t\t<\/div>\n\t\t\t\t<\/div>\n\t\t\t\t<div class=\"elementor-element elementor-element-e3ed4dc elementor-widget elementor-widget-heading\" data-id=\"e3ed4dc\" data-element_type=\"widget\" data-e-type=\"widget\" data-widget_type=\"heading.default\">\n\t\t\t\t<div class=\"elementor-widget-container\">\n\t\t\t\t\t<h2 class=\"elementor-heading-title elementor-size-default\"><a href=\"https:\/\/kenexos.com\/de\/loesungen\/projekt-und-baumanagement\/vob-prozesse\/\" target=\"_blank\" rel=\"noopener\">Forschung<\/a><\/h2>\t\t\t\t<\/div>\n\t\t\t\t<\/div>\n\t\t\t\t<\/div>\n\t\t\t\t<\/div>\n\t\t\t\t\t<\/div>\n\t\t\t\t<\/div>\n\t\t\t\t<\/div>\n\t\t","protected":false},"excerpt":{"rendered":"<p>L\u00f6sungen Effiziente Vernetzung und zukunftssicheres Datenmanagement in Medizin, Sport, Einsatzmanagement, Forschung und WissenschaftMit dem Datico\u00ae LIFE HUB managen Sie Ihre Systeme, Wearables und manuell erfassten Daten und stellen die Ergebnisse Verb\u00e4nden, Partnern und Athleten in der jeweils optimalen Form in zur Verf\u00fcgung. Home | L\u00f6sungen Health- &amp; Performance Management mit dem Datico\u00ae LIFE HUB L\u00f6sungen&hellip;&nbsp;<a href=\"https:\/\/datico.com\/de\/loesungen\/\" rel=\"bookmark\">Weiterlesen &raquo;<span class=\"screen-reader-text\">L\u00f6sungen<\/span><\/a><\/p>\n","protected":false},"author":1,"featured_media":0,"parent":0,"menu_order":1,"comment_status":"closed","ping_status":"closed","template":"page-templates\/template-pagebuilder-full-width.php","meta":{"neve_meta_sidebar":"","neve_meta_container":"","neve_meta_enable_content_width":"","neve_meta_content_width":0,"neve_meta_title_alignment":"","neve_meta_author_avatar":"","neve_post_elements_order":"","neve_meta_disable_header":"","neve_meta_disable_footer":"","neve_meta_disable_title":"","footnotes":""},"wf_page_folders":[75],"class_list":["post-3870","page","type-page","status-publish","hentry"],"_links":{"self":[{"href":"https:\/\/datico.com\/de\/wp-json\/wp\/v2\/pages\/3870","targetHints":{"allow":["GET"]}}],"collection":[{"href":"https:\/\/datico.com\/de\/wp-json\/wp\/v2\/pages"}],"about":[{"href":"https:\/\/datico.com\/de\/wp-json\/wp\/v2\/types\/page"}],"author":[{"embeddable":true,"href":"https:\/\/datico.com\/de\/wp-json\/wp\/v2\/users\/1"}],"replies":[{"embeddable":true,"href":"https:\/\/datico.com\/de\/wp-json\/wp\/v2\/comments?post=3870"}],"version-history":[{"count":10,"href":"https:\/\/datico.com\/de\/wp-json\/wp\/v2\/pages\/3870\/revisions"}],"predecessor-version":[{"id":5254,"href":"https:\/\/datico.com\/de\/wp-json\/wp\/v2\/pages\/3870\/revisions\/5254"}],"wp:attachment":[{"href":"https:\/\/datico.com\/de\/wp-json\/wp\/v2\/media?parent=3870"}],"wp:term":[{"taxonomy":"wf_page_folders","embeddable":true,"href":"https:\/\/datico.com\/de\/wp-json\/wp\/v2\/wf_page_folders?post=3870"}],"curies":[{"name":"wp","href":"https:\/\/api.w.org\/{rel}","templated":true}]}}