{"id":3882,"date":"2025-08-19T15:03:36","date_gmt":"2025-08-19T15:03:36","guid":{"rendered":"https:\/\/datico.com\/?page_id=3882"},"modified":"2026-01-16T08:41:51","modified_gmt":"2026-01-16T08:41:51","slug":"technologie","status":"publish","type":"page","link":"https:\/\/datico.com\/de\/plattform\/technologie\/","title":{"rendered":"Technologie"},"content":{"rendered":"\t\t<div data-elementor-type=\"wp-page\" data-elementor-id=\"3882\" class=\"elementor elementor-3882\" data-elementor-post-type=\"page\">\n\t\t\t\t<div class=\"elementor-element elementor-element-4121c56 e-flex e-con-boxed e-con e-parent\" data-id=\"4121c56\" data-element_type=\"container\" data-e-type=\"container\" data-settings=\"{&quot;background_background&quot;:&quot;classic&quot;}\">\n\t\t\t\t\t<div class=\"e-con-inner\">\n\t\t<div class=\"elementor-element elementor-element-54dc7c6 e-flex e-con-boxed e-con e-child\" data-id=\"54dc7c6\" data-element_type=\"container\" data-e-type=\"container\">\n\t\t\t\t\t<div class=\"e-con-inner\">\n\t\t\t\t<div class=\"elementor-element elementor-element-8080512 elementor-widget__width-initial elementor-widget elementor-widget-heading\" data-id=\"8080512\" data-element_type=\"widget\" data-e-type=\"widget\" data-widget_type=\"heading.default\">\n\t\t\t\t<div class=\"elementor-widget-container\">\n\t\t\t\t\t<h2 class=\"elementor-heading-title elementor-size-default\">Datico<sup>\u00ae<\/sup> LIFE HUB Technologie<\/h2>\t\t\t\t<\/div>\n\t\t\t\t<\/div>\n\t\t\t\t<div class=\"elementor-element elementor-element-5306e10 elementor-widget__width-initial elementor-widget-laptop__width-initial elementor-widget-tablet_extra__width-initial elementor-widget-tablet__width-initial elementor-widget-mobile_extra__width-initial elementor-widget elementor-widget-text-editor\" data-id=\"5306e10\" data-element_type=\"widget\" data-e-type=\"widget\" data-widget_type=\"text-editor.default\">\n\t\t\t\t<div class=\"elementor-widget-container\">\n\t\t\t\t\t\t\t\t\t<p><strong>Individuelle Formulare. Intelligente Daten. Maximale Flexibilit\u00e4t.<br \/><\/strong>Mit den Datico<sup>\u00ae<\/sup> Smart Forms lassen sich individuelle Checklisten und Formulare erstellen, die exakt auf Ihre Erhebungsbedarfe abgestimmt sind \u2013 automatisiert auswertbar und direkt im LIFE HUB verf\u00fcgbar, egal ob f\u00fcr klinische Assessments, sportmedizinische Screenings oder Einsatzvorbereitungen.<\/p>\t\t\t\t\t\t\t\t<\/div>\n\t\t\t\t<\/div>\n\t\t\t\t\t<\/div>\n\t\t\t\t<\/div>\n\t\t\t\t\t<\/div>\n\t\t\t\t<\/div>\n\t\t<div class=\"elementor-element elementor-element-5089164 e-flex e-con-boxed e-con e-parent\" data-id=\"5089164\" data-element_type=\"container\" data-e-type=\"container\">\n\t\t\t\t\t<div class=\"e-con-inner\">\n\t\t<div class=\"elementor-element elementor-element-1790efa e-flex e-con-boxed e-con e-child\" data-id=\"1790efa\" data-element_type=\"container\" data-e-type=\"container\">\n\t\t\t\t\t<div class=\"e-con-inner\">\n\t\t\t\t<div class=\"elementor-element elementor-element-23404dc elementor-widget elementor-widget-text-editor\" data-id=\"23404dc\" data-element_type=\"widget\" data-e-type=\"widget\" data-widget_type=\"text-editor.default\">\n\t\t\t\t<div class=\"elementor-widget-container\">\n\t\t\t\t\t\t\t\t\t<p><a href=\"\/\">Home<\/a> | <a href=\"https:\/\/datico.com\/de\/plattform\/\">Plattform<\/a> | Technologie<\/p>\t\t\t\t\t\t\t\t<\/div>\n\t\t\t\t<\/div>\n\t\t\t\t\t<\/div>\n\t\t\t\t<\/div>\n\t\t\t\t\t<\/div>\n\t\t\t\t<\/div>\n\t\t<div class=\"elementor-element elementor-element-5996330 e-flex e-con-boxed e-con e-parent\" data-id=\"5996330\" data-element_type=\"container\" data-e-type=\"container\" data-settings=\"{&quot;background_background&quot;:&quot;classic&quot;}\">\n\t\t\t\t\t<div class=\"e-con-inner\">\n\t\t<div class=\"elementor-element elementor-element-6e3d7cd e-con-full e-flex e-con e-child\" data-id=\"6e3d7cd\" data-element_type=\"container\" data-e-type=\"container\">\n\t\t\t\t<div class=\"elementor-element elementor-element-f2789d8 elementor-widget elementor-widget-heading\" data-id=\"f2789d8\" data-element_type=\"widget\" data-e-type=\"widget\" data-widget_type=\"heading.default\">\n\t\t\t\t<div class=\"elementor-widget-container\">\n\t\t\t\t\t<h2 class=\"elementor-heading-title elementor-size-default\">Datenerfassung. Integration. Steuerung. Alles in einem System.<\/h2>\t\t\t\t<\/div>\n\t\t\t\t<\/div>\n\t\t\t\t<div class=\"elementor-element elementor-element-8499d83 elementor-widget elementor-widget-heading\" data-id=\"8499d83\" data-element_type=\"widget\" data-e-type=\"widget\" data-widget_type=\"heading.default\">\n\t\t\t\t<div class=\"elementor-widget-container\">\n\t\t\t\t\t<h2 class=\"elementor-heading-title elementor-size-default\">Technologien im Datico<sup>\u00ae<\/sup> LIFE HUB<\/h2>\t\t\t\t<\/div>\n\t\t\t\t<\/div>\n\t\t<div class=\"elementor-element elementor-element-836841e e-grid e-con-full e-con e-child\" data-id=\"836841e\" data-element_type=\"container\" data-e-type=\"container\">\n\t\t<div class=\"elementor-element elementor-element-47c9c49 e-con-full e-flex e-con e-child\" data-id=\"47c9c49\" data-element_type=\"container\" data-e-type=\"container\">\n\t\t\t\t<div class=\"elementor-element elementor-element-128f205 elementor-widget__width-initial elementor-widget elementor-widget-text-editor\" data-id=\"128f205\" data-element_type=\"widget\" data-e-type=\"widget\" data-widget_type=\"text-editor.default\">\n\t\t\t\t<div class=\"elementor-widget-container\">\n\t\t\t\t\t\t\t\t\t<p data-start=\"471\" data-end=\"617\">Die Technologien des Datico<sup>\u00ae<\/sup> LIFE HUB verbinden Ger\u00e4te, Datenquellen und Systeme zu einer intelligenten Plattform f\u00fcr Gesundheit und Leistung. Modular aufgebaut, flexibel einsetzbar \u2013 in Medizin, Sport, Einsatzkr\u00e4ften und Forschung.<\/p><p data-start=\"988\" data-end=\"1162\"><strong data-start=\"988\" data-end=\"1011\">Datico<sup>\u00ae <\/sup>Device Connector<\/strong><em data-start=\"1014\" data-end=\"1138\"><br \/><\/em>Verbindet Diagnostik-, Trainings- und Therapieger\u00e4te direkt mit dem Datico Live Hub \u2013 standardisiert, live und auswertbar.<em data-start=\"1014\" data-end=\"1138\"><br \/><\/em><br data-start=\"1138\" data-end=\"1141\" \/><strong data-start=\"1169\" data-end=\"1187\">Datico<sup>\u00ae <\/sup>Smart Forms<\/strong><br data-start=\"1187\" data-end=\"1190\" \/>Erstellen Sie dynamische Formulare und Checklisten f\u00fcr strukturierte Datenerhebung \u2013 komplett individualisierbar.<\/p><p data-start=\"988\" data-end=\"1162\"><strong data-start=\"1336\" data-end=\"1355\">Datico<sup>\u00ae <\/sup>Wearable Hub<\/strong><br data-start=\"1355\" data-end=\"1358\" \/>Integriert Daten aus verschiedenen Wearable-Plattformen \u00fcber offene Schnittstellen \u2013 f\u00fcr zentrale Analysen und Vergleiche.<\/p><p data-start=\"988\" data-end=\"1162\"><strong data-start=\"1513\" data-end=\"1533\">Datico<sup>\u00ae <\/sup>Live Control<\/strong><br data-start=\"1533\" data-end=\"1536\" \/>Steuert mehrere Systeme in Echtzeit \u2013 ideal f\u00fcr komplexe Szenarien wie H\u00f6hen- oder Klimakammern mit synchronisierter Datenerfassung.<\/p><p data-start=\"988\" data-end=\"1162\"><strong data-start=\"1701\" data-end=\"1716\">Datico<sup>\u00ae <\/sup>Live App<\/strong><br data-start=\"1716\" data-end=\"1719\" \/>Erm\u00f6glicht die mobile Datenerfassung direkt vor Ort \u2013 sicher, offlinef\u00e4hig und perfekt f\u00fcr dynamische Eins\u00e4tze.<\/p><p>\u00a0<\/p>\t\t\t\t\t\t\t\t<\/div>\n\t\t\t\t<\/div>\n\t\t\t\t<\/div>\n\t\t\t\t<\/div>\n\t\t\t\t<\/div>\n\t\t\t\t\t<\/div>\n\t\t\t\t<\/div>\n\t\t\t\t<\/div>\n\t\t","protected":false},"excerpt":{"rendered":"<p>Datico\u00ae LIFE HUB Technologie Individuelle Formulare. Intelligente Daten. Maximale Flexibilit\u00e4t.Mit den Datico\u00ae Smart Forms lassen sich individuelle Checklisten und Formulare erstellen, die exakt auf Ihre Erhebungsbedarfe abgestimmt sind \u2013 automatisiert auswertbar und direkt im LIFE HUB verf\u00fcgbar, egal ob f\u00fcr klinische Assessments, sportmedizinische Screenings oder Einsatzvorbereitungen. Home | Plattform | Technologie Datenerfassung. Integration. Steuerung. Alles&hellip;&nbsp;<a href=\"https:\/\/datico.com\/de\/plattform\/technologie\/\" rel=\"bookmark\">Weiterlesen &raquo;<span class=\"screen-reader-text\">Technologie<\/span><\/a><\/p>\n","protected":false},"author":1,"featured_media":0,"parent":3299,"menu_order":2,"comment_status":"closed","ping_status":"closed","template":"page-templates\/template-pagebuilder-full-width.php","meta":{"neve_meta_sidebar":"","neve_meta_container":"","neve_meta_enable_content_width":"","neve_meta_content_width":0,"neve_meta_title_alignment":"","neve_meta_author_avatar":"","neve_post_elements_order":"","neve_meta_disable_header":"","neve_meta_disable_footer":"","neve_meta_disable_title":"","footnotes":""},"wf_page_folders":[75],"class_list":["post-3882","page","type-page","status-publish","hentry"],"_links":{"self":[{"href":"https:\/\/datico.com\/de\/wp-json\/wp\/v2\/pages\/3882","targetHints":{"allow":["GET"]}}],"collection":[{"href":"https:\/\/datico.com\/de\/wp-json\/wp\/v2\/pages"}],"about":[{"href":"https:\/\/datico.com\/de\/wp-json\/wp\/v2\/types\/page"}],"author":[{"embeddable":true,"href":"https:\/\/datico.com\/de\/wp-json\/wp\/v2\/users\/1"}],"replies":[{"embeddable":true,"href":"https:\/\/datico.com\/de\/wp-json\/wp\/v2\/comments?post=3882"}],"version-history":[{"count":10,"href":"https:\/\/datico.com\/de\/wp-json\/wp\/v2\/pages\/3882\/revisions"}],"predecessor-version":[{"id":4812,"href":"https:\/\/datico.com\/de\/wp-json\/wp\/v2\/pages\/3882\/revisions\/4812"}],"up":[{"embeddable":true,"href":"https:\/\/datico.com\/de\/wp-json\/wp\/v2\/pages\/3299"}],"wp:attachment":[{"href":"https:\/\/datico.com\/de\/wp-json\/wp\/v2\/media?parent=3882"}],"wp:term":[{"taxonomy":"wf_page_folders","embeddable":true,"href":"https:\/\/datico.com\/de\/wp-json\/wp\/v2\/wf_page_folders?post=3882"}],"curies":[{"name":"wp","href":"https:\/\/api.w.org\/{rel}","templated":true}]}}