{"id":3957,"date":"2025-08-20T08:17:19","date_gmt":"2025-08-20T08:17:19","guid":{"rendered":"https:\/\/datico.com\/?page_id=3957"},"modified":"2026-01-16T17:36:42","modified_gmt":"2026-01-16T17:36:42","slug":"versicherungen","status":"publish","type":"page","link":"https:\/\/datico.com\/de\/loesungen\/loesungen-medizin\/versicherungen\/","title":{"rendered":"Versicherungen"},"content":{"rendered":"\t\t<div data-elementor-type=\"wp-page\" data-elementor-id=\"3957\" class=\"elementor elementor-3957\" data-elementor-post-type=\"page\">\n\t\t\t\t<div class=\"elementor-element elementor-element-d1ab8fb e-flex e-con-boxed e-con e-parent\" data-id=\"d1ab8fb\" data-element_type=\"container\" data-e-type=\"container\" data-settings=\"{&quot;background_background&quot;:&quot;classic&quot;}\">\n\t\t\t\t\t<div class=\"e-con-inner\">\n\t\t<div class=\"elementor-element elementor-element-8f03773 e-flex e-con-boxed e-con e-child\" data-id=\"8f03773\" data-element_type=\"container\" data-e-type=\"container\">\n\t\t\t\t\t<div class=\"e-con-inner\">\n\t\t\t\t<div class=\"elementor-element elementor-element-19c17a8 elementor-widget__width-initial elementor-widget elementor-widget-heading\" data-id=\"19c17a8\" data-element_type=\"widget\" data-e-type=\"widget\" data-widget_type=\"heading.default\">\n\t\t\t\t<div class=\"elementor-widget-container\">\n\t\t\t\t\t<h2 class=\"elementor-heading-title elementor-size-default\">Versicherungen<\/h2>\t\t\t\t<\/div>\n\t\t\t\t<\/div>\n\t\t\t\t<div class=\"elementor-element elementor-element-fd09f4d elementor-widget__width-initial elementor-widget-laptop__width-initial elementor-widget-tablet_extra__width-initial elementor-widget-tablet__width-initial elementor-widget-mobile_extra__width-initial elementor-widget elementor-widget-text-editor\" data-id=\"fd09f4d\" data-element_type=\"widget\" data-e-type=\"widget\" data-widget_type=\"text-editor.default\">\n\t\t\t\t<div class=\"elementor-widget-container\">\n\t\t\t\t\t\t\t\t\t<p><strong>Versicherungsleistungen smarter steuern.<\/strong><br \/>Steigern Sie mit dem Datico<sup>\u00ae<\/sup> LIFE HUB die Effizienz Ihrer versicherungsspezifischen Gesundheitsangebote und machen Sie sie dadurch f\u00fcr Ihre Versicherten attraktiver.<\/p>\t\t\t\t\t\t\t\t<\/div>\n\t\t\t\t<\/div>\n\t\t\t\t\t<\/div>\n\t\t\t\t<\/div>\n\t\t\t\t\t<\/div>\n\t\t\t\t<\/div>\n\t\t<div class=\"elementor-element elementor-element-577b2f5 e-flex e-con-boxed e-con e-parent\" data-id=\"577b2f5\" data-element_type=\"container\" data-e-type=\"container\">\n\t\t\t\t\t<div class=\"e-con-inner\">\n\t\t<div class=\"elementor-element elementor-element-aa3aab7 e-flex e-con-boxed e-con e-child\" data-id=\"aa3aab7\" data-element_type=\"container\" data-e-type=\"container\">\n\t\t\t\t\t<div class=\"e-con-inner\">\n\t\t\t\t<div class=\"elementor-element elementor-element-79c77b0 elementor-widget elementor-widget-text-editor\" data-id=\"79c77b0\" data-element_type=\"widget\" data-e-type=\"widget\" data-widget_type=\"text-editor.default\">\n\t\t\t\t<div class=\"elementor-widget-container\">\n\t\t\t\t\t\t\t\t\t<p><a href=\"\/\">Home<\/a> | <a href=\"https:\/\/datico.com\/de\/loesungen\/\">L\u00f6sungen<\/a> | <a href=\"https:\/\/datico.com\/de\/loesungen\/loesungen-medizin\/\">Medizin<\/a> | Versicherungen<\/p>\t\t\t\t\t\t\t\t<\/div>\n\t\t\t\t<\/div>\n\t\t\t\t\t<\/div>\n\t\t\t\t<\/div>\n\t\t\t\t\t<\/div>\n\t\t\t\t<\/div>\n\t\t<div class=\"elementor-element elementor-element-75a1bc0 e-flex e-con-boxed e-con e-parent\" data-id=\"75a1bc0\" data-element_type=\"container\" data-e-type=\"container\">\n\t\t\t\t\t<div class=\"e-con-inner\">\n\t\t<div class=\"elementor-element elementor-element-ed92a5e e-con-full e-flex e-con e-child\" data-id=\"ed92a5e\" data-element_type=\"container\" data-e-type=\"container\">\n\t\t\t\t<div class=\"elementor-element elementor-element-d3a51a9 elementor-widget elementor-widget-heading\" data-id=\"d3a51a9\" data-element_type=\"widget\" data-e-type=\"widget\" data-widget_type=\"heading.default\">\n\t\t\t\t<div class=\"elementor-widget-container\">\n\t\t\t\t\t<h2 class=\"elementor-heading-title elementor-size-default\">Fehlende digitale Integration schm\u00e4lert Qualit\u00e4t und Attraktivit\u00e4t f\u00fcr Versicherte.<\/h2>\t\t\t\t<\/div>\n\t\t\t\t<\/div>\n\t\t\t\t<div class=\"elementor-element elementor-element-38f8c40 elementor-widget elementor-widget-heading\" data-id=\"38f8c40\" data-element_type=\"widget\" data-e-type=\"widget\" data-widget_type=\"heading.default\">\n\t\t\t\t<div class=\"elementor-widget-container\">\n\t\t\t\t\t<h2 class=\"elementor-heading-title elementor-size-default\">Die Probleme f\u00fcr Versicherungen<\/h2>\t\t\t\t<\/div>\n\t\t\t\t<\/div>\n\t\t<div class=\"elementor-element elementor-element-f8bed62 e-grid e-con-full e-con e-child\" data-id=\"f8bed62\" data-element_type=\"container\" data-e-type=\"container\">\n\t\t<div class=\"elementor-element elementor-element-f507fc6 e-con-full e-flex e-con e-child\" data-id=\"f507fc6\" data-element_type=\"container\" data-e-type=\"container\">\n\t\t\t\t<div class=\"elementor-element elementor-element-af388b4 elementor-widget elementor-widget-text-editor\" data-id=\"af388b4\" data-element_type=\"widget\" data-e-type=\"widget\" data-widget_type=\"text-editor.default\">\n\t\t\t\t<div class=\"elementor-widget-container\">\n\t\t\t\t\t\t\t\t\t<p>Versicherungen stehen vor der Herausforderung, dass die Daten aus ihren verschiedenen angeschlossenen Einrichtungen und individuellen Apps nicht einheitlich zusammenflie\u00dfen.<\/p><p>Dadurch entsteht eine eingeschr\u00e4nkte Transparenz der Gesundheitsdaten der Versicherten, was die \u00fcbergreifende Betreuung erschwert.<\/p><p>Die fehlende Datenvernetzung hindert die Versicherungen daran, den Therapieerfolg und die Qualit\u00e4t der Versorgung umfassend zu \u00fcberwachen.<\/p><p>Langfristig fehlt ihnen so die M\u00f6glichkeit, ein wirklich attraktives, integriertes Versorgungsangebot zu schaffen und sich im Wettbewerb abzuheben.<\/p>\t\t\t\t\t\t\t\t<\/div>\n\t\t\t\t<\/div>\n\t\t\t\t<\/div>\n\t\t<div class=\"elementor-element elementor-element-45df243 e-con-full e-flex e-con e-child\" data-id=\"45df243\" data-element_type=\"container\" data-e-type=\"container\">\n\t\t\t\t<div class=\"elementor-element elementor-element-01274dd elementor-widget elementor-widget-text-editor\" data-id=\"01274dd\" data-element_type=\"widget\" data-e-type=\"widget\" data-widget_type=\"text-editor.default\">\n\t\t\t\t<div class=\"elementor-widget-container\">\n\t\t\t\t\t\t\t\t\t<p>\u26a0\ufe0f Keine Datenvernetzung der verschiedenen Einrichtungen.<\/p><p>\u26a0\ufe0f Eingeschr\u00e4nkte Transparenz der Versichertendaten.<\/p><p>\u26a0\ufe0f Schwierige \u00fcbergreifende Betreuung.<\/p><p>\u26a0\ufe0f Probleme bei der Nachverfolgung von Therapieerfolgen.<\/p><p>\u26a0\ufe0f Fehlende Qualit\u00e4tssicherung \u00fcber Einrichtungen hinweg.<\/p><p>\u26a0\ufe0f Keine Alleinstellung durch fehlende Integration.<\/p>\t\t\t\t\t\t\t\t<\/div>\n\t\t\t\t<\/div>\n\t\t\t\t<\/div>\n\t\t\t\t<\/div>\n\t\t\t\t<\/div>\n\t\t\t\t\t<\/div>\n\t\t\t\t<\/div>\n\t\t<div class=\"elementor-element elementor-element-12db8f7 e-flex e-con-boxed e-con e-parent\" data-id=\"12db8f7\" data-element_type=\"container\" data-e-type=\"container\" data-settings=\"{&quot;background_background&quot;:&quot;classic&quot;}\">\n\t\t\t\t\t<div class=\"e-con-inner\">\n\t\t<div class=\"elementor-element elementor-element-9fc4d44 e-con-full e-flex e-con e-child\" data-id=\"9fc4d44\" data-element_type=\"container\" data-e-type=\"container\">\n\t\t\t\t<div class=\"elementor-element elementor-element-9708b23 elementor-widget elementor-widget-heading\" data-id=\"9708b23\" data-element_type=\"widget\" data-e-type=\"widget\" data-widget_type=\"heading.default\">\n\t\t\t\t<div class=\"elementor-widget-container\">\n\t\t\t\t\t<h2 class=\"elementor-heading-title elementor-size-default\">Datico<sup>\u00ae<\/sup> LIFE HUB: Der Schl\u00fcssel zu integrierter Versorgungsqualit\u00e4t.<\/h2>\t\t\t\t<\/div>\n\t\t\t\t<\/div>\n\t\t\t\t<div class=\"elementor-element elementor-element-e0f215d elementor-widget elementor-widget-heading\" data-id=\"e0f215d\" data-element_type=\"widget\" data-e-type=\"widget\" data-widget_type=\"heading.default\">\n\t\t\t\t<div class=\"elementor-widget-container\">\n\t\t\t\t\t<h2 class=\"elementor-heading-title elementor-size-default\">Die L\u00f6sung<\/h2>\t\t\t\t<\/div>\n\t\t\t\t<\/div>\n\t\t<div class=\"elementor-element elementor-element-3e134e9 e-grid e-con-full e-con e-child\" data-id=\"3e134e9\" data-element_type=\"container\" data-e-type=\"container\">\n\t\t<div class=\"elementor-element elementor-element-165cb79 e-con-full e-flex e-con e-child\" data-id=\"165cb79\" data-element_type=\"container\" data-e-type=\"container\">\n\t\t\t\t<div class=\"elementor-element elementor-element-578322f elementor-widget__width-initial elementor-widget elementor-widget-text-editor\" data-id=\"578322f\" data-element_type=\"widget\" data-e-type=\"widget\" data-widget_type=\"text-editor.default\">\n\t\t\t\t<div class=\"elementor-widget-container\">\n\t\t\t\t\t\t\t\t\t<p>Der Datico<sup>\u00ae<\/sup> LIFE HUB in Verbindung mit dem Clinical Execution Modul k\u00f6nnen Versicherungen Daten aus verschiedenen Einrichtungen und Apps nahtlos austauschen und in ein Gesamtangebot integrieren.<\/p><p data-start=\"295\" data-end=\"375\">Dadurch entsteht eine ganzheitliche Transparenz\u00a0 &#8211; unabh\u00e4ngig von KIS-Systemen &#8211; \u00fcber verschiedene Einrichtungen hinweg.<\/p><p data-start=\"377\" data-end=\"486\">Die einrichtungs\u00fcbergreifende Qualit\u00e4tssicherung wird deutlich verbessert, was das Angebot f\u00fcr Versicherte attraktiver macht.<\/p><p data-start=\"488\" data-end=\"565\">So verschaffen sich Versicherungen einen Wettbewerbsvorteil.<\/p>\t\t\t\t\t\t\t\t<\/div>\n\t\t\t\t<\/div>\n\t\t\t\t<\/div>\n\t\t<div class=\"elementor-element elementor-element-0614388 e-con-full e-flex e-con e-child\" data-id=\"0614388\" data-element_type=\"container\" data-e-type=\"container\">\n\t\t\t\t<div class=\"elementor-element elementor-element-a43259e elementor-widget__width-initial elementor-widget elementor-widget-text-editor\" data-id=\"a43259e\" data-element_type=\"widget\" data-e-type=\"widget\" data-widget_type=\"text-editor.default\">\n\t\t\t\t<div class=\"elementor-widget-container\">\n\t\t\t\t\t\t\t\t\t<p data-start=\"1493\" data-end=\"1531\">\u2705 Nahtlose Datenintegration aus verschiedenen Quellen.<\/p><p>\u2705 Ganzheitliche Transparenz der Versorgung.<\/p><p>\u2705 Verbesserte Qualit\u00e4tssicherung.<\/p><p>\u2705 Attraktiveres Angebot f\u00fcr Versicherte.<\/p><p>\u2705 Deutlicher Wettbewerbsvorteil.<\/p><p>\u2705 Erh\u00f6hte Effizienz in der Versorgung.<\/p>\t\t\t\t\t\t\t\t<\/div>\n\t\t\t\t<\/div>\n\t\t\t\t<\/div>\n\t\t\t\t<\/div>\n\t\t\t\t<\/div>\n\t\t\t\t\t<\/div>\n\t\t\t\t<\/div>\n\t\t<div class=\"elementor-element elementor-element-14f42dd e-flex e-con-boxed e-con e-parent\" data-id=\"14f42dd\" data-element_type=\"container\" data-e-type=\"container\" data-settings=\"{&quot;background_background&quot;:&quot;classic&quot;}\">\n\t\t\t\t\t<div class=\"e-con-inner\">\n\t\t<div class=\"elementor-element elementor-element-8010e0f e-grid e-con-full e-con e-child\" data-id=\"8010e0f\" data-element_type=\"container\" data-e-type=\"container\" data-settings=\"{&quot;background_background&quot;:&quot;classic&quot;}\">\n\t\t<div class=\"elementor-element elementor-element-403059a e-con-full e-flex e-con e-child\" data-id=\"403059a\" data-element_type=\"container\" data-e-type=\"container\" data-settings=\"{&quot;background_background&quot;:&quot;classic&quot;,&quot;animation&quot;:&quot;none&quot;,&quot;animation_delay&quot;:1000}\">\n\t\t\t\t<div class=\"elementor-element elementor-element-d20dc62 elementor-widget elementor-widget-heading\" data-id=\"d20dc62\" data-element_type=\"widget\" data-e-type=\"widget\" data-widget_type=\"heading.default\">\n\t\t\t\t<div class=\"elementor-widget-container\">\n\t\t\t\t\t<h5 class=\"elementor-heading-title elementor-size-default\">Datico<sup>\u00ae<\/sup> Clinical Execution<\/h5>\t\t\t\t<\/div>\n\t\t\t\t<\/div>\n\t\t\t\t<div class=\"elementor-element elementor-element-814e862 elementor-widget elementor-widget-heading\" data-id=\"814e862\" data-element_type=\"widget\" data-e-type=\"widget\" data-widget_type=\"heading.default\">\n\t\t\t\t<div class=\"elementor-widget-container\">\n\t\t\t\t\t<h2 class=\"elementor-heading-title elementor-size-default\">Das passende Modul<\/h2>\t\t\t\t<\/div>\n\t\t\t\t<\/div>\n\t\t\t\t<div class=\"elementor-element elementor-element-6765166 elementor-widget__width-initial elementor-widget elementor-widget-text-editor\" data-id=\"6765166\" data-element_type=\"widget\" data-e-type=\"widget\" data-widget_type=\"text-editor.default\">\n\t\t\t\t<div class=\"elementor-widget-container\">\n\t\t\t\t\t\t\t\t\t<p>\u2705 Gesundheits- und Therapiedaten standardisiert erfassen.<\/p><p>\u2705 Transparente Fortschrittsdokumentation f\u00fcr Leistungserbringer.<\/p><p>\u2705 Digitale Nachweise f\u00fcr Abrechnung und Kostenerstattung.<\/p><p>\u2705 Integration von Wearables und Diagnostiksystemen.<\/p><p>\u2705 Sichere, DSGVO-konforme Datenhaltung mit Datenhoheit.<\/p>\t\t\t\t\t\t\t\t<\/div>\n\t\t\t\t<\/div>\n\t\t\t\t<div class=\"elementor-element elementor-element-c48c3e4 elementor-widget elementor-widget-button\" data-id=\"c48c3e4\" data-element_type=\"widget\" data-e-type=\"widget\" data-widget_type=\"button.default\">\n\t\t\t\t<div class=\"elementor-widget-container\">\n\t\t\t\t\t\t\t\t\t<div class=\"elementor-button-wrapper\">\n\t\t\t\t\t<a class=\"elementor-button elementor-button-link elementor-size-sm elementor-animation-shrink\" href=\"https:\/\/datico.com\/de\/kontakt\">\n\t\t\t\t\t\t<span class=\"elementor-button-content-wrapper\">\n\t\t\t\t\t\t<span class=\"elementor-button-icon\">\n\t\t\t\t<i aria-hidden=\"true\" class=\"fas fa-arrow-right\"><\/i>\t\t\t<\/span>\n\t\t\t\t\t\t\t\t\t<span class=\"elementor-button-text\">Beratung vereinbaren<\/span>\n\t\t\t\t\t<\/span>\n\t\t\t\t\t<\/a>\n\t\t\t\t<\/div>\n\t\t\t\t\t\t\t\t<\/div>\n\t\t\t\t<\/div>\n\t\t\t\t<\/div>\n\t\t<div class=\"elementor-element elementor-element-d60926e e-con-full animated-fast e-flex elementor-invisible e-con e-child\" data-id=\"d60926e\" data-element_type=\"container\" data-e-type=\"container\" data-settings=\"{&quot;background_background&quot;:&quot;classic&quot;,&quot;animation&quot;:&quot;fadeInUp&quot;,&quot;animation_delay&quot;:500}\">\n\t\t\t\t<div class=\"elementor-element elementor-element-a207416 elementor-flip-box--direction-left elementor-flip-box--effect-flip elementor-widget elementor-widget-flip-box\" data-id=\"a207416\" data-element_type=\"widget\" data-e-type=\"widget\" data-widget_type=\"flip-box.default\">\n\t\t\t\t<div class=\"elementor-widget-container\">\n\t\t\t\t\t\t\t<div class=\"elementor-flip-box\" tabindex=\"0\">\n\t\t\t<div class=\"elementor-flip-box__layer elementor-flip-box__front\">\n\t\t\t\t<div class=\"elementor-flip-box__layer__overlay\">\n\t\t\t\t\t<div class=\"elementor-flip-box__layer__inner\">\n\t\t\t\t\t\t\t\t\t\t\t\t\t<div class=\"elementor-flip-box__image\">\n\t\t\t\t\t\t\t\t<img fetchpriority=\"high\" decoding=\"async\" width=\"500\" height=\"500\" src=\"https:\/\/datico.com\/wp-content\/uploads\/2025\/08\/Clinical-Execution-4.png\" class=\"attachment-full size-full wp-image-4335\" alt=\"\" srcset=\"https:\/\/datico.com\/wp-content\/uploads\/2025\/08\/Clinical-Execution-4.png 500w, https:\/\/datico.com\/wp-content\/uploads\/2025\/08\/Clinical-Execution-4-300x300.png 300w, https:\/\/datico.com\/wp-content\/uploads\/2025\/08\/Clinical-Execution-4-150x150.png 150w\" sizes=\"(max-width: 500px) 100vw, 500px\" \/>\t\t\t\t\t\t\t<\/div>\n\t\t\t\t\t\t\n\t\t\t\t\t\t\t\t\t\t\t\t\t<h3 class=\"elementor-flip-box__layer__title\">\n\t\t\t\t\t\t\t\tDatico<sup>\u00ae<\/sup><br>Clinical Execution\t\t\t\t\t\t\t<\/h3>\n\t\t\t\t\t\t\n\t\t\t\t\t\t\t\t\t\t\t\t\t<div class=\"elementor-flip-box__layer__description\">\n\t\t\t\t\t\t\t\tL\u00f6sungen f\u00fcr Kliniken, Rehabilitation und Gesundheitsmanagement\t\t\t\t\t\t\t<\/div>\n\t\t\t\t\t\t\t\t\t\t\t<\/div>\n\t\t\t\t<\/div>\n\t\t\t<\/div>\n\t\t\t<div class=\"elementor-flip-box__layer elementor-flip-box__back\">\n\t\t\t<div class=\"elementor-flip-box__layer__overlay\">\n\t\t\t\t<div class=\"elementor-flip-box__layer__inner\">\n\t\t\t\t\t\n\t\t\t\t\t\t\t\t\t\t\t<div class=\"elementor-flip-box__layer__description\">\n\t\t\t\t\t\t\t<b>FUNKTIONEN<\/b><br><br>\nKIS Connector<br>Device Connector<br>Order Management<br>Therapy Event Monitor<br>Therapy Progress Monitor<br>Patient Identifier<br>Patient Feedback Monitor<br><br>\t\t\t\t\t\t<\/div>\n\t\t\t\t\t\n\t\t\t\t\t\t\t\t\t\t\t<a class=\"elementor-flip-box__button elementor-button elementor-size-sm\" href=\"https:\/\/datico.com\/de\/plattform\/module\/clinical-execution\/\">\n\t\t\t\t\t\t\tZum Modul\t\t\t\t\t\t<\/a>\n\t\t\t\t\t\t\t\t<\/div>\n\t\t<\/div>\n\t\t<\/div>\n\t\t<\/div>\n\t\t\t\t\t\t<\/div>\n\t\t\t\t<\/div>\n\t\t\t\t<\/div>\n\t\t\t\t<\/div>\n\t\t\t\t\t<\/div>\n\t\t\t\t<\/div>\n\t\t<div class=\"elementor-element elementor-element-7d8998e e-flex e-con-boxed e-con e-parent\" data-id=\"7d8998e\" data-element_type=\"container\" data-e-type=\"container\" data-settings=\"{&quot;background_background&quot;:&quot;classic&quot;}\">\n\t\t\t\t\t<div class=\"e-con-inner\">\n\t\t<div class=\"elementor-element elementor-element-bd3ec01 e-con-full e-flex e-con e-child\" data-id=\"bd3ec01\" data-element_type=\"container\" data-e-type=\"container\">\n\t\t\t\t<div class=\"elementor-element elementor-element-9c580eb elementor-widget elementor-widget-heading\" data-id=\"9c580eb\" data-element_type=\"widget\" data-e-type=\"widget\" data-widget_type=\"heading.default\">\n\t\t\t\t<div class=\"elementor-widget-container\">\n\t\t\t\t\t<h5 class=\"elementor-heading-title elementor-size-default\">KOSTENLOS TESTEN<\/h5>\t\t\t\t<\/div>\n\t\t\t\t<\/div>\n\t\t\t\t<div class=\"elementor-element elementor-element-ecd7419 elementor-widget elementor-widget-heading\" data-id=\"ecd7419\" data-element_type=\"widget\" data-e-type=\"widget\" data-widget_type=\"heading.default\">\n\t\t\t\t<div class=\"elementor-widget-container\">\n\t\t\t\t\t<h2 class=\"elementor-heading-title elementor-size-default\">Entscheiden Sie sich noch heute f\u00fcr Datico<sup>\u00ae<\/sup><\/h2>\t\t\t\t<\/div>\n\t\t\t\t<\/div>\n\t\t<div class=\"elementor-element elementor-element-cf00a17 e-con-full e-flex e-con e-child\" data-id=\"cf00a17\" data-element_type=\"container\" data-e-type=\"container\">\n\t\t<div class=\"elementor-element elementor-element-e6cde38 e-flex e-con-boxed e-con e-child\" data-id=\"e6cde38\" data-element_type=\"container\" data-e-type=\"container\">\n\t\t\t\t\t<div class=\"e-con-inner\">\n\t\t\t\t<div class=\"elementor-element elementor-element-09a5244 elementor-widget__width-initial elementor-view-default elementor-position-block-start elementor-mobile-position-block-start elementor-widget elementor-widget-icon-box\" data-id=\"09a5244\" data-element_type=\"widget\" data-e-type=\"widget\" data-widget_type=\"icon-box.default\">\n\t\t\t\t<div class=\"elementor-widget-container\">\n\t\t\t\t\t\t\t<div class=\"elementor-icon-box-wrapper\">\n\n\t\t\t\t\t\t<div class=\"elementor-icon-box-icon\">\n\t\t\t\t<span  class=\"elementor-icon\">\n\t\t\t\t<i aria-hidden=\"true\" class=\"fas fa-check-circle\"><\/i>\t\t\t\t<\/span>\n\t\t\t<\/div>\n\t\t\t\n\t\t\t\t\t\t<div class=\"elementor-icon-box-content\">\n\n\t\t\t\t\t\t\t\t\t<h3 class=\"elementor-icon-box-title\">\n\t\t\t\t\t\t<span  >\n\t\t\t\t\t\t\tTesten Sie alle Funktionen\t\t\t\t\t\t<\/span>\n\t\t\t\t\t<\/h3>\n\t\t\t\t\n\t\t\t\t\t\t\t\t\t<p class=\"elementor-icon-box-description\">\n\t\t\t\t\t\tmit einem individuellen Demosystem\t\t\t\t\t<\/p>\n\t\t\t\t\n\t\t\t<\/div>\n\t\t\t\n\t\t<\/div>\n\t\t\t\t\t\t<\/div>\n\t\t\t\t<\/div>\n\t\t\t\t\t<\/div>\n\t\t\t\t<\/div>\n\t\t<div class=\"elementor-element elementor-element-61f02b1 e-con-full e-flex e-con e-child\" data-id=\"61f02b1\" data-element_type=\"container\" data-e-type=\"container\">\n\t\t\t\t<div class=\"elementor-element elementor-element-0b880cc elementor-widget__width-initial elementor-view-default elementor-position-block-start elementor-mobile-position-block-start elementor-widget elementor-widget-icon-box\" data-id=\"0b880cc\" data-element_type=\"widget\" data-e-type=\"widget\" data-widget_type=\"icon-box.default\">\n\t\t\t\t<div class=\"elementor-widget-container\">\n\t\t\t\t\t\t\t<div class=\"elementor-icon-box-wrapper\">\n\n\t\t\t\t\t\t<div class=\"elementor-icon-box-icon\">\n\t\t\t\t<span  class=\"elementor-icon\">\n\t\t\t\t<i aria-hidden=\"true\" class=\"fas fa-check-circle\"><\/i>\t\t\t\t<\/span>\n\t\t\t<\/div>\n\t\t\t\n\t\t\t\t\t\t<div class=\"elementor-icon-box-content\">\n\n\t\t\t\t\t\t\t\t\t<h3 class=\"elementor-icon-box-title\">\n\t\t\t\t\t\t<span  >\n\t\t\t\t\t\t\tApp sofort nutzen\t\t\t\t\t\t<\/span>\n\t\t\t\t\t<\/h3>\n\t\t\t\t\n\t\t\t\t\t\t\t\t\t<p class=\"elementor-icon-box-description\">\n\t\t\t\t\t\tam Computer, Tablet oder Smartphone\t\t\t\t\t<\/p>\n\t\t\t\t\n\t\t\t<\/div>\n\t\t\t\n\t\t<\/div>\n\t\t\t\t\t\t<\/div>\n\t\t\t\t<\/div>\n\t\t\t\t<\/div>\n\t\t<div class=\"elementor-element elementor-element-3c99c6a e-con-full e-flex e-con e-child\" data-id=\"3c99c6a\" data-element_type=\"container\" data-e-type=\"container\">\n\t\t\t\t<div class=\"elementor-element elementor-element-ed72b1b elementor-widget__width-initial elementor-view-default elementor-position-block-start elementor-mobile-position-block-start elementor-widget elementor-widget-icon-box\" data-id=\"ed72b1b\" data-element_type=\"widget\" data-e-type=\"widget\" data-widget_type=\"icon-box.default\">\n\t\t\t\t<div class=\"elementor-widget-container\">\n\t\t\t\t\t\t\t<div class=\"elementor-icon-box-wrapper\">\n\n\t\t\t\t\t\t<div class=\"elementor-icon-box-icon\">\n\t\t\t\t<span  class=\"elementor-icon\">\n\t\t\t\t<i aria-hidden=\"true\" class=\"fas fa-check-circle\"><\/i>\t\t\t\t<\/span>\n\t\t\t<\/div>\n\t\t\t\n\t\t\t\t\t\t<div class=\"elementor-icon-box-content\">\n\n\t\t\t\t\t\t\t\t\t<h3 class=\"elementor-icon-box-title\">\n\t\t\t\t\t\t<span  >\n\t\t\t\t\t\t\tV\u00f6llig risikofrei\t\t\t\t\t\t<\/span>\n\t\t\t\t\t<\/h3>\n\t\t\t\t\n\t\t\t\t\t\t\t\t\t<p class=\"elementor-icon-box-description\">\n\t\t\t\t\t\tIhr Zugang endet automatisch!\t\t\t\t\t<\/p>\n\t\t\t\t\n\t\t\t<\/div>\n\t\t\t\n\t\t<\/div>\n\t\t\t\t\t\t<\/div>\n\t\t\t\t<\/div>\n\t\t\t\t<\/div>\n\t\t\t\t<\/div>\n\t\t\t\t<\/div>\n\t\t<div class=\"elementor-element elementor-element-24c1d43 e-con-full e-flex e-con e-child\" data-id=\"24c1d43\" data-element_type=\"container\" data-e-type=\"container\">\n\t\t\t\t<div class=\"elementor-element elementor-element-197b89f elementor-widget elementor-widget-button\" data-id=\"197b89f\" data-element_type=\"widget\" data-e-type=\"widget\" data-widget_type=\"button.default\">\n\t\t\t\t<div class=\"elementor-widget-container\">\n\t\t\t\t\t\t\t\t\t<div class=\"elementor-button-wrapper\">\n\t\t\t\t\t<a class=\"elementor-button elementor-button-link elementor-size-sm elementor-animation-shrink\" href=\"https:\/\/datico.com\/de\/kontakt\/\">\n\t\t\t\t\t\t<span class=\"elementor-button-content-wrapper\">\n\t\t\t\t\t\t<span class=\"elementor-button-icon\">\n\t\t\t\t<i aria-hidden=\"true\" class=\"fas fa-arrow-right\"><\/i>\t\t\t<\/span>\n\t\t\t\t\t\t\t\t\t<span class=\"elementor-button-text\">Termin vereinbaren<\/span>\n\t\t\t\t\t<\/span>\n\t\t\t\t\t<\/a>\n\t\t\t\t<\/div>\n\t\t\t\t\t\t\t\t<\/div>\n\t\t\t\t<\/div>\n\t\t\t\t<\/div>\n\t\t\t\t\t<\/div>\n\t\t\t\t<\/div>\n\t\t<div class=\"elementor-element elementor-element-a785581 e-flex e-con-boxed e-con e-parent\" data-id=\"a785581\" data-element_type=\"container\" data-e-type=\"container\">\n\t\t\t\t\t<div class=\"e-con-inner\">\n\t\t\t\t<div class=\"elementor-element elementor-element-f3ee19d elementor-widget elementor-widget-spacer\" data-id=\"f3ee19d\" data-element_type=\"widget\" data-e-type=\"widget\" data-widget_type=\"spacer.default\">\n\t\t\t\t<div class=\"elementor-widget-container\">\n\t\t\t\t\t\t\t<div class=\"elementor-spacer\">\n\t\t\t<div class=\"elementor-spacer-inner\"><\/div>\n\t\t<\/div>\n\t\t\t\t\t\t<\/div>\n\t\t\t\t<\/div>\n\t\t\t\t\t<\/div>\n\t\t\t\t<\/div>\n\t\t\t\t<\/div>\n\t\t","protected":false},"excerpt":{"rendered":"<p>Versicherungen Versicherungsleistungen smarter steuern.Steigern Sie mit dem Datico\u00ae LIFE HUB die Effizienz Ihrer versicherungsspezifischen Gesundheitsangebote und machen Sie sie dadurch f\u00fcr Ihre Versicherten attraktiver. Home | L\u00f6sungen | Medizin | Versicherungen Fehlende digitale Integration schm\u00e4lert Qualit\u00e4t und Attraktivit\u00e4t f\u00fcr Versicherte. Die Probleme f\u00fcr Versicherungen Versicherungen stehen vor der Herausforderung, dass die Daten aus ihren verschiedenen&hellip;&nbsp;<a href=\"https:\/\/datico.com\/de\/loesungen\/loesungen-medizin\/versicherungen\/\" rel=\"bookmark\">Weiterlesen &raquo;<span class=\"screen-reader-text\">Versicherungen<\/span><\/a><\/p>\n","protected":false},"author":1,"featured_media":0,"parent":3291,"menu_order":4,"comment_status":"closed","ping_status":"closed","template":"page-templates\/template-pagebuilder-full-width.php","meta":{"neve_meta_sidebar":"","neve_meta_container":"","neve_meta_enable_content_width":"","neve_meta_content_width":0,"neve_meta_title_alignment":"","neve_meta_author_avatar":"","neve_post_elements_order":"","neve_meta_disable_header":"","neve_meta_disable_footer":"","neve_meta_disable_title":"","footnotes":""},"wf_page_folders":[58],"class_list":["post-3957","page","type-page","status-publish","hentry"],"_links":{"self":[{"href":"https:\/\/datico.com\/de\/wp-json\/wp\/v2\/pages\/3957","targetHints":{"allow":["GET"]}}],"collection":[{"href":"https:\/\/datico.com\/de\/wp-json\/wp\/v2\/pages"}],"about":[{"href":"https:\/\/datico.com\/de\/wp-json\/wp\/v2\/types\/page"}],"author":[{"embeddable":true,"href":"https:\/\/datico.com\/de\/wp-json\/wp\/v2\/users\/1"}],"replies":[{"embeddable":true,"href":"https:\/\/datico.com\/de\/wp-json\/wp\/v2\/comments?post=3957"}],"version-history":[{"count":10,"href":"https:\/\/datico.com\/de\/wp-json\/wp\/v2\/pages\/3957\/revisions"}],"predecessor-version":[{"id":5120,"href":"https:\/\/datico.com\/de\/wp-json\/wp\/v2\/pages\/3957\/revisions\/5120"}],"up":[{"embeddable":true,"href":"https:\/\/datico.com\/de\/wp-json\/wp\/v2\/pages\/3291"}],"wp:attachment":[{"href":"https:\/\/datico.com\/de\/wp-json\/wp\/v2\/media?parent=3957"}],"wp:term":[{"taxonomy":"wf_page_folders","embeddable":true,"href":"https:\/\/datico.com\/de\/wp-json\/wp\/v2\/wf_page_folders?post=3957"}],"curies":[{"name":"wp","href":"https:\/\/api.w.org\/{rel}","templated":true}]}}