{"id":4582,"date":"2026-01-03T16:18:51","date_gmt":"2026-01-03T16:18:51","guid":{"rendered":"https:\/\/datico.com\/?page_id=4582"},"modified":"2026-04-06T05:37:36","modified_gmt":"2026-04-06T05:37:36","slug":"wearable-connect","status":"publish","type":"page","link":"https:\/\/datico.com\/de\/plattform\/wearable-connect\/","title":{"rendered":"WEARABLE CONNECT"},"content":{"rendered":"\t\t<div data-elementor-type=\"wp-page\" data-elementor-id=\"4582\" class=\"elementor elementor-4582\" data-elementor-post-type=\"page\">\n\t\t\t\t<div class=\"elementor-element elementor-element-9b97d7e e-flex e-con-boxed e-con e-parent\" data-id=\"9b97d7e\" data-element_type=\"container\" data-e-type=\"container\" data-settings=\"{&quot;background_background&quot;:&quot;classic&quot;}\">\n\t\t\t\t\t<div class=\"e-con-inner\">\n\t\t<div class=\"elementor-element elementor-element-c0f543b e-flex e-con-boxed e-con e-child\" data-id=\"c0f543b\" data-element_type=\"container\" data-e-type=\"container\">\n\t\t\t\t\t<div class=\"e-con-inner\">\n\t\t\t\t<div class=\"elementor-element elementor-element-23cdcef elementor-widget__width-initial elementor-widget elementor-widget-heading\" data-id=\"23cdcef\" data-element_type=\"widget\" data-e-type=\"widget\" data-widget_type=\"heading.default\">\n\t\t\t\t<div class=\"elementor-widget-container\">\n\t\t\t\t\t<h2 class=\"elementor-heading-title elementor-size-default\">Wearable Hub<\/h2>\t\t\t\t<\/div>\n\t\t\t\t<\/div>\n\t\t\t\t<div class=\"elementor-element elementor-element-1ff705f elementor-widget__width-initial elementor-widget-laptop__width-initial elementor-widget-tablet_extra__width-initial elementor-widget-tablet__width-initial elementor-widget-mobile_extra__width-initial elementor-widget elementor-widget-text-editor\" data-id=\"1ff705f\" data-element_type=\"widget\" data-e-type=\"widget\" data-widget_type=\"text-editor.default\">\n\t\t\t\t<div class=\"elementor-widget-container\">\n\t\t\t\t\t\t\t\t\t<p><strong>Wearables verbinden \u2013 Daten intelligent nutzen.<br \/><\/strong>Der Datico<sup>\u00ae<\/sup> Wearable Hub integriert verschiedenste Wearable-Plattformen \u00fcber offene Schnittstellen (APIs) und f\u00fchrt deren Daten im Datico LIFE HUB zusammen \u2013 f\u00fcr ganzheitliche Analysen und validierbare Vergleiche \u00fcber Personen, Zeitr\u00e4ume und Szenarien hinweg.<\/p>\t\t\t\t\t\t\t\t<\/div>\n\t\t\t\t<\/div>\n\t\t\t\t\t<\/div>\n\t\t\t\t<\/div>\n\t\t\t\t\t<\/div>\n\t\t\t\t<\/div>\n\t\t<div class=\"elementor-element elementor-element-d1e43ed e-flex e-con-boxed e-con e-parent\" data-id=\"d1e43ed\" data-element_type=\"container\" data-e-type=\"container\">\n\t\t\t\t\t<div class=\"e-con-inner\">\n\t\t<div class=\"elementor-element elementor-element-55f8544 e-flex e-con-boxed e-con e-child\" data-id=\"55f8544\" data-element_type=\"container\" data-e-type=\"container\">\n\t\t\t\t\t<div class=\"e-con-inner\">\n\t\t\t\t<div class=\"elementor-element elementor-element-3d04b77 elementor-widget elementor-widget-text-editor\" data-id=\"3d04b77\" data-element_type=\"widget\" data-e-type=\"widget\" data-widget_type=\"text-editor.default\">\n\t\t\t\t<div class=\"elementor-widget-container\">\n\t\t\t\t\t\t\t\t\t<p><a href=\"\/\">Home<\/a> | <a href=\"https:\/\/datico.com\/de\/plattform\/\">Plattform<\/a> | <a href=\"https:\/\/datico.com\/de\/plattform\/technologie\/\">Technologie <\/a>| Wearable Hub<\/p>\t\t\t\t\t\t\t\t<\/div>\n\t\t\t\t<\/div>\n\t\t\t\t\t<\/div>\n\t\t\t\t<\/div>\n\t\t\t\t\t<\/div>\n\t\t\t\t<\/div>\n\t\t<div class=\"elementor-element elementor-element-2ad7bdd e-flex e-con-boxed e-con e-parent\" data-id=\"2ad7bdd\" data-element_type=\"container\" data-e-type=\"container\" data-settings=\"{&quot;background_background&quot;:&quot;classic&quot;}\">\n\t\t\t\t\t<div class=\"e-con-inner\">\n\t\t<div class=\"elementor-element elementor-element-9f7c9b0 e-con-full e-flex e-con e-child\" data-id=\"9f7c9b0\" data-element_type=\"container\" data-e-type=\"container\">\n\t\t\t\t<div class=\"elementor-element elementor-element-41e759e elementor-widget elementor-widget-heading\" data-id=\"41e759e\" data-element_type=\"widget\" data-e-type=\"widget\" data-widget_type=\"heading.default\">\n\t\t\t\t<div class=\"elementor-widget-container\">\n\t\t\t\t\t<h2 class=\"elementor-heading-title elementor-size-default\">Wearables verbinden. Daten zentralisieren. Erkenntnisse gewinnen.<\/h2>\t\t\t\t<\/div>\n\t\t\t\t<\/div>\n\t\t\t\t<div class=\"elementor-element elementor-element-4b15a72 elementor-widget elementor-widget-heading\" data-id=\"4b15a72\" data-element_type=\"widget\" data-e-type=\"widget\" data-widget_type=\"heading.default\">\n\t\t\t\t<div class=\"elementor-widget-container\">\n\t\t\t\t\t<h2 class=\"elementor-heading-title elementor-size-default\">Datico<sup>\u00ae<\/sup> Wearable Hub<\/h2>\t\t\t\t<\/div>\n\t\t\t\t<\/div>\n\t\t<div class=\"elementor-element elementor-element-0704ca1 e-grid e-con-full e-con e-child\" data-id=\"0704ca1\" data-element_type=\"container\" data-e-type=\"container\">\n\t\t<div class=\"elementor-element elementor-element-d0c1a73 e-con-full e-flex e-con e-child\" data-id=\"d0c1a73\" data-element_type=\"container\" data-e-type=\"container\">\n\t\t\t\t<div class=\"elementor-element elementor-element-9807929 elementor-widget__width-initial elementor-widget elementor-widget-text-editor\" data-id=\"9807929\" data-element_type=\"widget\" data-e-type=\"widget\" data-widget_type=\"text-editor.default\">\n\t\t\t\t<div class=\"elementor-widget-container\">\n\t\t\t\t\t\t\t\t\t<p>Der Datico<sup>\u00ae<\/sup> Wearable Hub integriert Daten aus unterschiedlichsten Wearable-Plattformen direkt in den Datico Live Hub \u2013 sicher, standardisiert und bereit zur Analyse.<\/p><p data-start=\"1113\" data-end=\"1315\"><strong data-start=\"1113\" data-end=\"1155\">Wearable-Daten systematisch nutzen.<\/strong><br data-start=\"1155\" data-end=\"1158\" \/>Der Wearable Hub sammelt und konsolidiert Daten aus verschiedenen Plattformen \u2013 egal ob zur Alltags\u00fcberwachung, Leistungsdiagnostik oder Belastungssteuerung.<\/p><p data-start=\"1317\" data-end=\"1504\"><strong data-start=\"1317\" data-end=\"1349\">Offen f\u00fcr alle Standards.<\/strong><br data-start=\"1349\" data-end=\"1352\" \/>Dank offener Schnittstellen (APIs) lassen sich Plattformen wie Garmin, Polar, Apple Health, Fitbit &amp; Co. problemlos integrieren \u2013 ohne manuelle Importe.<\/p><p data-start=\"1506\" data-end=\"1675\"><strong data-start=\"1506\" data-end=\"1538\">Daten in Kontext bringen.<\/strong><br data-start=\"1538\" data-end=\"1541\" \/>Kombinieren Sie Bewegungs-, Schlaf- oder Vitaldaten mit weiteren Messwerten \u2013 f\u00fcr ganzheitliche Analysen und pr\u00e4zisere Entscheidungen.<\/p><p data-start=\"1677\" data-end=\"1852\"><strong data-start=\"1677\" data-end=\"1718\">Sicher und kontrolliert skalieren.<\/strong><br data-start=\"1718\" data-end=\"1721\" \/>Alle Daten sind DSGVO-konform gespeichert, personalisiert zuordenbar und f\u00fcr Forschungs- oder Monitoringzwecke jederzeit filterbar.<\/p>\t\t\t\t\t\t\t\t<\/div>\n\t\t\t\t<\/div>\n\t\t\t\t<\/div>\n\t\t<div class=\"elementor-element elementor-element-c0b3631 e-con-full e-flex e-con e-child\" data-id=\"c0b3631\" data-element_type=\"container\" data-e-type=\"container\">\n\t\t\t\t<div class=\"elementor-element elementor-element-72ce2e5 elementor-widget__width-initial elementor-widget elementor-widget-text-editor\" data-id=\"72ce2e5\" data-element_type=\"widget\" data-e-type=\"widget\" data-widget_type=\"text-editor.default\">\n\t\t\t\t<div class=\"elementor-widget-container\">\n\t\t\t\t\t\t\t\t\t<p data-start=\"396\" data-end=\"532\"><strong data-start=\"396\" data-end=\"435\">\ud83d\udd17 Plattform\u00fcbergreifende Anbindung<\/strong><br data-start=\"435\" data-end=\"438\" \/>Nahtlose Integration f\u00fchrender Wearable-Plattformen via API \u2013 von Consumer- bis Profi-Devices.<\/p><p data-start=\"534\" data-end=\"647\"><strong data-start=\"534\" data-end=\"566\">\ud83d\udce5 Zentrale Datenspeicherung<\/strong><br data-start=\"566\" data-end=\"569\" \/>Alle Wearable-Daten flie\u00dfen geb\u00fcndelt und strukturiert in den Datico Live Hub.<\/p><p data-start=\"649\" data-end=\"786\"><strong data-start=\"649\" data-end=\"682\">\ud83e\udde0 Kontextbezogene Auswertung<\/strong><br data-start=\"682\" data-end=\"685\" \/>Wearable-Daten lassen sich mit Diagnostik-, Trainings- oder Umweltfaktoren kombinieren und auswerten.<\/p><p data-start=\"788\" data-end=\"922\"><strong data-start=\"788\" data-end=\"824\">\ud83d\udd10 Datenschutzkonform und sicher<\/strong><br data-start=\"824\" data-end=\"827\" \/>Verarbeitung und Speicherung der Daten erfolgt gem\u00e4\u00df DSGVO \u2013 mit individuellen Zugriffsrechten.<\/p><p data-start=\"924\" data-end=\"1050\"><strong data-start=\"924\" data-end=\"959\">\u2699\ufe0f Automatisierte Datenprozesse<\/strong><br data-start=\"959\" data-end=\"962\" \/>Zeitgesteuerte Synchronisation und individuelle Filterregeln f\u00fcr effiziente Datenfl\u00fcsse.<\/p>\t\t\t\t\t\t\t\t<\/div>\n\t\t\t\t<\/div>\n\t\t\t\t<\/div>\n\t\t\t\t<\/div>\n\t\t\t\t<\/div>\n\t\t\t\t\t<\/div>\n\t\t\t\t<\/div>\n\t\t\t\t<\/div>\n\t\t","protected":false},"excerpt":{"rendered":"<p>Wearable Hub Wearables verbinden \u2013 Daten intelligent nutzen.Der Datico\u00ae Wearable Hub integriert verschiedenste Wearable-Plattformen \u00fcber offene Schnittstellen (APIs) und f\u00fchrt deren Daten im Datico LIFE HUB zusammen \u2013 f\u00fcr ganzheitliche Analysen und validierbare Vergleiche \u00fcber Personen, Zeitr\u00e4ume und Szenarien hinweg. Home | Plattform | Technologie | Wearable Hub Wearables verbinden. Daten zentralisieren. Erkenntnisse gewinnen. Datico\u00ae&hellip;&nbsp;<a href=\"https:\/\/datico.com\/de\/plattform\/wearable-connect\/\" rel=\"bookmark\">Weiterlesen &raquo;<span class=\"screen-reader-text\">WEARABLE CONNECT<\/span><\/a><\/p>\n","protected":false},"author":1,"featured_media":0,"parent":3299,"menu_order":3,"comment_status":"closed","ping_status":"closed","template":"page-templates\/template-pagebuilder-full-width.php","meta":{"neve_meta_sidebar":"","neve_meta_container":"","neve_meta_enable_content_width":"","neve_meta_content_width":0,"neve_meta_title_alignment":"","neve_meta_author_avatar":"","neve_post_elements_order":"","neve_meta_disable_header":"","neve_meta_disable_footer":"","neve_meta_disable_title":"","footnotes":""},"wf_page_folders":[77],"class_list":["post-4582","page","type-page","status-publish","hentry"],"_links":{"self":[{"href":"https:\/\/datico.com\/de\/wp-json\/wp\/v2\/pages\/4582","targetHints":{"allow":["GET"]}}],"collection":[{"href":"https:\/\/datico.com\/de\/wp-json\/wp\/v2\/pages"}],"about":[{"href":"https:\/\/datico.com\/de\/wp-json\/wp\/v2\/types\/page"}],"author":[{"embeddable":true,"href":"https:\/\/datico.com\/de\/wp-json\/wp\/v2\/users\/1"}],"replies":[{"embeddable":true,"href":"https:\/\/datico.com\/de\/wp-json\/wp\/v2\/comments?post=4582"}],"version-history":[{"count":10,"href":"https:\/\/datico.com\/de\/wp-json\/wp\/v2\/pages\/4582\/revisions"}],"predecessor-version":[{"id":5780,"href":"https:\/\/datico.com\/de\/wp-json\/wp\/v2\/pages\/4582\/revisions\/5780"}],"up":[{"embeddable":true,"href":"https:\/\/datico.com\/de\/wp-json\/wp\/v2\/pages\/3299"}],"wp:attachment":[{"href":"https:\/\/datico.com\/de\/wp-json\/wp\/v2\/media?parent=4582"}],"wp:term":[{"taxonomy":"wf_page_folders","embeddable":true,"href":"https:\/\/datico.com\/de\/wp-json\/wp\/v2\/wf_page_folders?post=4582"}],"curies":[{"name":"wp","href":"https:\/\/api.w.org\/{rel}","templated":true}]}}