{"id":4587,"date":"2026-01-03T16:18:45","date_gmt":"2026-01-03T16:18:45","guid":{"rendered":"https:\/\/datico.com\/?page_id=4587"},"modified":"2026-04-06T05:41:03","modified_gmt":"2026-04-06T05:41:03","slug":"smart-forms","status":"publish","type":"page","link":"https:\/\/datico.com\/de\/plattform\/smart-forms\/","title":{"rendered":"SMART FORMS"},"content":{"rendered":"\t\t<div data-elementor-type=\"wp-page\" data-elementor-id=\"4587\" class=\"elementor elementor-4587\" data-elementor-post-type=\"page\">\n\t\t\t\t<div class=\"elementor-element elementor-element-4625fb5 e-flex e-con-boxed e-con e-parent\" data-id=\"4625fb5\" data-element_type=\"container\" data-e-type=\"container\" data-settings=\"{&quot;background_background&quot;:&quot;classic&quot;}\">\n\t\t\t\t\t<div class=\"e-con-inner\">\n\t\t<div class=\"elementor-element elementor-element-5cc513c e-flex e-con-boxed e-con e-child\" data-id=\"5cc513c\" data-element_type=\"container\" data-e-type=\"container\">\n\t\t\t\t\t<div class=\"e-con-inner\">\n\t\t\t\t<div class=\"elementor-element elementor-element-9002d91 elementor-widget__width-initial elementor-widget elementor-widget-heading\" data-id=\"9002d91\" data-element_type=\"widget\" data-e-type=\"widget\" data-widget_type=\"heading.default\">\n\t\t\t\t<div class=\"elementor-widget-container\">\n\t\t\t\t\t<h2 class=\"elementor-heading-title elementor-size-default\">Smart Forms<\/h2>\t\t\t\t<\/div>\n\t\t\t\t<\/div>\n\t\t\t\t<div class=\"elementor-element elementor-element-d599603 elementor-widget__width-initial elementor-widget-laptop__width-initial elementor-widget-tablet_extra__width-initial elementor-widget-tablet__width-initial elementor-widget-mobile_extra__width-initial elementor-widget elementor-widget-text-editor\" data-id=\"d599603\" data-element_type=\"widget\" data-e-type=\"widget\" data-widget_type=\"text-editor.default\">\n\t\t\t\t<div class=\"elementor-widget-container\">\n\t\t\t\t\t\t\t\t\t<p><strong>Individuelle Formulare. Intelligente Daten. Maximale Flexibilit\u00e4t.<br \/><\/strong>Mit den Datico<sup>\u00ae<\/sup> Smart Forms lassen sich individuelle Checklisten und Formulare erstellen, die exakt auf Ihre Erhebungsbedarfe abgestimmt sind \u2013 automatisiert auswertbar und direkt im LIFE HUB verf\u00fcgbar, egal ob f\u00fcr klinische Assessments, sportmedizinische Screenings oder Einsatzvorbereitungen.<\/p>\t\t\t\t\t\t\t\t<\/div>\n\t\t\t\t<\/div>\n\t\t\t\t\t<\/div>\n\t\t\t\t<\/div>\n\t\t\t\t\t<\/div>\n\t\t\t\t<\/div>\n\t\t<div class=\"elementor-element elementor-element-c6867b5 e-flex e-con-boxed e-con e-parent\" data-id=\"c6867b5\" data-element_type=\"container\" data-e-type=\"container\">\n\t\t\t\t\t<div class=\"e-con-inner\">\n\t\t<div class=\"elementor-element elementor-element-9e52dfd e-flex e-con-boxed e-con e-child\" data-id=\"9e52dfd\" data-element_type=\"container\" data-e-type=\"container\">\n\t\t\t\t\t<div class=\"e-con-inner\">\n\t\t\t\t<div class=\"elementor-element elementor-element-d6f34d1 elementor-widget elementor-widget-text-editor\" data-id=\"d6f34d1\" data-element_type=\"widget\" data-e-type=\"widget\" data-widget_type=\"text-editor.default\">\n\t\t\t\t<div class=\"elementor-widget-container\">\n\t\t\t\t\t\t\t\t\t<p><a href=\"\/\">Home<\/a> | <a href=\"https:\/\/datico.com\/de\/plattform\/\">Plattform<\/a> | <a href=\"https:\/\/datico.com\/de\/plattform\/technologie\/\">Technologie <\/a>| Smart Forms<\/p>\t\t\t\t\t\t\t\t<\/div>\n\t\t\t\t<\/div>\n\t\t\t\t\t<\/div>\n\t\t\t\t<\/div>\n\t\t\t\t\t<\/div>\n\t\t\t\t<\/div>\n\t\t<div class=\"elementor-element elementor-element-522e591 e-flex e-con-boxed e-con e-parent\" data-id=\"522e591\" data-element_type=\"container\" data-e-type=\"container\" data-settings=\"{&quot;background_background&quot;:&quot;classic&quot;}\">\n\t\t\t\t\t<div class=\"e-con-inner\">\n\t\t<div class=\"elementor-element elementor-element-d60c340 e-con-full e-flex e-con e-child\" data-id=\"d60c340\" data-element_type=\"container\" data-e-type=\"container\">\n\t\t\t\t<div class=\"elementor-element elementor-element-4304f38 elementor-widget elementor-widget-heading\" data-id=\"4304f38\" data-element_type=\"widget\" data-e-type=\"widget\" data-widget_type=\"heading.default\">\n\t\t\t\t<div class=\"elementor-widget-container\">\n\t\t\t\t\t<h2 class=\"elementor-heading-title elementor-size-default\">Individuelle Formulare. Intelligente Abfragen. Strukturierte Daten.<\/h2>\t\t\t\t<\/div>\n\t\t\t\t<\/div>\n\t\t\t\t<div class=\"elementor-element elementor-element-d7b0608 elementor-widget elementor-widget-heading\" data-id=\"d7b0608\" data-element_type=\"widget\" data-e-type=\"widget\" data-widget_type=\"heading.default\">\n\t\t\t\t<div class=\"elementor-widget-container\">\n\t\t\t\t\t<h2 class=\"elementor-heading-title elementor-size-default\">Datico<sup>\u00ae<\/sup> Smart Forms<\/h2>\t\t\t\t<\/div>\n\t\t\t\t<\/div>\n\t\t<div class=\"elementor-element elementor-element-29013d7 e-grid e-con-full e-con e-child\" data-id=\"29013d7\" data-element_type=\"container\" data-e-type=\"container\">\n\t\t<div class=\"elementor-element elementor-element-20e2e7b e-con-full e-flex e-con e-child\" data-id=\"20e2e7b\" data-element_type=\"container\" data-e-type=\"container\">\n\t\t\t\t<div class=\"elementor-element elementor-element-29852c4 elementor-widget__width-initial elementor-widget elementor-widget-text-editor\" data-id=\"29852c4\" data-element_type=\"widget\" data-e-type=\"widget\" data-widget_type=\"text-editor.default\">\n\t\t\t\t<div class=\"elementor-widget-container\">\n\t\t\t\t\t\t\t\t\t<p>Mit den Datico<sup>\u00ae<\/sup> Smart Forms erfassen Sie genau die Informationen, die Sie brauchen \u2013 dynamisch, automatisiert und direkt im Datico<sup>\u00ae<\/sup> LIFE HUB auswertbar.<\/p><p><strong>Flexibilit\u00e4t f\u00fcr jede Situation.<\/strong><br \/>Egal ob medizinisches Assessment, sportliche Anamnese oder Einsatzvorbereitung \u2013 mit Smart Forms erstellen Sie exakt die Formulare, die Sie ben\u00f6tigen.<\/p><p><strong>Daten, die mehr k\u00f6nnen.<\/strong><br \/>Dank standardisierter Struktur und intelligenter Logik sind die erfassten Daten sofort auswertbar \u2013 individuell, vergleichbar und durchgehend nachvollziehbar.<\/p><p><strong>Weniger Papier, mehr Effizienz.<\/strong><br \/>Smart Forms ersetzen manuelle Erhebungen durch digitale, mobil nutzbare Formulare \u2013 mit automatischer Speicherung im Datico Live Hub.<\/p><p><strong>Einfach anpassbar und jederzeit erweiterbar.<\/strong><br \/>Neue Anforderungen? Neue Inhalte? Smart Forms lassen sich jederzeit per Editor anpassen \u2013 ganz ohne Programmierkenntnisse.<\/p>\t\t\t\t\t\t\t\t<\/div>\n\t\t\t\t<\/div>\n\t\t\t\t<\/div>\n\t\t<div class=\"elementor-element elementor-element-6550ccd e-con-full e-flex e-con e-child\" data-id=\"6550ccd\" data-element_type=\"container\" data-e-type=\"container\">\n\t\t\t\t<div class=\"elementor-element elementor-element-67e7945 elementor-widget__width-initial elementor-widget elementor-widget-text-editor\" data-id=\"67e7945\" data-element_type=\"widget\" data-e-type=\"widget\" data-widget_type=\"text-editor.default\">\n\t\t\t\t<div class=\"elementor-widget-container\">\n\t\t\t\t\t\t\t\t\t<p data-start=\"448\" data-end=\"558\"><strong data-start=\"448\" data-end=\"473\">\ud83d\udcdd Formulare nach Ma\u00df<\/strong><br data-start=\"473\" data-end=\"476\" \/>Individuelle Checklisten und Eingabemasken \u2013 genau auf Ihren Bedarf zugeschnitten.<\/p><p data-start=\"560\" data-end=\"670\"><strong data-start=\"560\" data-end=\"586\">\ud83d\udd00 Dynamische Abfragen<\/strong><br data-start=\"586\" data-end=\"589\" \/>Intelligente Logikfelder erm\u00f6glichen kontextbezogene Fragen und adaptive Abl\u00e4ufe.<\/p><p data-start=\"672\" data-end=\"775\"><strong data-start=\"672\" data-end=\"705\">\ud83d\udcca Standardisierte Auswertung<\/strong><br data-start=\"705\" data-end=\"708\" \/>Alle Eingaben landen strukturiert im LIFE HUB \u2013 bereit zur Analyse.<\/p><p data-start=\"777\" data-end=\"869\"><strong data-start=\"777\" data-end=\"802\">\ud83d\uddbc\ufe0f Medienintegration<\/strong><br data-start=\"802\" data-end=\"805\" \/>Erg\u00e4nzen Sie Ihre Formulare mit Bildern, Videos oder Dokumenten.<\/p><p data-start=\"871\" data-end=\"985\"><strong data-start=\"871\" data-end=\"906\">\ud83d\udcf1 Nutzung auf allen Endger\u00e4ten<\/strong><br data-start=\"906\" data-end=\"909\" \/>Formulare k\u00f6nnen webbasiert oder \u00fcber die Datico Live App ausgef\u00fcllt werden.<\/p>\t\t\t\t\t\t\t\t<\/div>\n\t\t\t\t<\/div>\n\t\t\t\t<\/div>\n\t\t\t\t<\/div>\n\t\t\t\t<\/div>\n\t\t\t\t\t<\/div>\n\t\t\t\t<\/div>\n\t\t\t\t<\/div>\n\t\t","protected":false},"excerpt":{"rendered":"<p>Smart Forms Individuelle Formulare. Intelligente Daten. Maximale Flexibilit\u00e4t.Mit den Datico\u00ae Smart Forms lassen sich individuelle Checklisten und Formulare erstellen, die exakt auf Ihre Erhebungsbedarfe abgestimmt sind \u2013 automatisiert auswertbar und direkt im LIFE HUB verf\u00fcgbar, egal ob f\u00fcr klinische Assessments, sportmedizinische Screenings oder Einsatzvorbereitungen. Home | Plattform | Technologie | Smart Forms Individuelle Formulare. Intelligente&hellip;&nbsp;<a href=\"https:\/\/datico.com\/de\/plattform\/smart-forms\/\" rel=\"bookmark\">Weiterlesen &raquo;<span class=\"screen-reader-text\">SMART FORMS<\/span><\/a><\/p>\n","protected":false},"author":1,"featured_media":0,"parent":3299,"menu_order":7,"comment_status":"closed","ping_status":"closed","template":"page-templates\/template-pagebuilder-full-width.php","meta":{"neve_meta_sidebar":"","neve_meta_container":"","neve_meta_enable_content_width":"","neve_meta_content_width":0,"neve_meta_title_alignment":"","neve_meta_author_avatar":"","neve_post_elements_order":"","neve_meta_disable_header":"","neve_meta_disable_footer":"","neve_meta_disable_title":"","footnotes":""},"wf_page_folders":[77],"class_list":["post-4587","page","type-page","status-publish","hentry"],"_links":{"self":[{"href":"https:\/\/datico.com\/de\/wp-json\/wp\/v2\/pages\/4587","targetHints":{"allow":["GET"]}}],"collection":[{"href":"https:\/\/datico.com\/de\/wp-json\/wp\/v2\/pages"}],"about":[{"href":"https:\/\/datico.com\/de\/wp-json\/wp\/v2\/types\/page"}],"author":[{"embeddable":true,"href":"https:\/\/datico.com\/de\/wp-json\/wp\/v2\/users\/1"}],"replies":[{"embeddable":true,"href":"https:\/\/datico.com\/de\/wp-json\/wp\/v2\/comments?post=4587"}],"version-history":[{"count":10,"href":"https:\/\/datico.com\/de\/wp-json\/wp\/v2\/pages\/4587\/revisions"}],"predecessor-version":[{"id":5776,"href":"https:\/\/datico.com\/de\/wp-json\/wp\/v2\/pages\/4587\/revisions\/5776"}],"up":[{"embeddable":true,"href":"https:\/\/datico.com\/de\/wp-json\/wp\/v2\/pages\/3299"}],"wp:attachment":[{"href":"https:\/\/datico.com\/de\/wp-json\/wp\/v2\/media?parent=4587"}],"wp:term":[{"taxonomy":"wf_page_folders","embeddable":true,"href":"https:\/\/datico.com\/de\/wp-json\/wp\/v2\/wf_page_folders?post=4587"}],"curies":[{"name":"wp","href":"https:\/\/api.w.org\/{rel}","templated":true}]}}