{"id":6409,"date":"2026-04-09T17:28:16","date_gmt":"2026-04-09T17:28:16","guid":{"rendered":"https:\/\/datico.com\/?page_id=6409"},"modified":"2026-04-09T18:03:08","modified_gmt":"2026-04-09T18:03:08","slug":"anfrage-hersteller","status":"publish","type":"page","link":"https:\/\/datico.com\/de\/anfrage-hersteller\/","title":{"rendered":"Anfrage Hersteller"},"content":{"rendered":"\t\t<div data-elementor-type=\"wp-page\" data-elementor-id=\"6409\" class=\"elementor elementor-6409\" data-elementor-post-type=\"page\">\n\t\t\t\t<div class=\"elementor-element elementor-element-90e587b e-flex e-con-boxed e-con e-parent\" data-id=\"90e587b\" data-element_type=\"container\" data-e-type=\"container\" data-settings=\"{&quot;background_background&quot;:&quot;classic&quot;}\">\n\t\t\t\t\t<div class=\"e-con-inner\">\n\t\t<div class=\"elementor-element elementor-element-f090c69 e-flex e-con-boxed e-con e-child\" data-id=\"f090c69\" data-element_type=\"container\" data-e-type=\"container\">\n\t\t\t\t\t<div class=\"e-con-inner\">\n\t\t\t\t<div class=\"elementor-element elementor-element-2abd382 elementor-widget__width-initial elementor-widget-tablet_extra__width-initial elementor-widget elementor-widget-heading\" data-id=\"2abd382\" data-element_type=\"widget\" data-e-type=\"widget\" data-widget_type=\"heading.default\">\n\t\t\t\t<div class=\"elementor-widget-container\">\n\t\t\t\t\t<h2 class=\"elementor-heading-title elementor-size-default\">Werden Sie Teil des Datico<sup style=\"font-size: 0.55em;line-height: 0;vertical-align: 0.6em\">\u00ae<\/sup> \u00d6kosystems<\/h2>\t\t\t\t<\/div>\n\t\t\t\t<\/div>\n\t\t\t\t<div class=\"elementor-element elementor-element-43eb5c0 elementor-widget__width-initial elementor-widget-laptop__width-initial elementor-widget-tablet_extra__width-initial elementor-widget-tablet__width-initial elementor-widget-mobile_extra__width-initial elementor-widget elementor-widget-text-editor\" data-id=\"43eb5c0\" data-element_type=\"widget\" data-e-type=\"widget\" data-widget_type=\"text-editor.default\">\n\t\t\t\t<div class=\"elementor-widget-container\">\n\t\t\t\t\t\t\t\t\t<p><strong>Verbinden Sie Ihre Systeme, Ger\u00e4te und Daten nahtlos mit dem Datico<sup style=\"font-size: 0.55em; line-height: 0; vertical-align: 0.6em;\">\u00ae<\/sup> LIFE HUB.<\/strong><\/p><p>Schaffen Sie Interoperabilit\u00e4t, erschlie\u00dfen Sie neue Anwendungsfelder und machen Sie Ihre L\u00f6sungen direkt in klinischen, sportwissenschaftlichen und forschungsnahen Umgebungen verf\u00fcgbar.<\/p>\t\t\t\t\t\t\t\t<\/div>\n\t\t\t\t<\/div>\n\t\t\t\t\t<\/div>\n\t\t\t\t<\/div>\n\t\t\t\t\t<\/div>\n\t\t\t\t<\/div>\n\t\t<div class=\"elementor-element elementor-element-987eb90 e-flex e-con-boxed e-con e-parent\" data-id=\"987eb90\" data-element_type=\"container\" data-e-type=\"container\">\n\t\t\t\t\t<div class=\"e-con-inner\">\n\t\t<div class=\"elementor-element elementor-element-4ed69df e-flex e-con-boxed e-con e-child\" data-id=\"4ed69df\" data-element_type=\"container\" data-e-type=\"container\">\n\t\t\t\t\t<div class=\"e-con-inner\">\n\t\t\t\t<div class=\"elementor-element elementor-element-1bc8fcf elementor-widget elementor-widget-text-editor\" data-id=\"1bc8fcf\" data-element_type=\"widget\" data-e-type=\"widget\" data-widget_type=\"text-editor.default\">\n\t\t\t\t<div class=\"elementor-widget-container\">\n\t\t\t\t\t\t\t\t\t<p><a href=\"\/\">Home<\/a> | Kontakt | Kompatibler Hersteller werden<\/p>\t\t\t\t\t\t\t\t<\/div>\n\t\t\t\t<\/div>\n\t\t\t\t\t<\/div>\n\t\t\t\t<\/div>\n\t\t\t\t\t<\/div>\n\t\t\t\t<\/div>\n\t\t<div class=\"elementor-element elementor-element-43e47a5 e-flex e-con-boxed e-con e-parent\" data-id=\"43e47a5\" data-element_type=\"container\" data-e-type=\"container\">\n\t\t\t\t\t<div class=\"e-con-inner\">\n\t\t\t\t<div class=\"elementor-element elementor-element-161af29 elementor-widget elementor-widget-heading\" data-id=\"161af29\" data-element_type=\"widget\" data-e-type=\"widget\" data-widget_type=\"heading.default\">\n\t\t\t\t<div class=\"elementor-widget-container\">\n\t\t\t\t\t<h2 class=\"elementor-heading-title elementor-size-default\">Flexible Integration und skalierbare Interoperabilit\u00e4t<\/h2>\t\t\t\t<\/div>\n\t\t\t\t<\/div>\n\t\t\t\t<div class=\"elementor-element elementor-element-67a0b04 elementor-widget elementor-widget-text-editor\" data-id=\"67a0b04\" data-element_type=\"widget\" data-e-type=\"widget\" data-widget_type=\"text-editor.default\">\n\t\t\t\t<div class=\"elementor-widget-container\">\n\t\t\t\t\t\t\t\t\t<p data-section-id=\"y6s8ks\" data-start=\"480\" data-end=\"545\"><span role=\"text\"><strong data-start=\"483\" data-end=\"545\"><br>Individuelle Integrationswege f\u00fcr jede Systemlandschaft<\/strong><\/span><\/p>\n<p data-start=\"547\" data-end=\"753\">Hersteller k\u00f6nnen ihre Systeme auf unterschiedlichen Wegen an den <strong>Datico<sup style=\"font-size: 0.55em; line-height: 0; vertical-align: 0.6em;\">\u00ae<\/sup> LIFE HUB<\/strong> anbinden \u2013 abh\u00e4ngig von technischer Ausgangssituation, Systemarchitektur und den Anforderungen im jeweiligen Kundenprojekt.<\/p>\n<p data-section-id=\"1yle47z\" data-start=\"760\" data-end=\"822\"><span role=\"text\"><strong data-start=\"763\" data-end=\"822\">Standardisierte Anbindung \u00fcber die Datico<sup style=\"font-size: 0.55em; line-height: 0; vertical-align: 0.6em;\">\u00ae<\/sup> Smart API<\/strong><\/span><\/p>\n<p data-start=\"824\" data-end=\"912\">Der empfohlene und standardisierte Weg ist die Anbindung \u00fcber die <strong>Datico<sup style=\"font-size: 0.55em; line-height: 0; vertical-align: 0.6em;\">\u00ae<\/sup> <\/strong><strong data-start=\"890\" data-end=\"911\">Smart API<\/strong>.<\/p>\n<p data-start=\"914\" data-end=\"1067\">Diese erm\u00f6glicht einen sicheren, skalierbaren und vollst\u00e4ndig kontrollierten Datenaustausch mit dem <strong>Datico<sup style=\"font-size: 0.55em; line-height: 0; vertical-align: 0.6em;\">\u00ae<\/sup> LIFE HUB<\/strong> und \/ oder der <strong>Datico<sup style=\"font-size: 0.55em; line-height: 0; vertical-align: 0.6em;\">\u00ae<\/sup> Live Control.<\/strong><\/p>\n<p data-start=\"1069\" data-end=\"1134\">\u00dcber die Datico<sup style=\"font-size: 0.55em; line-height: 0; vertical-align: 0.6em;\">\u00ae<\/sup> Smart API lassen sich unter anderem realisieren:<\/p>\n<ul data-start=\"1136\" data-end=\"1343\">\n<li data-section-id=\"s1lsba\" data-start=\"1136\" data-end=\"1188\">Strukturierte Daten\u00fcbertragung und -verarbeitung<\/li>\n<li data-section-id=\"1ekalb3\" data-start=\"1189\" data-end=\"1239\">Bidirektionale Kommunikation zwischen Systemen<\/li>\n<li data-section-id=\"1xnjq7e\" data-start=\"1240\" data-end=\"1287\">Sichere und datenschutzkonforme Integration<\/li>\n<li data-section-id=\"sxgey3\" data-start=\"1288\" data-end=\"1343\">Nahtlose Einbindung in die Datico<sup style=\"font-size: 0.55em; line-height: 0; vertical-align: 0.6em;\">\u00ae<\/sup>-Datenarchitektur<br><br><\/li>\n<\/ul>\n<p data-start=\"1345\" data-end=\"1452\">Die API-Dokumentation sowie der Zugang werden interessierten Herstellern kostenfrei zur Verf\u00fcgung gestellt.<\/p>\n<p data-section-id=\"cy483a\" data-start=\"1459\" data-end=\"1520\"><span role=\"text\"><strong data-start=\"1462\" data-end=\"1520\">Kompatibilit\u00e4t als strategischer Wettbewerbsvorteil<\/strong><\/span><\/p>\n<p data-start=\"1522\" data-end=\"1605\">Die Anbindung an Datico<sup style=\"font-size: 0.55em; line-height: 0; vertical-align: 0.6em;\">\u00ae<\/sup> erm\u00f6glicht Herstellern eine skalierbare Interoperabilit\u00e4t:<\/p>\n<p data-start=\"1607\" data-end=\"1799\">Einmal integriert, wird Ihr System \u00fcber den Datico<sup style=\"font-size: 0.55em; line-height: 0; vertical-align: 0.6em;\">\u00ae<\/sup> LIFE HUB mit einer Vielzahl weiterer Systeme kompatibel \u2013 einschlie\u00dflich Managementsystemen wie Krankenhaus- und Praxisinformationssystemen.<\/p>\n<p data-start=\"1801\" data-end=\"1980\">Als zentrale Integrations- und \u00dcbersetzungsschicht verbindet Datico<sup style=\"font-size: 0.55em; line-height: 0; vertical-align: 0.6em;\">\u00ae<\/sup> unterschiedliche Datenformate und Schnittstellenstandards (z. B. HL7, FHIR, DICOM) und macht Ihre Daten damit:<\/p>\n<ul data-start=\"1982\" data-end=\"2096\">\n<li data-section-id=\"18azkhq\" data-start=\"1982\" data-end=\"2006\">strukturiert nutzbar<\/li>\n<li data-section-id=\"1dg1n9d\" data-start=\"2007\" data-end=\"2030\">KI-f\u00e4hig auswertbar<\/li>\n<li data-section-id=\"1tb12hs\" data-start=\"2031\" data-end=\"2096\">eindeutig Personen zuordenbar (z. B. Athleten oder Patienten)<\/li>\n<\/ul>\n<p data-start=\"2098\" data-end=\"2237\"><br>Gleichzeitig k\u00f6nnen Ihre Daten nahtlos mit anderen Datenquellen kombiniert und in \u00fcbergreifenden Anwendungsf\u00e4llen weiterverarbeitet werden.<\/p>\n<p data-section-id=\"iy13vp\" data-start=\"2244\" data-end=\"2287\"><span role=\"text\"><strong data-start=\"2247\" data-end=\"2287\">Weitere Integrationsm\u00f6glichkeiten<\/strong><\/span><\/p>\n<p data-start=\"2289\" data-end=\"2396\">Neben der Anbindung \u00fcber die Datico<sup style=\"font-size: 0.55em; line-height: 0; vertical-align: 0.6em;\">\u00ae<\/sup> Smart API unterst\u00fctzt Datico<sup style=\"font-size: 0.55em; line-height: 0; vertical-align: 0.6em;\">\u00ae<\/sup> weitere Integrationswege, unter anderem:<\/p>\n<ul data-start=\"2398\" data-end=\"2616\">\n<li data-section-id=\"1to0a2g\" data-start=\"2398\" data-end=\"2437\">Nutzung bestehender Hersteller-APIs<\/li>\n<li data-section-id=\"1avb1jg\" data-start=\"2438\" data-end=\"2489\">Individuelle, projektspezifische Schnittstellen<\/li>\n<li data-section-id=\"1enyfe3\" data-start=\"2490\" data-end=\"2550\">Standardisierte Protokolle wie HL7, FHIR, DICOM oder GDT<\/li>\n<li data-section-id=\"24e84i\" data-start=\"2551\" data-end=\"2616\">Ger\u00e4teschnittstellen (z. B. Bluetooth, ANT+, IoT-Anbindungen)<\/li>\n<\/ul>\n<p data-start=\"2618\" data-end=\"2751\"><br>Die Auswahl des optimalen Integrationsansatzes erfolgt stets projektspezifisch und in enger Abstimmung mit dem jeweiligen Hersteller.<\/p>\t\t\t\t\t\t\t\t<\/div>\n\t\t\t\t<\/div>\n\t\t\t\t\t<\/div>\n\t\t\t\t<\/div>\n\t\t<div class=\"elementor-element elementor-element-152c7c6 e-flex e-con-boxed e-con e-parent\" data-id=\"152c7c6\" data-element_type=\"container\" data-e-type=\"container\">\n\t\t\t\t\t<div class=\"e-con-inner\">\n\t\t\t\t<div class=\"elementor-element elementor-element-0bd4589 elementor-button-align-stretch elementor-widget elementor-widget-form\" data-id=\"0bd4589\" data-element_type=\"widget\" data-e-type=\"widget\" data-settings=\"{&quot;step_next_label&quot;:&quot;N\\u00e4chster&quot;,&quot;step_previous_label&quot;:&quot;Voriger&quot;,&quot;button_width&quot;:&quot;100&quot;,&quot;step_type&quot;:&quot;number_text&quot;,&quot;step_icon_shape&quot;:&quot;circle&quot;}\" data-widget_type=\"form.default\">\n\t\t\t\t<div class=\"elementor-widget-container\">\n\t\t\t\t\t\t\t<form class=\"elementor-form\" method=\"post\" name=\"Neues Formular\" aria-label=\"Neues Formular\">\n\t\t\t<input type=\"hidden\" name=\"post_id\" value=\"6409\"\/>\n\t\t\t<input type=\"hidden\" name=\"form_id\" value=\"0bd4589\"\/>\n\t\t\t<input type=\"hidden\" name=\"referer_title\" value=\"Anfrage Hersteller - Datico Sport &amp; Health\" \/>\n\n\t\t\t\t\t\t\t<input type=\"hidden\" name=\"queried_id\" value=\"6409\"\/>\n\t\t\t\n\t\t\t<div class=\"elementor-form-fields-wrapper elementor-labels-above\">\n\t\t\t\t\t\t\t\t<div class=\"elementor-field-type-text elementor-field-group elementor-column elementor-field-group-field_7e97539 elementor-col-100\">\n\t\t\t\t\t\t\t\t\t\t\t\t<label for=\"form-field-field_7e97539\" class=\"elementor-field-label\">\n\t\t\t\t\t\t\t\tUnternehmen\t\t\t\t\t\t\t<\/label>\n\t\t\t\t\t\t\t\t\t\t\t\t\t\t<input size=\"1\" type=\"text\" name=\"form_fields[field_7e97539]\" id=\"form-field-field_7e97539\" class=\"elementor-field elementor-size-sm  elementor-field-textual\" placeholder=\"Name Ihres Unternehmens\">\n\t\t\t\t\t\t\t\t\t\t\t<\/div>\n\t\t\t\t\t\t\t\t<div class=\"elementor-field-type-text elementor-field-group elementor-column elementor-field-group-name elementor-col-100\">\n\t\t\t\t\t\t\t\t\t\t\t\t<label for=\"form-field-name\" class=\"elementor-field-label\">\n\t\t\t\t\t\t\t\tName\t\t\t\t\t\t\t<\/label>\n\t\t\t\t\t\t\t\t\t\t\t\t\t\t<input size=\"1\" type=\"text\" name=\"form_fields[name]\" id=\"form-field-name\" class=\"elementor-field elementor-size-sm  elementor-field-textual\" placeholder=\"Name\">\n\t\t\t\t\t\t\t\t\t\t\t<\/div>\n\t\t\t\t\t\t\t\t<div class=\"elementor-field-type-email elementor-field-group elementor-column elementor-field-group-email elementor-col-100 elementor-field-required\">\n\t\t\t\t\t\t\t\t\t\t\t\t<label for=\"form-field-email\" class=\"elementor-field-label\">\n\t\t\t\t\t\t\t\tE-Mail-Adresse\t\t\t\t\t\t\t<\/label>\n\t\t\t\t\t\t\t\t\t\t\t\t\t\t<input size=\"1\" type=\"email\" name=\"form_fields[email]\" id=\"form-field-email\" class=\"elementor-field elementor-size-sm  elementor-field-textual\" placeholder=\"Ihre E-Mail-Adresse\" required=\"required\">\n\t\t\t\t\t\t\t\t\t\t\t<\/div>\n\t\t\t\t\t\t\t\t<div class=\"elementor-field-type-tel elementor-field-group elementor-column elementor-field-group-field_465c523 elementor-col-100\">\n\t\t\t\t\t\t\t\t\t\t\t\t<label for=\"form-field-field_465c523\" class=\"elementor-field-label\">\n\t\t\t\t\t\t\t\tTelefonnummer\t\t\t\t\t\t\t<\/label>\n\t\t\t\t\t\t\t\t<input size=\"1\" type=\"tel\" name=\"form_fields[field_465c523]\" id=\"form-field-field_465c523\" class=\"elementor-field elementor-size-sm  elementor-field-textual\" placeholder=\"Ihre Telefonnummer f\u00fcr R\u00fcckfragen\" pattern=\"[0-9()#&amp;+*-=.]+\" title=\"Nur Nummern oder Telefon-Zeichen (#, -, *, etc) werden akzeptiert.\">\n\n\t\t\t\t\t\t<\/div>\n\t\t\t\t\t\t\t\t<div class=\"elementor-field-type-text elementor-field-group elementor-column elementor-field-group-field_d73095a elementor-col-100\">\n\t\t\t\t\t\t\t\t\t\t\t\t<label for=\"form-field-field_d73095a\" class=\"elementor-field-label\">\n\t\t\t\t\t\t\t\tWebsite\t\t\t\t\t\t\t<\/label>\n\t\t\t\t\t\t\t\t\t\t\t\t\t\t<input size=\"1\" type=\"text\" name=\"form_fields[field_d73095a]\" id=\"form-field-field_d73095a\" class=\"elementor-field elementor-size-sm  elementor-field-textual\" placeholder=\"Website-Adresse Ihres Unternehmens\">\n\t\t\t\t\t\t\t\t\t\t\t<\/div>\n\t\t\t\t\t\t\t\t<div class=\"elementor-field-type-select elementor-field-group elementor-column elementor-field-group-field_ebf52f6 elementor-col-100\">\n\t\t\t\t\t\t\t\t\t\t\t\t<label for=\"form-field-field_ebf52f6\" class=\"elementor-field-label\">\n\t\t\t\t\t\t\t\tIhr Systemtyp\t\t\t\t\t\t\t<\/label>\n\t\t\t\t\t\t\t\t<div class=\"elementor-field elementor-select-wrapper remove-before \">\n\t\t\t<div class=\"select-caret-down-wrapper\">\n\t\t\t\t<i aria-hidden=\"true\" class=\"eicon-caret-down\"><\/i>\t\t\t<\/div>\n\t\t\t<select name=\"form_fields[field_ebf52f6]\" id=\"form-field-field_ebf52f6\" class=\"elementor-field-textual elementor-size-sm\">\n\t\t\t\t\t\t\t\t\t<option value=\"\"><\/option>\n\t\t\t\t\t\t\t\t\t<option value=\"Medizinprodukt\">Medizinprodukt<\/option>\n\t\t\t\t\t\t\t\t\t<option value=\"Wearable\">Wearable<\/option>\n\t\t\t\t\t\t\t\t\t<option value=\"Diagnostiksystem\">Diagnostiksystem<\/option>\n\t\t\t\t\t\t\t\t\t<option value=\"Trainingsger\u00e4t\">Trainingsger\u00e4t<\/option>\n\t\t\t\t\t\t\t\t\t<option value=\"Softwareplattform\">Softwareplattform<\/option>\n\t\t\t\t\t\t\t\t\t<option value=\"Sonstiges\">Sonstiges<\/option>\n\t\t\t\t\t\t\t<\/select>\n\t\t<\/div>\n\t\t\t\t\t\t<\/div>\n\t\t\t\t\t\t\t\t<div class=\"elementor-field-type-textarea elementor-field-group elementor-column elementor-field-group-message elementor-col-100\">\n\t\t\t\t\t\t\t\t\t\t\t\t<label for=\"form-field-message\" class=\"elementor-field-label\">\n\t\t\t\t\t\t\t\tName(n) und kurze Beschreibung(en) Ihres Systems \/ Ihrer Systeme\t\t\t\t\t\t\t<\/label>\n\t\t\t\t\t\t<textarea class=\"elementor-field-textual elementor-field  elementor-size-sm\" name=\"form_fields[message]\" id=\"form-field-message\" rows=\"4\" placeholder=\"Ihre Systembeschreibung\"><\/textarea>\t\t\t\t<\/div>\n\t\t\t\t\t\t\t\t<div class=\"elementor-field-type-select elementor-field-group elementor-column elementor-field-group-field_f50691e elementor-col-100\">\n\t\t\t\t\t\t\t\t\t\t\t\t<label for=\"form-field-field_f50691e\" class=\"elementor-field-label\">\n\t\t\t\t\t\t\t\tBereits unterst\u00fctzte Schnittstellen\t\t\t\t\t\t\t<\/label>\n\t\t\t\t\t\t\t\t<div class=\"elementor-field elementor-select-wrapper remove-before \">\n\t\t\t<div class=\"select-caret-down-wrapper\">\n\t\t\t\t<i aria-hidden=\"true\" class=\"eicon-caret-down\"><\/i>\t\t\t<\/div>\n\t\t\t<select name=\"form_fields[field_f50691e]\" id=\"form-field-field_f50691e\" class=\"elementor-field-textual elementor-size-sm\">\n\t\t\t\t\t\t\t\t\t<option value=\"\"><\/option>\n\t\t\t\t\t\t\t\t\t<option value=\"REST API\">REST API<\/option>\n\t\t\t\t\t\t\t\t\t<option value=\"HL7\">HL7<\/option>\n\t\t\t\t\t\t\t\t\t<option value=\"FHIR\">FHIR<\/option>\n\t\t\t\t\t\t\t\t\t<option value=\"DICOM\">DICOM<\/option>\n\t\t\t\t\t\t\t\t\t<option value=\"GDT\">GDT<\/option>\n\t\t\t\t\t\t\t\t\t<option value=\"Bluetooth \/ ANT+\">Bluetooth \/ ANT+<\/option>\n\t\t\t\t\t\t\t\t\t<option value=\"Datei-basiert (CSV, XML, JSON)\">Datei-basiert (CSV, XML, JSON)<\/option>\n\t\t\t\t\t\t\t\t\t<option value=\"Sonstige\">Sonstige<\/option>\n\t\t\t\t\t\t\t<\/select>\n\t\t<\/div>\n\t\t\t\t\t\t<\/div>\n\t\t\t\t\t\t\t\t<div class=\"elementor-field-type-textarea elementor-field-group elementor-column elementor-field-group-field_f6862a8 elementor-col-100\">\n\t\t\t\t\t\t\t\t\t\t\t\t<label for=\"form-field-field_f6862a8\" class=\"elementor-field-label\">\n\t\t\t\t\t\t\t\tIhre Anmerkungen und Hinweise\t\t\t\t\t\t\t<\/label>\n\t\t\t\t\t\t<textarea class=\"elementor-field-textual elementor-field  elementor-size-sm\" name=\"form_fields[field_f6862a8]\" id=\"form-field-field_f6862a8\" rows=\"4\"><\/textarea>\t\t\t\t<\/div>\n\t\t\t\t\t\t\t\t<div class=\"elementor-field-group elementor-column elementor-field-type-submit elementor-col-100 e-form__buttons\">\n\t\t\t\t\t<button class=\"elementor-button elementor-size-sm\" type=\"submit\">\n\t\t\t\t\t\t<span class=\"elementor-button-content-wrapper\">\n\t\t\t\t\t\t\t\t\t\t\t\t\t\t\t\t\t\t\t\t\t\t<span class=\"elementor-button-text\">Senden<\/span>\n\t\t\t\t\t\t\t\t\t\t\t\t\t<\/span>\n\t\t\t\t\t<\/button>\n\t\t\t\t<\/div>\n\t\t\t<\/div>\n\t\t<\/form>\n\t\t\t\t\t\t<\/div>\n\t\t\t\t<\/div>\n\t\t\t\t\t<\/div>\n\t\t\t\t<\/div>\n\t\t\t\t<\/div>\n\t\t","protected":false},"excerpt":{"rendered":"<p>Werden Sie Teil des Datico\u00ae \u00d6kosystems Verbinden Sie Ihre Systeme, Ger\u00e4te und Daten nahtlos mit dem Datico\u00ae LIFE HUB. Schaffen Sie Interoperabilit\u00e4t, erschlie\u00dfen Sie neue Anwendungsfelder und machen Sie Ihre L\u00f6sungen direkt in klinischen, sportwissenschaftlichen und forschungsnahen Umgebungen verf\u00fcgbar. Home | Kontakt | Kompatibler Hersteller werden Flexible Integration und skalierbare Interoperabilit\u00e4t Individuelle Integrationswege f\u00fcr jede&hellip;&nbsp;<a href=\"https:\/\/datico.com\/de\/anfrage-hersteller\/\" rel=\"bookmark\">Weiterlesen &raquo;<span class=\"screen-reader-text\">Anfrage Hersteller<\/span><\/a><\/p>\n","protected":false},"author":1,"featured_media":0,"parent":0,"menu_order":3,"comment_status":"closed","ping_status":"closed","template":"page-templates\/template-pagebuilder-full-width.php","meta":{"neve_meta_sidebar":"","neve_meta_container":"","neve_meta_enable_content_width":"","neve_meta_content_width":0,"neve_meta_title_alignment":"","neve_meta_author_avatar":"","neve_post_elements_order":"","neve_meta_disable_header":"","neve_meta_disable_footer":"","neve_meta_disable_title":"","footnotes":""},"wf_page_folders":[62],"class_list":["post-6409","page","type-page","status-publish","hentry"],"_links":{"self":[{"href":"https:\/\/datico.com\/de\/wp-json\/wp\/v2\/pages\/6409","targetHints":{"allow":["GET"]}}],"collection":[{"href":"https:\/\/datico.com\/de\/wp-json\/wp\/v2\/pages"}],"about":[{"href":"https:\/\/datico.com\/de\/wp-json\/wp\/v2\/types\/page"}],"author":[{"embeddable":true,"href":"https:\/\/datico.com\/de\/wp-json\/wp\/v2\/users\/1"}],"replies":[{"embeddable":true,"href":"https:\/\/datico.com\/de\/wp-json\/wp\/v2\/comments?post=6409"}],"version-history":[{"count":10,"href":"https:\/\/datico.com\/de\/wp-json\/wp\/v2\/pages\/6409\/revisions"}],"predecessor-version":[{"id":6454,"href":"https:\/\/datico.com\/de\/wp-json\/wp\/v2\/pages\/6409\/revisions\/6454"}],"wp:attachment":[{"href":"https:\/\/datico.com\/de\/wp-json\/wp\/v2\/media?parent=6409"}],"wp:term":[{"taxonomy":"wf_page_folders","embeddable":true,"href":"https:\/\/datico.com\/de\/wp-json\/wp\/v2\/wf_page_folders?post=6409"}],"curies":[{"name":"wp","href":"https:\/\/api.w.org\/{rel}","templated":true}]}}